{"id":7085,"date":"2022-07-20T15:49:13","date_gmt":"2022-07-20T13:49:13","guid":{"rendered":"https:\/\/covid-19-bilgi.de\/?page_id=7085"},"modified":"2023-02-15T11:15:50","modified_gmt":"2023-02-15T09:15:50","slug":"yedi-neden","status":"publish","type":"page","link":"https:\/\/covid-19-bilgi.de\/tr\/yedi-neden\/","title":{"rendered":"7 \u00f6nemli Neden"},"content":{"rendered":"\t\t<div data-elementor-type=\"wp-page\" data-elementor-id=\"7085\" class=\"elementor elementor-7085\">\n\t\t\t\t\t\t\t\t\t<section class=\"elementor-section elementor-top-section elementor-element elementor-element-2dc537b3 elementor-section-full_width elementor-section-height-default elementor-section-height-default\" data-id=\"2dc537b3\" data-element_type=\"section\" data-settings=\"{&quot;background_background&quot;:&quot;classic&quot;}\">\n\t\t\t\t\t\t\t<div class=\"elementor-background-overlay\"><\/div>\n\t\t\t\t\t\t\t<div class=\"elementor-container elementor-column-gap-default\">\n\t\t\t\t\t<div class=\"elementor-column elementor-col-100 elementor-top-column elementor-element elementor-element-6ed73e2d\" data-id=\"6ed73e2d\" data-element_type=\"column\">\n\t\t\t<div class=\"elementor-widget-wrap elementor-element-populated\">\n\t\t\t\t\t\t\t\t<div class=\"elementor-element elementor-element-24abcd88 elementor-widget elementor-widget-heading\" data-id=\"24abcd88\" data-element_type=\"widget\" data-widget_type=\"heading.default\">\n\t\t\t\t<div class=\"elementor-widget-container\">\n\t\t\t<h2 class=\"elementor-heading-title elementor-size-default\">A\u015f\u0131 yapt\u0131rmak i\u00e7in <\/h2>\t\t<\/div>\n\t\t\t\t<\/div>\n\t\t\t\t<div class=\"elementor-element elementor-element-59fad955 elementor-widget-divider--view-line elementor-invisible elementor-widget elementor-widget-divider\" data-id=\"59fad955\" data-element_type=\"widget\" data-settings=\"{&quot;_animation&quot;:&quot;fadeInLeft&quot;}\" data-widget_type=\"divider.default\">\n\t\t\t\t<div class=\"elementor-widget-container\">\n\t\t\t\t\t<div class=\"elementor-divider\">\n\t\t\t<span class=\"elementor-divider-separator\">\n\t\t\t\t\t\t<\/span>\n\t\t<\/div>\n\t\t\t\t<\/div>\n\t\t\t\t<\/div>\n\t\t\t\t<div class=\"elementor-element elementor-element-5be3fe7a elementor-widget elementor-widget-heading\" data-id=\"5be3fe7a\" data-element_type=\"widget\" data-widget_type=\"heading.default\">\n\t\t\t\t<div class=\"elementor-widget-container\">\n\t\t\t<h1 class=\"elementor-heading-title elementor-size-default\">7 \u00d6nemli Neden<\/h1>\t\t<\/div>\n\t\t\t\t<\/div>\n\t\t\t\t\t<\/div>\n\t\t<\/div>\n\t\t\t\t\t\t\t<\/div>\n\t\t<\/section>\n\t\t\t\t<section class=\"elementor-section elementor-top-section elementor-element elementor-element-1b78d062 elementor-section-boxed elementor-section-height-default elementor-section-height-default\" data-id=\"1b78d062\" data-element_type=\"section\" data-settings=\"{&quot;background_background&quot;:&quot;classic&quot;}\">\n\t\t\t\t\t\t<div class=\"elementor-container elementor-column-gap-default\">\n\t\t\t\t\t<div class=\"elementor-column elementor-col-100 elementor-top-column elementor-element elementor-element-6d3c71c2\" data-id=\"6d3c71c2\" data-element_type=\"column\">\n\t\t\t<div class=\"elementor-widget-wrap elementor-element-populated\">\n\t\t\t\t\t\t\t\t<div class=\"elementor-element elementor-element-776bdcc1 elementor-widget elementor-widget-spacer\" data-id=\"776bdcc1\" data-element_type=\"widget\" data-widget_type=\"spacer.default\">\n\t\t\t\t<div class=\"elementor-widget-container\">\n\t\t\t\t\t<div class=\"elementor-spacer\">\n\t\t\t<div class=\"elementor-spacer-inner\"><\/div>\n\t\t<\/div>\n\t\t\t\t<\/div>\n\t\t\t\t<\/div>\n\t\t\t\t<div class=\"elementor-element elementor-element-1c8f3110 elementor-widget elementor-widget-text-editor\" data-id=\"1c8f3110\" data-element_type=\"widget\" data-widget_type=\"text-editor.default\">\n\t\t\t\t<div class=\"elementor-widget-container\">\n\t\t\t\t\t\t\t<p>Korona a\u015f\u0131s\u0131, salg\u0131nla m\u00fccadelede \u00f6nemli bir ara\u00e7t\u0131r.<\/p>\t\t\t\t\t\t<\/div>\n\t\t\t\t<\/div>\n\t\t\t\t<div class=\"elementor-element elementor-element-6cf421ab elementor-widget elementor-widget-text-editor\" data-id=\"6cf421ab\" data-element_type=\"widget\" data-widget_type=\"text-editor.default\">\n\t\t\t\t<div class=\"elementor-widget-container\">\n\t\t\t\t\t\t\t<p>Korona a\u015f\u0131s\u0131n\u0131 hemen yapt\u0131rmaya karar vermeniz i\u00e7in 7 \u00f6nemli nedeni buradan okuyabilirsiniz.<\/p>\t\t\t\t\t\t<\/div>\n\t\t\t\t<\/div>\n\t\t\t\t<div class=\"elementor-element elementor-element-6b30215d elementor-widget elementor-widget-text-editor\" data-id=\"6b30215d\" data-element_type=\"widget\" data-widget_type=\"text-editor.default\">\n\t\t\t\t<div class=\"elementor-widget-container\">\n\t\t\t\t\t\t\t<div><ol><li>Beni koruyor. Omikrona kar\u015f\u0131 da.<\/li><\/ol><\/div>\t\t\t\t\t\t<\/div>\n\t\t\t\t<\/div>\n\t\t\t\t<div class=\"elementor-element elementor-element-34aafe9 elementor-widget elementor-widget-text-editor\" data-id=\"34aafe9\" data-element_type=\"widget\" data-widget_type=\"text-editor.default\">\n\t\t\t\t<div class=\"elementor-widget-container\">\n\t\t\t\t\t\t\t<p>Omikron dalgas\u0131 Almanya\u2019y\u0131 sard\u0131. Verilerin de g\u00f6sterdi\u011fi gibi; yap\u0131lan her a\u015f\u0131n\u0131n faydas\u0131 oluyor. Omikrona kar\u015f\u0131 da faydas\u0131 var. Daha birinci doz a\u015f\u0131 bile, hastal\u0131\u011f\u0131n a\u011f\u0131r seyretmesine kar\u015f\u0131 koruma sa\u011fl\u0131yor. Hat\u0131rlatma dozu ise, koruyucu etkiyi bir kat daha art\u0131r\u0131yor. \u00dc\u00e7\u00fcnc\u00fc dozun faydas\u0131 var.<\/p>\t\t\t\t\t\t<\/div>\n\t\t\t\t<\/div>\n\t\t\t\t<div class=\"elementor-element elementor-element-2f056695 elementor-widget elementor-widget-text-editor\" data-id=\"2f056695\" data-element_type=\"widget\" data-widget_type=\"text-editor.default\">\n\t\t\t\t<div class=\"elementor-widget-container\">\n\t\t\t\t\t\t\t<ol start=\"2\"><li>Ailemi, b\u00fcy\u00fckannemle b\u00fcy\u00fckbabam\u0131, arkada\u015flar\u0131m\u0131 koruyor &#8211; ayr\u0131ca korumaya muhta\u00e7 herkesi.<\/li><\/ol>\t\t\t\t\t\t<\/div>\n\t\t\t\t<\/div>\n\t\t\t\t<div class=\"elementor-element elementor-element-9d7b1a2 elementor-widget elementor-widget-text-editor\" data-id=\"9d7b1a2\" data-element_type=\"widget\" data-widget_type=\"text-editor.default\">\n\t\t\t\t<div class=\"elementor-widget-container\">\n\t\t\t\t\t\t\t<p>\u00d6zellikle \u00fc\u00e7\u00fcnc\u00fc doz a\u015f\u0131s\u0131n\u0131 yapt\u0131ranlar, a\u015f\u0131lanmam\u0131\u015f ki\u015filere oranla hastal\u0131\u011f\u0131 ba\u015fkalar\u0131na daha ender bula\u015ft\u0131r\u0131yor. B\u00f6ylece a\u015f\u0131yla sadece kendinizi de\u011fil, aksine ailenizi, arkada\u015f \u00e7evrenizi ve i\u015f arkada\u015flar\u0131n\u0131z\u0131 korursunuz. Ayr\u0131ca a\u015f\u0131land\u0131\u011f\u0131n\u0131zda, a\u015f\u0131 yapt\u0131rmalar\u0131 m\u00fcmk\u00fcn olmayan veya bir ba\u015fka alt hastal\u0131\u011f\u0131 nedeniyle a\u015f\u0131n\u0131n koruma sa\u011flayamad\u0131\u011f\u0131, k\u0131sacas\u0131 \u00f6zel korumaya muhta\u00e7 ki\u015fileri de korursunuz.<\/p>\t\t\t\t\t\t<\/div>\n\t\t\t\t<\/div>\n\t\t\t\t<div class=\"elementor-element elementor-element-6e3be91 elementor-widget elementor-widget-text-editor\" data-id=\"6e3be91\" data-element_type=\"widget\" data-widget_type=\"text-editor.default\">\n\t\t\t\t<div class=\"elementor-widget-container\">\n\t\t\t\t\t\t\t<ol start=\"3\">\n \t<li>G\u00fcvenli a\u015f\u0131 maddeleri.<\/li>\n<\/ol>\t\t\t\t\t\t<\/div>\n\t\t\t\t<\/div>\n\t\t\t\t<div class=\"elementor-element elementor-element-1a294fe1 elementor-widget elementor-widget-text-editor\" data-id=\"1a294fe1\" data-element_type=\"widget\" data-widget_type=\"text-editor.default\">\n\t\t\t\t<div class=\"elementor-widget-container\">\n\t\t\t\t\t\t\t<p>\u00d6zellikle \u00fc\u00e7\u00fcnc\u00fc doz a\u015f\u0131s\u0131n\u0131 yapt\u0131ranlar, a\u015f\u0131lanmam\u0131\u015f ki\u015filere oranla hastal\u0131\u011f\u0131 ba\u015fkalar\u0131na daha ender bula\u015ft\u0131r\u0131yor. B\u00f6ylece a\u015f\u0131yla sadece kendinizi de\u011fil, aksine ailenizi, arkada\u015f \u00e7evrenizi ve i\u015f arkada\u015flar\u0131n\u0131z\u0131 korursunuz. Ayr\u0131ca a\u015f\u0131land\u0131\u011f\u0131n\u0131zda, a\u015f\u0131 yapt\u0131rmalar\u0131 m\u00fcmk\u00fcn olmayan veya bir ba\u015fka alt hastal\u0131\u011f\u0131 nedeniyle a\u015f\u0131n\u0131n koruma sa\u011flayamad\u0131\u011f\u0131, k\u0131sacas\u0131 \u00f6zel korumaya muhta\u00e7 ki\u015fileri de korursunuz.<\/p>\t\t\t\t\t\t<\/div>\n\t\t\t\t<\/div>\n\t\t\t\t<div class=\"elementor-element elementor-element-136b195c elementor-widget elementor-widget-spacer\" data-id=\"136b195c\" data-element_type=\"widget\" data-widget_type=\"spacer.default\">\n\t\t\t\t<div class=\"elementor-widget-container\">\n\t\t\t\t\t<div class=\"elementor-spacer\">\n\t\t\t<div class=\"elementor-spacer-inner\"><\/div>\n\t\t<\/div>\n\t\t\t\t<\/div>\n\t\t\t\t<\/div>\n\t\t\t\t\t<\/div>\n\t\t<\/div>\n\t\t\t\t\t\t\t<\/div>\n\t\t<\/section>\n\t\t\t\t<section class=\"elementor-section elementor-top-section elementor-element elementor-element-4ded1b26 elementor-section-boxed elementor-section-height-default elementor-section-height-default\" data-id=\"4ded1b26\" data-element_type=\"section\" data-settings=\"{&quot;background_background&quot;:&quot;classic&quot;}\">\n\t\t\t\t\t\t\t<div class=\"elementor-background-overlay\"><\/div>\n\t\t\t\t\t\t\t<div class=\"elementor-container elementor-column-gap-default\">\n\t\t\t\t\t<div class=\"elementor-column elementor-col-100 elementor-top-column elementor-element elementor-element-5451e6e5\" data-id=\"5451e6e5\" data-element_type=\"column\" data-settings=\"{&quot;background_background&quot;:&quot;classic&quot;}\">\n\t\t\t<div class=\"elementor-widget-wrap elementor-element-populated\">\n\t\t\t\t\t<div class=\"elementor-background-overlay\"><\/div>\n\t\t\t\t\t\t\t\t<div class=\"elementor-element elementor-element-4f6fd5ee elementor-widget elementor-widget-spacer\" data-id=\"4f6fd5ee\" data-element_type=\"widget\" data-widget_type=\"spacer.default\">\n\t\t\t\t<div class=\"elementor-widget-container\">\n\t\t\t\t\t<div class=\"elementor-spacer\">\n\t\t\t<div class=\"elementor-spacer-inner\"><\/div>\n\t\t<\/div>\n\t\t\t\t<\/div>\n\t\t\t\t<\/div>\n\t\t\t\t<div class=\"elementor-element elementor-element-749185b5 animated-slow elementor-invisible elementor-widget elementor-widget-text-editor\" data-id=\"749185b5\" data-element_type=\"widget\" data-settings=\"{&quot;_animation&quot;:&quot;fadeInLeft&quot;,&quot;_animation_delay&quot;:0}\" data-widget_type=\"text-editor.default\">\n\t\t\t\t<div class=\"elementor-widget-container\">\n\t\t\t\t\t\t\t<p>Korona A\u015f\u0131s\u0131 \u0130le \u0130lgili G\u00fcncel Bilgileri Almanya\u2019n\u0131n Her Yerinden<\/p>\t\t\t\t\t\t<\/div>\n\t\t\t\t<\/div>\n\t\t\t\t<div class=\"elementor-element elementor-element-749f6ae1 elementor-widget elementor-widget-heading\" data-id=\"749f6ae1\" data-element_type=\"widget\" data-widget_type=\"heading.default\">\n\t\t\t\t<div class=\"elementor-widget-container\">\n\t\t\t<h2 class=\"elementor-heading-title elementor-size-default\">0800 0000 837<\/h2>\t\t<\/div>\n\t\t\t\t<\/div>\n\t\t\t\t<div class=\"elementor-element elementor-element-ff63245 animated-slow elementor-invisible elementor-widget elementor-widget-text-editor\" data-id=\"ff63245\" data-element_type=\"widget\" data-settings=\"{&quot;_animation&quot;:&quot;fadeInLeft&quot;,&quot;_animation_delay&quot;:0}\" data-widget_type=\"text-editor.default\">\n\t\t\t\t<div class=\"elementor-widget-container\">\n\t\t\t\t\t\t\t<p>No\u2019lu \u00dccretsiz T\u00fcrk\u00e7e Dan\u0131\u015fma Hatt\u0131ndan\u00a0alabilirsiniz.<\/p>\t\t\t\t\t\t<\/div>\n\t\t\t\t<\/div>\n\t\t\t\t<div class=\"elementor-element elementor-element-1a2477a4 elementor-widget elementor-widget-spacer\" data-id=\"1a2477a4\" data-element_type=\"widget\" data-widget_type=\"spacer.default\">\n\t\t\t\t<div class=\"elementor-widget-container\">\n\t\t\t\t\t<div class=\"elementor-spacer\">\n\t\t\t<div class=\"elementor-spacer-inner\"><\/div>\n\t\t<\/div>\n\t\t\t\t<\/div>\n\t\t\t\t<\/div>\n\t\t\t\t\t<\/div>\n\t\t<\/div>\n\t\t\t\t\t\t\t<\/div>\n\t\t<\/section>\n\t\t\t\t<section class=\"elementor-section elementor-top-section elementor-element elementor-element-43be71bb elementor-section-boxed elementor-section-height-default elementor-section-height-default\" data-id=\"43be71bb\" data-element_type=\"section\" data-settings=\"{&quot;background_background&quot;:&quot;classic&quot;}\">\n\t\t\t\t\t\t<div class=\"elementor-container elementor-column-gap-default\">\n\t\t\t\t\t<div class=\"elementor-column elementor-col-100 elementor-top-column elementor-element elementor-element-24ce59af\" data-id=\"24ce59af\" data-element_type=\"column\">\n\t\t\t<div class=\"elementor-widget-wrap elementor-element-populated\">\n\t\t\t\t\t\t\t\t<div class=\"elementor-element elementor-element-dd36c2e elementor-widget elementor-widget-spacer\" data-id=\"dd36c2e\" data-element_type=\"widget\" data-widget_type=\"spacer.default\">\n\t\t\t\t<div class=\"elementor-widget-container\">\n\t\t\t\t\t<div class=\"elementor-spacer\">\n\t\t\t<div class=\"elementor-spacer-inner\"><\/div>\n\t\t<\/div>\n\t\t\t\t<\/div>\n\t\t\t\t<\/div>\n\t\t\t\t<div class=\"elementor-element elementor-element-46353933 elementor-widget elementor-widget-text-editor\" data-id=\"46353933\" data-element_type=\"widget\" data-widget_type=\"text-editor.default\">\n\t\t\t\t<div class=\"elementor-widget-container\">\n\t\t\t\t\t\t\t<ol start=\"4\"><li>A\u015f\u0131 yapt\u0131rmak, korona ile k\u0131yasland\u0131\u011f\u0131nda \u00e7ok daha az risklidir.<\/li><\/ol>\t\t\t\t\t\t<\/div>\n\t\t\t\t<\/div>\n\t\t\t\t<div class=\"elementor-element elementor-element-6f5f3987 elementor-widget elementor-widget-text-editor\" data-id=\"6f5f3987\" data-element_type=\"widget\" data-widget_type=\"text-editor.default\">\n\t\t\t\t<div class=\"elementor-widget-container\">\n\t\t\t\t\t\t\t<p>Koruyucu korona a\u015f\u0131s\u0131 yapt\u0131rd\u0131ktan sonra, a\u011f\u0131r yan etkilerin ortaya \u00e7\u0131kmas\u0131 \u00e7ok ender g\u00f6r\u00fclen bir durumdur (10.000 ki\u015fide bir vakan\u0131n alt\u0131nda). Buna kar\u015f\u0131l\u0131k, korona ile enfekte olman\u0131z durumunda a\u011f\u0131r ve uzun s\u00fcre seyreden bir hastal\u0131\u011fa yakalanma riskiniz \u00e7ok daha b\u00fcy\u00fck.<\/p>\t\t\t\t\t\t<\/div>\n\t\t\t\t<\/div>\n\t\t\t\t<div class=\"elementor-element elementor-element-25125f0 elementor-widget elementor-widget-text-editor\" data-id=\"25125f0\" data-element_type=\"widget\" data-widget_type=\"text-editor.default\">\n\t\t\t\t<div class=\"elementor-widget-container\">\n\t\t\t\t\t\t\t<ol start=\"5\"><li>Uzun s\u00fcre beklemeden, \u00fccret \u00f6demeden, kimlik g\u00f6stermeden.<\/li><\/ol>\t\t\t\t\t\t<\/div>\n\t\t\t\t<\/div>\n\t\t\t\t<div class=\"elementor-element elementor-element-01ac1c0 elementor-widget elementor-widget-text-editor\" data-id=\"01ac1c0\" data-element_type=\"widget\" data-widget_type=\"text-editor.default\">\n\t\t\t\t<div class=\"elementor-widget-container\">\n\t\t\t\t\t\t\t<div><p>A\u015f\u0131lanmak \u00e7ok kolay. Pasaport, sa\u011fl\u0131k sigortas\u0131 kart\u0131 ibraz etmeniz gerekmiyor, ayr\u0131ca \u00fccret de \u00f6demiyorsunuz. \u00d6rne\u011fin bir a\u015f\u0131 merkezi, muayenehane, i\u015fletme ve baz\u0131 \u00f6zel etkinlikler gibi bir\u00e7ok yerde uzun s\u00fcre beklemek zorunda kalmadan a\u015f\u0131lanabilir, ayr\u0131ca hat\u0131rlatma a\u015f\u0131n\u0131z\u0131 yapt\u0131rabilirsiniz. Ve elbette yak\u0131n\u0131n\u0131zdaki eczanede de.<\/p><\/div>\t\t\t\t\t\t<\/div>\n\t\t\t\t<\/div>\n\t\t\t\t<div class=\"elementor-element elementor-element-678e7fee elementor-widget elementor-widget-text-editor\" data-id=\"678e7fee\" data-element_type=\"widget\" data-widget_type=\"text-editor.default\">\n\t\t\t\t<div class=\"elementor-widget-container\">\n\t\t\t\t\t\t\t<ol start=\"6\"><li>Her ya\u015ftan ki\u015fiye do\u011fru a\u015f\u0131 maddesi.<\/li><\/ol>\t\t\t\t\t\t<\/div>\n\t\t\t\t<\/div>\n\t\t\t\t<div class=\"elementor-element elementor-element-45135fff elementor-widget elementor-widget-text-editor\" data-id=\"45135fff\" data-element_type=\"widget\" data-widget_type=\"text-editor.default\">\n\t\t\t\t<div class=\"elementor-widget-container\">\n\t\t\t\t\t\t\t<p>12 ya\u015f ve \u00fcst\u00fc herkese a\u015f\u0131lanmas\u0131, ayn\u0131 zamanda \u00fc\u00e7\u00fcnc\u00fc doz hat\u0131rlatma a\u015f\u0131s\u0131 yapt\u0131rmas\u0131 tavsiye ediliyor. Ayn\u0131 zamanda, be\u015f ya\u015f\u0131ndan itibaren \u00e7ocuklar\u0131n da a\u015f\u0131lanmas\u0131 m\u00fcmk\u00fcn. A\u015f\u0131 maddeleri, etkinlikleri ve g\u00fcvenlikleri a\u00e7\u0131s\u0131ndan s\u00fcrekli inceleniyor. Moderna ve Biontech gibi mRNA a\u015f\u0131 maddesiyle Johnson &amp; Johnson taraf\u0131ndan \u00fcretilen vekt\u00f6r a\u015f\u0131 maddesinin yan\u0131 s\u0131ra, \u015fimdi Novavax taraf\u0131ndan \u00fcretilen yeni bir a\u015f\u0131 maddesi t\u00fcr\u00fc, 18 ya\u015f\u0131n\u0131n \u00fczerindekiler i\u00e7in kullan\u0131ma sunuldu. \u0130naktif olarak bilinen \u201c\u00f6l\u00fc a\u015f\u0131 maddesi\u201d uygulamay\u0131 tercih edenler i\u00e7in \u015fimdi bu t\u00fcr bir a\u015f\u0131 maddesi de kullan\u0131mda.<\/p>\t\t\t\t\t\t<\/div>\n\t\t\t\t<\/div>\n\t\t\t\t<div class=\"elementor-element elementor-element-19d386a8 elementor-widget elementor-widget-text-editor\" data-id=\"19d386a8\" data-element_type=\"widget\" data-widget_type=\"text-editor.default\">\n\t\t\t\t<div class=\"elementor-widget-container\">\n\t\t\t\t\t\t\t<ol start=\"7\"><li>Okulda, restoranda ve sinemada &#8211; normalle\u015fmeyi m\u00fcmk\u00fcn k\u0131lar.<\/li><\/ol>\t\t\t\t\t\t<\/div>\n\t\t\t\t<\/div>\n\t\t\t\t<div class=\"elementor-element elementor-element-7ca3741d elementor-widget elementor-widget-text-editor\" data-id=\"7ca3741d\" data-element_type=\"widget\" data-widget_type=\"text-editor.default\">\n\t\t\t\t<div class=\"elementor-widget-container\">\n\t\t\t\t\t\t\t<p>Koruyucu korona a\u015f\u0131s\u0131yla g\u00fcnl\u00fck ya\u015fam\u0131m\u0131z kolayla\u015f\u0131yor. \u0130ster restoran veya birahane olsun, isterse al\u0131\u015fveri\u015fte, sinemada veya okulda: A\u015f\u0131lama sayesinde etkinlikler daha g\u00fcvenlidir ve koruyucu \u00f6nlemler gev\u015fetilebilir. Ayr\u0131ca \u00fc\u00e7\u00fcnc\u00fc doz a\u015f\u0131s\u0131n\u0131 yapt\u0131ranlar veya k\u0131sa bir s\u00fcre \u00f6nce a\u015f\u0131lanm\u0131\u015f olanlar karantinaya girmek zorunda de\u011fildir.<\/p>\t\t\t\t\t\t<\/div>\n\t\t\t\t<\/div>\n\t\t\t\t<div class=\"elementor-element elementor-element-ccdbf3e elementor-widget elementor-widget-text-editor\" data-id=\"ccdbf3e\" data-element_type=\"widget\" data-widget_type=\"text-editor.default\">\n\t\t\t\t<div class=\"elementor-widget-container\">\n\t\t\t\t\t\t\t<p>G\u00fcncellik:<em> 02.2022,<\/em> Kaynak: Bundesministerium f\u00fcr Gesundheit<\/p>\t\t\t\t\t\t<\/div>\n\t\t\t\t<\/div>\n\t\t\t\t\t<\/div>\n\t\t<\/div>\n\t\t\t\t\t\t\t<\/div>\n\t\t<\/section>\n\t\t\t\t\t\t\t<\/div>\n\t\t","protected":false},"excerpt":{"rendered":"<p>A\u015f\u0131 yapt\u0131rmak i\u00e7in 7 \u00d6nemli Neden Korona a\u015f\u0131s\u0131, salg\u0131nla m\u00fccadelede \u00f6nemli bir ara\u00e7t\u0131r. Korona a\u015f\u0131s\u0131n\u0131 hemen yapt\u0131rmaya karar vermeniz i\u00e7in 7 \u00f6nemli nedeni buradan okuyabilirsiniz. Beni koruyor. Omikrona kar\u015f\u0131 da. Omikron dalgas\u0131 Almanya\u2019y\u0131 sard\u0131. Verilerin de g\u00f6sterdi\u011fi gibi; yap\u0131lan her a\u015f\u0131n\u0131n faydas\u0131 oluyor. Omikrona kar\u015f\u0131 da faydas\u0131 var. Daha birinci doz a\u015f\u0131 bile, hastal\u0131\u011f\u0131n a\u011f\u0131r [&hellip;]<\/p>\n","protected":false},"author":1,"featured_media":0,"parent":0,"menu_order":0,"comment_status":"closed","ping_status":"closed","template":"","meta":[],"_links":{"self":[{"href":"https:\/\/covid-19-bilgi.de\/tr\/wp-json\/wp\/v2\/pages\/7085"}],"collection":[{"href":"https:\/\/covid-19-bilgi.de\/tr\/wp-json\/wp\/v2\/pages"}],"about":[{"href":"https:\/\/covid-19-bilgi.de\/tr\/wp-json\/wp\/v2\/types\/page"}],"author":[{"embeddable":true,"href":"https:\/\/covid-19-bilgi.de\/tr\/wp-json\/wp\/v2\/users\/1"}],"replies":[{"embeddable":true,"href":"https:\/\/covid-19-bilgi.de\/tr\/wp-json\/wp\/v2\/comments?post=7085"}],"version-history":[{"count":31,"href":"https:\/\/covid-19-bilgi.de\/tr\/wp-json\/wp\/v2\/pages\/7085\/revisions"}],"predecessor-version":[{"id":8829,"href":"https:\/\/covid-19-bilgi.de\/tr\/wp-json\/wp\/v2\/pages\/7085\/revisions\/8829"}],"wp:attachment":[{"href":"https:\/\/covid-19-bilgi.de\/tr\/wp-json\/wp\/v2\/media?parent=7085"}],"curies":[{"name":"wp","href":"https:\/\/api.w.org\/{rel}","templated":true}]}}