{"id":4955,"date":"2022-01-12T18:25:17","date_gmt":"2022-01-12T16:25:17","guid":{"rendered":"https:\/\/covid-19-bilgi.de\/?page_id=4955"},"modified":"2022-11-29T14:10:57","modified_gmt":"2022-11-29T12:10:57","slug":"cocuklar-ve-asi","status":"publish","type":"page","link":"https:\/\/covid-19-bilgi.de\/tr\/cocuklar-ve-asi\/","title":{"rendered":"\u00c7ocuklar \u0130\u00e7in A\u015f\u0131"},"content":{"rendered":"\t\t<div data-elementor-type=\"wp-page\" data-elementor-id=\"4955\" class=\"elementor elementor-4955\">\n\t\t\t\t\t\t\t\t\t<section class=\"elementor-section elementor-top-section elementor-element elementor-element-58916a27 elementor-section-full_width elementor-section-height-default elementor-section-height-default\" data-id=\"58916a27\" data-element_type=\"section\" data-settings=\"{&quot;background_background&quot;:&quot;classic&quot;}\">\n\t\t\t\t\t\t\t<div class=\"elementor-background-overlay\"><\/div>\n\t\t\t\t\t\t\t<div class=\"elementor-container elementor-column-gap-default\">\n\t\t\t\t\t<div class=\"elementor-column elementor-col-100 elementor-top-column elementor-element elementor-element-3e2633ba\" data-id=\"3e2633ba\" data-element_type=\"column\">\n\t\t\t<div class=\"elementor-widget-wrap elementor-element-populated\">\n\t\t\t\t\t\t\t\t<div class=\"elementor-element elementor-element-9db4ebf elementor-widget elementor-widget-heading\" data-id=\"9db4ebf\" data-element_type=\"widget\" data-widget_type=\"heading.default\">\n\t\t\t\t<div class=\"elementor-widget-container\">\n\t\t\t<h2 class=\"elementor-heading-title elementor-size-default\">\u00c7ocuklar ve Koruyucu<\/h2>\t\t<\/div>\n\t\t\t\t<\/div>\n\t\t\t\t<div class=\"elementor-element elementor-element-34e8e18 elementor-widget-divider--view-line elementor-invisible elementor-widget elementor-widget-divider\" data-id=\"34e8e18\" data-element_type=\"widget\" data-settings=\"{&quot;_animation&quot;:&quot;fadeInLeft&quot;}\" data-widget_type=\"divider.default\">\n\t\t\t\t<div class=\"elementor-widget-container\">\n\t\t\t\t\t<div class=\"elementor-divider\">\n\t\t\t<span class=\"elementor-divider-separator\">\n\t\t\t\t\t\t<\/span>\n\t\t<\/div>\n\t\t\t\t<\/div>\n\t\t\t\t<\/div>\n\t\t\t\t<div class=\"elementor-element elementor-element-c6a6bb9 elementor-widget elementor-widget-heading\" data-id=\"c6a6bb9\" data-element_type=\"widget\" data-widget_type=\"heading.default\">\n\t\t\t\t<div class=\"elementor-widget-container\">\n\t\t\t<h1 class=\"elementor-heading-title elementor-size-default\">Korona A\u015f\u0131s\u0131<\/h1>\t\t<\/div>\n\t\t\t\t<\/div>\n\t\t\t\t\t<\/div>\n\t\t<\/div>\n\t\t\t\t\t\t\t<\/div>\n\t\t<\/section>\n\t\t\t\t<section class=\"elementor-section elementor-top-section elementor-element elementor-element-5e3223a1 elementor-section-boxed elementor-section-height-default elementor-section-height-default\" data-id=\"5e3223a1\" data-element_type=\"section\" data-settings=\"{&quot;background_background&quot;:&quot;classic&quot;}\">\n\t\t\t\t\t\t<div class=\"elementor-container elementor-column-gap-default\">\n\t\t\t\t\t<div class=\"elementor-column elementor-col-100 elementor-top-column elementor-element elementor-element-7a0aa54c\" data-id=\"7a0aa54c\" data-element_type=\"column\">\n\t\t\t<div class=\"elementor-widget-wrap elementor-element-populated\">\n\t\t\t\t\t\t\t\t<div class=\"elementor-element elementor-element-75b54d09 elementor-widget elementor-widget-spacer\" data-id=\"75b54d09\" data-element_type=\"widget\" data-widget_type=\"spacer.default\">\n\t\t\t\t<div class=\"elementor-widget-container\">\n\t\t\t\t\t<div class=\"elementor-spacer\">\n\t\t\t<div class=\"elementor-spacer-inner\"><\/div>\n\t\t<\/div>\n\t\t\t\t<\/div>\n\t\t\t\t<\/div>\n\t\t\t\t<div class=\"elementor-element elementor-element-441d7cbd elementor-widget elementor-widget-text-editor\" data-id=\"441d7cbd\" data-element_type=\"widget\" data-widget_type=\"text-editor.default\">\n\t\t\t\t<div class=\"elementor-widget-container\">\n\t\t\t\t\t\t\t<p>\u00c7ocuklar ve Korona A\u015f\u0131s\u0131<\/p>\t\t\t\t\t\t<\/div>\n\t\t\t\t<\/div>\n\t\t\t\t<div class=\"elementor-element elementor-element-2e3fc7c elementor-widget elementor-widget-text-editor\" data-id=\"2e3fc7c\" data-element_type=\"widget\" data-widget_type=\"text-editor.default\">\n\t\t\t\t<div class=\"elementor-widget-container\">\n\t\t\t\t\t\t\t<p>Daimi A\u015f\u0131 Komisyonu (STIKO), A\u011fustos 2021&#8217;den beri 12 ya\u015f ve \u00fcst\u00fc t\u00fcm \u00e7ocuklar ve gen\u00e7lere BioNTech\/Pfizer&#8217;den Comirnaty\u00ae ile korona a\u015f\u0131s\u0131 yap\u0131lmas\u0131n\u0131 \u00f6nermektedir. <br \/>Aral\u0131k ay\u0131n\u0131n ortas\u0131ndan itibaren 5 ila 11 ya\u015f aras\u0131ndaki \u00e7ocuklar da BioNTech\/Pfizer&#8217;in \u00f6zel olarak bu ya\u015f gurubu i\u00e7in uyarlanm\u0131\u015f a\u015f\u0131s\u0131 ile a\u015f\u0131lanabilmektedir.<\/p>\t\t\t\t\t\t<\/div>\n\t\t\t\t<\/div>\n\t\t\t\t\t<\/div>\n\t\t<\/div>\n\t\t\t\t\t\t\t<\/div>\n\t\t<\/section>\n\t\t\t\t<section class=\"elementor-section elementor-top-section elementor-element elementor-element-bf5c548 elementor-section-boxed elementor-section-height-default elementor-section-height-default\" data-id=\"bf5c548\" data-element_type=\"section\">\n\t\t\t\t\t\t<div class=\"elementor-container elementor-column-gap-default\">\n\t\t\t\t\t<div class=\"elementor-column elementor-col-50 elementor-top-column elementor-element elementor-element-2f57b75\" data-id=\"2f57b75\" data-element_type=\"column\">\n\t\t\t<div class=\"elementor-widget-wrap elementor-element-populated\">\n\t\t\t\t\t\t\t\t<div class=\"elementor-element elementor-element-f4b3554 elementor-widget elementor-widget-image\" data-id=\"f4b3554\" data-element_type=\"widget\" data-widget_type=\"image.default\">\n\t\t\t\t<div class=\"elementor-widget-container\">\n\t\t\t\t\t\t\t\t\t\t\t\t\t\t\t<img width=\"1000\" height=\"706\" src=\"https:\/\/covid-19-bilgi.de\/wp-content\/uploads\/2022\/06\/Covid-bilder-1000-50.jpg\" class=\"attachment-large size-large\" alt=\"\" loading=\"lazy\" srcset=\"https:\/\/covid-19-bilgi.de\/wp-content\/uploads\/2022\/06\/Covid-bilder-1000-50.jpg 1000w, https:\/\/covid-19-bilgi.de\/wp-content\/uploads\/2022\/06\/Covid-bilder-1000-50-300x212.jpg 300w, https:\/\/covid-19-bilgi.de\/wp-content\/uploads\/2022\/06\/Covid-bilder-1000-50-768x542.jpg 768w, https:\/\/covid-19-bilgi.de\/wp-content\/uploads\/2022\/06\/Covid-bilder-1000-50-16x12.jpg 16w\" sizes=\"(max-width: 1000px) 100vw, 1000px\" \/>\t\t\t\t\t\t\t\t\t\t\t\t\t\t\t<\/div>\n\t\t\t\t<\/div>\n\t\t\t\t<div class=\"elementor-element elementor-element-4be9ee6 elementor-widget elementor-widget-text-editor\" data-id=\"4be9ee6\" data-element_type=\"widget\" data-widget_type=\"text-editor.default\">\n\t\t\t\t<div class=\"elementor-widget-container\">\n\t\t\t\t\t\t\t<p>\u00c7ocuklara korona a\u015f\u0131s\u0131:<br \/>Neden 5-11 ya\u015f aras\u0131 \u00e7ocuklara da a\u015f\u0131 yap\u0131lmal\u0131?<\/p>\t\t\t\t\t\t<\/div>\n\t\t\t\t<\/div>\n\t\t\t\t<div class=\"elementor-element elementor-element-01253ad elementor-widget elementor-widget-text-editor\" data-id=\"01253ad\" data-element_type=\"widget\" data-widget_type=\"text-editor.default\">\n\t\t\t\t<div class=\"elementor-widget-container\">\n\t\t\t\t\t\t\t<p>Korona a\u015f\u0131s\u0131 5-11 ya\u015f aras\u0131 \u00e7ocuklar i\u00e7in de onayland\u0131. Ebeveynlerin bilmesi gerekenleri \u00f6\u011frenmek i\u00e7in bu makaleyi okuyun.<\/p>\t\t\t\t\t\t<\/div>\n\t\t\t\t<\/div>\n\t\t\t\t<div class=\"elementor-element elementor-element-5c051e8 elementor-align-center elementor-widget elementor-widget-button\" data-id=\"5c051e8\" data-element_type=\"widget\" data-widget_type=\"button.default\">\n\t\t\t\t<div class=\"elementor-widget-container\">\n\t\t\t\t\t<div class=\"elementor-button-wrapper\">\n\t\t\t<a href=\"https:\/\/covid-19-bilgi.de\/tr\/cocuk-asilari-5-11-yas\" class=\"elementor-button-link elementor-button elementor-size-sm\" role=\"button\">\n\t\t\t\t\t\t<span class=\"elementor-button-content-wrapper\">\n\t\t\t\t\t\t<span class=\"elementor-button-text\">5-11 ya\u015f aras\u0131 \u00e7ocuklara korona a\u015f\u0131s\u0131<\/span>\n\t\t<\/span>\n\t\t\t\t\t<\/a>\n\t\t<\/div>\n\t\t\t\t<\/div>\n\t\t\t\t<\/div>\n\t\t\t\t\t<\/div>\n\t\t<\/div>\n\t\t\t\t<div class=\"elementor-column elementor-col-50 elementor-top-column elementor-element elementor-element-01fe8b2\" data-id=\"01fe8b2\" data-element_type=\"column\">\n\t\t\t<div class=\"elementor-widget-wrap elementor-element-populated\">\n\t\t\t\t\t\t\t\t<div class=\"elementor-element elementor-element-6d3bab8 elementor-widget elementor-widget-image\" data-id=\"6d3bab8\" data-element_type=\"widget\" data-widget_type=\"image.default\">\n\t\t\t\t<div class=\"elementor-widget-container\">\n\t\t\t\t\t\t\t\t\t\t\t\t\t\t\t<img width=\"1000\" height=\"706\" src=\"https:\/\/covid-19-bilgi.de\/wp-content\/uploads\/2022\/06\/Covid-bilder-1000-51.jpg\" class=\"attachment-large size-large\" alt=\"\" loading=\"lazy\" srcset=\"https:\/\/covid-19-bilgi.de\/wp-content\/uploads\/2022\/06\/Covid-bilder-1000-51.jpg 1000w, https:\/\/covid-19-bilgi.de\/wp-content\/uploads\/2022\/06\/Covid-bilder-1000-51-300x212.jpg 300w, https:\/\/covid-19-bilgi.de\/wp-content\/uploads\/2022\/06\/Covid-bilder-1000-51-768x542.jpg 768w, https:\/\/covid-19-bilgi.de\/wp-content\/uploads\/2022\/06\/Covid-bilder-1000-51-16x12.jpg 16w\" sizes=\"(max-width: 1000px) 100vw, 1000px\" \/>\t\t\t\t\t\t\t\t\t\t\t\t\t\t\t<\/div>\n\t\t\t\t<\/div>\n\t\t\t\t<div class=\"elementor-element elementor-element-741d16a elementor-widget elementor-widget-text-editor\" data-id=\"741d16a\" data-element_type=\"widget\" data-widget_type=\"text-editor.default\">\n\t\t\t\t<div class=\"elementor-widget-container\">\n\t\t\t\t\t\t\t<p>12 ya\u015f\u0131ndan itibaren korona a\u015f\u0131s\u0131: <br \/>\u0130\u015fte \u00e7ocuklar\u0131n, gen\u00e7lerin ve ebeveynlerinin bilmesi gerekenler<\/p>\t\t\t\t\t\t<\/div>\n\t\t\t\t<\/div>\n\t\t\t\t<div class=\"elementor-element elementor-element-77f59a1 elementor-widget elementor-widget-text-editor\" data-id=\"77f59a1\" data-element_type=\"widget\" data-widget_type=\"text-editor.default\">\n\t\t\t\t<div class=\"elementor-widget-container\">\n\t\t\t\t\t\t\t<p>Korona a\u015f\u0131s\u0131 12 ya\u015f\u0131ndan b\u00fcy\u00fck \u00e7ocuklar i\u00e7in onayland\u0131. Nelerin dikkate al\u0131nmas\u0131 gerekti\u011fini \u00f6\u011frenmek i\u00e7in bu makaleyi okuyun.<\/p>\t\t\t\t\t\t<\/div>\n\t\t\t\t<\/div>\n\t\t\t\t<div class=\"elementor-element elementor-element-6a2bda9 elementor-align-center elementor-widget elementor-widget-button\" data-id=\"6a2bda9\" data-element_type=\"widget\" data-widget_type=\"button.default\">\n\t\t\t\t<div class=\"elementor-widget-container\">\n\t\t\t\t\t<div class=\"elementor-button-wrapper\">\n\t\t\t<a href=\"https:\/\/covid-19-bilgi.de\/tr\/cocuk-asilari-12-yas-ve-ustu\/\" class=\"elementor-button-link elementor-button elementor-size-sm\" role=\"button\">\n\t\t\t\t\t\t<span class=\"elementor-button-content-wrapper\">\n\t\t\t\t\t\t<span class=\"elementor-button-text\">12 ya\u015f\u0131ndan itibaren korona a\u015f\u0131s\u0131<\/span>\n\t\t<\/span>\n\t\t\t\t\t<\/a>\n\t\t<\/div>\n\t\t\t\t<\/div>\n\t\t\t\t<\/div>\n\t\t\t\t\t<\/div>\n\t\t<\/div>\n\t\t\t\t\t\t\t<\/div>\n\t\t<\/section>\n\t\t\t\t<section class=\"elementor-section elementor-top-section elementor-element elementor-element-1fea627 elementor-section-boxed elementor-section-height-default elementor-section-height-default\" data-id=\"1fea627\" data-element_type=\"section\" data-settings=\"{&quot;background_background&quot;:&quot;classic&quot;}\">\n\t\t\t\t\t\t<div class=\"elementor-container elementor-column-gap-default\">\n\t\t\t\t\t<div class=\"elementor-column elementor-col-100 elementor-top-column elementor-element elementor-element-dd8027e\" data-id=\"dd8027e\" data-element_type=\"column\">\n\t\t\t<div class=\"elementor-widget-wrap elementor-element-populated\">\n\t\t\t\t\t\t\t\t<div class=\"elementor-element elementor-element-0b534d7 elementor-widget elementor-widget-spacer\" data-id=\"0b534d7\" data-element_type=\"widget\" data-widget_type=\"spacer.default\">\n\t\t\t\t<div class=\"elementor-widget-container\">\n\t\t\t\t\t<div class=\"elementor-spacer\">\n\t\t\t<div class=\"elementor-spacer-inner\"><\/div>\n\t\t<\/div>\n\t\t\t\t<\/div>\n\t\t\t\t<\/div>\n\t\t\t\t\t<\/div>\n\t\t<\/div>\n\t\t\t\t\t\t\t<\/div>\n\t\t<\/section>\n\t\t\t\t<section class=\"elementor-section elementor-top-section elementor-element elementor-element-f015ce2 elementor-section-boxed elementor-section-height-default elementor-section-height-default\" data-id=\"f015ce2\" data-element_type=\"section\" data-settings=\"{&quot;background_background&quot;:&quot;classic&quot;}\">\n\t\t\t\t\t\t\t<div class=\"elementor-background-overlay\"><\/div>\n\t\t\t\t\t\t\t<div class=\"elementor-container elementor-column-gap-default\">\n\t\t\t\t\t<div class=\"elementor-column elementor-col-100 elementor-top-column elementor-element elementor-element-22f2efe\" data-id=\"22f2efe\" data-element_type=\"column\" data-settings=\"{&quot;background_background&quot;:&quot;classic&quot;}\">\n\t\t\t<div class=\"elementor-widget-wrap elementor-element-populated\">\n\t\t\t\t\t<div class=\"elementor-background-overlay\"><\/div>\n\t\t\t\t\t\t\t\t<div class=\"elementor-element elementor-element-89d2535 elementor-widget elementor-widget-spacer\" data-id=\"89d2535\" data-element_type=\"widget\" data-widget_type=\"spacer.default\">\n\t\t\t\t<div class=\"elementor-widget-container\">\n\t\t\t\t\t<div class=\"elementor-spacer\">\n\t\t\t<div class=\"elementor-spacer-inner\"><\/div>\n\t\t<\/div>\n\t\t\t\t<\/div>\n\t\t\t\t<\/div>\n\t\t\t\t<div class=\"elementor-element elementor-element-223530e animated-slow elementor-invisible elementor-widget elementor-widget-text-editor\" data-id=\"223530e\" data-element_type=\"widget\" data-settings=\"{&quot;_animation&quot;:&quot;fadeInLeft&quot;,&quot;_animation_delay&quot;:0}\" data-widget_type=\"text-editor.default\">\n\t\t\t\t<div class=\"elementor-widget-container\">\n\t\t\t\t\t\t\t<p>Korona A\u015f\u0131s\u0131 \u0130le \u0130lgili G\u00fcncel Bilgileri Almanya\u2019n\u0131n Her Yerinden<\/p>\t\t\t\t\t\t<\/div>\n\t\t\t\t<\/div>\n\t\t\t\t<div class=\"elementor-element elementor-element-aa1649d elementor-widget elementor-widget-heading\" data-id=\"aa1649d\" data-element_type=\"widget\" data-widget_type=\"heading.default\">\n\t\t\t\t<div class=\"elementor-widget-container\">\n\t\t\t<h2 class=\"elementor-heading-title elementor-size-default\">0800 0000 837<\/h2>\t\t<\/div>\n\t\t\t\t<\/div>\n\t\t\t\t<div class=\"elementor-element elementor-element-361dca7 animated-slow elementor-invisible elementor-widget elementor-widget-text-editor\" data-id=\"361dca7\" data-element_type=\"widget\" data-settings=\"{&quot;_animation&quot;:&quot;fadeInLeft&quot;,&quot;_animation_delay&quot;:0}\" data-widget_type=\"text-editor.default\">\n\t\t\t\t<div class=\"elementor-widget-container\">\n\t\t\t\t\t\t\t<p>No\u2019lu \u00dccretsiz T\u00fcrk\u00e7e Dan\u0131\u015fma Hatt\u0131ndan\u00a0alabilirsiniz.<\/p>\t\t\t\t\t\t<\/div>\n\t\t\t\t<\/div>\n\t\t\t\t<div class=\"elementor-element elementor-element-95ce46b elementor-widget elementor-widget-spacer\" data-id=\"95ce46b\" data-element_type=\"widget\" data-widget_type=\"spacer.default\">\n\t\t\t\t<div class=\"elementor-widget-container\">\n\t\t\t\t\t<div class=\"elementor-spacer\">\n\t\t\t<div class=\"elementor-spacer-inner\"><\/div>\n\t\t<\/div>\n\t\t\t\t<\/div>\n\t\t\t\t<\/div>\n\t\t\t\t\t<\/div>\n\t\t<\/div>\n\t\t\t\t\t\t\t<\/div>\n\t\t<\/section>\n\t\t\t\t<section class=\"elementor-section elementor-top-section elementor-element elementor-element-35ca6d42 elementor-section-boxed elementor-section-height-default elementor-section-height-default\" data-id=\"35ca6d42\" data-element_type=\"section\" data-settings=\"{&quot;background_background&quot;:&quot;classic&quot;}\">\n\t\t\t\t\t\t<div class=\"elementor-container elementor-column-gap-default\">\n\t\t\t\t\t<div class=\"elementor-column elementor-col-100 elementor-top-column elementor-element elementor-element-172f6d10\" data-id=\"172f6d10\" data-element_type=\"column\">\n\t\t\t<div class=\"elementor-widget-wrap elementor-element-populated\">\n\t\t\t\t\t\t\t\t<div class=\"elementor-element elementor-element-361df48c elementor-widget elementor-widget-spacer\" data-id=\"361df48c\" data-element_type=\"widget\" data-widget_type=\"spacer.default\">\n\t\t\t\t<div class=\"elementor-widget-container\">\n\t\t\t\t\t<div class=\"elementor-spacer\">\n\t\t\t<div class=\"elementor-spacer-inner\"><\/div>\n\t\t<\/div>\n\t\t\t\t<\/div>\n\t\t\t\t<\/div>\n\t\t\t\t<div class=\"elementor-element elementor-element-2242147 elementor-widget elementor-widget-text-editor\" data-id=\"2242147\" data-element_type=\"widget\" data-widget_type=\"text-editor.default\">\n\t\t\t\t<div class=\"elementor-widget-container\">\n\t\t\t\t\t\t\t\u00c7ocuk ve ergenler COVID-19&#8217;a kar\u015f\u0131 nerede a\u015f\u0131lanabilir?\t\t\t\t\t\t<\/div>\n\t\t\t\t<\/div>\n\t\t\t\t<div class=\"elementor-element elementor-element-3cd9c87 elementor-widget elementor-widget-text-editor\" data-id=\"3cd9c87\" data-element_type=\"widget\" data-widget_type=\"text-editor.default\">\n\t\t\t\t<div class=\"elementor-widget-container\">\n\t\t\t\t\t\t\t<div><p>Korona a\u015f\u0131s\u0131n\u0131 \u00e7ocuk doktorlar\u0131nda ve aile hekimlerinde yapt\u0131rabilirsiniz. Ayr\u0131ca, eyaletinizde faaliyet g\u00f6steriyorlarsa, \u00fclke \u00e7ap\u0131nda a\u015f\u0131lama merkezlerinde veya yerel a\u015f\u0131 kampanyalar\u0131nda a\u015f\u0131 olabilirsiniz. \u00c7al\u0131\u015fanlar ve yak\u0131nlar\u0131 da \u015firket doktorlar\u0131 taraf\u0131ndan COVID-19 a\u015f\u0131s\u0131 yapt\u0131rabilirler. 25 May\u0131s 2022 tarihli koronavir\u00fcs a\u015f\u0131 y\u00f6netmeli\u011finin g\u00fcncellenmesinin ard\u0131ndan art\u0131k di\u015f hekimleri de korona a\u015f\u0131s\u0131 yapabilirler.<\/p><\/div>\t\t\t\t\t\t<\/div>\n\t\t\t\t<\/div>\n\t\t\t\t<div class=\"elementor-element elementor-element-569d8bd elementor-widget elementor-widget-text-editor\" data-id=\"569d8bd\" data-element_type=\"widget\" data-widget_type=\"text-editor.default\">\n\t\t\t\t<div class=\"elementor-widget-container\">\n\t\t\t\t\t\t\t<p>A\u015f\u0131 randevusuna giderken a\u015fa\u011f\u0131daki belgeleri yan\u0131n\u0131zda g\u00f6t\u00fcr\u00fcn:<\/p>\t\t\t\t\t\t<\/div>\n\t\t\t\t<\/div>\n\t\t\t\t<div class=\"elementor-element elementor-element-4d6ab04 elementor-widget elementor-widget-text-editor\" data-id=\"4d6ab04\" data-element_type=\"widget\" data-widget_type=\"text-editor.default\">\n\t\t\t\t<div class=\"elementor-widget-container\">\n\t\t\t\t\t\t\t<ul>\n \t<li>\u00c7ocu\u011funuzun kimlik kart\u0131<\/li><br>\n \t<li>\u00c7ocu\u011funuzun a\u015f\u0131 pasaportu (e\u011fer elinizde yoksa size bir yedek belge d\u00fczenlenir)<\/li><br>\n\n \t<li>Hijyen \u00f6nlemlerine uyabilmeniz i\u00e7in koruyucu maske<\/li>\t\t\t\t\t\t<\/div>\n\t\t\t\t<\/div>\n\t\t\t\t<div class=\"elementor-element elementor-element-d34ab7c elementor-widget elementor-widget-text-editor\" data-id=\"d34ab7c\" data-element_type=\"widget\" data-widget_type=\"text-editor.default\">\n\t\t\t\t<div class=\"elementor-widget-container\">\n\t\t\t\t\t\t\t<p>A\u015f\u0131y\u0131 yapacak doktorla konu\u015fmak ve olas\u0131 riskleri tartabilmek i\u00e7in, \u00e7ocu\u011funuzun hastal\u0131k hikayesi (\u00f6rne\u011fin alerji, havale ge\u00e7irme gibi) hakk\u0131nda bilgileri \u00f6nceden haz\u0131rlay\u0131n. Ayr\u0131ca a\u015f\u0131 sonras\u0131 \u00e7ocu\u011fun bir s\u00fcre g\u00f6zlem alt\u0131nda tutulaca\u011f\u0131n\u0131 g\u00f6zeterek (yakla\u015f\u0131k 15 dakika, kimi alt hastal\u0131klarda daha uzun bir s\u00fcrebilir) biraz zaman ay\u0131rman\u0131z gerekti\u011fini akl\u0131n\u0131zda bulundurun.<\/p><p>BioNTech\/Pfizer&#8217;in Comirnaty\u00ae a\u015f\u0131s\u0131, iki doz halinde \u00fc\u00e7 ila alt\u0131 hafta arayla \u00fcst kol kas\u0131na iki kez enjekte edilir. A\u015f\u0131, tam koruyucu etkisini ikinci a\u015f\u0131lamadan yakla\u015f\u0131k 14 g\u00fcn sonra sa\u011flar.<\/p>\t\t\t\t\t\t<\/div>\n\t\t\t\t<\/div>\n\t\t\t\t<div class=\"elementor-element elementor-element-7e16115 elementor-widget elementor-widget-spacer\" data-id=\"7e16115\" data-element_type=\"widget\" data-widget_type=\"spacer.default\">\n\t\t\t\t<div class=\"elementor-widget-container\">\n\t\t\t\t\t<div class=\"elementor-spacer\">\n\t\t\t<div class=\"elementor-spacer-inner\"><\/div>\n\t\t<\/div>\n\t\t\t\t<\/div>\n\t\t\t\t<\/div>\n\t\t\t\t<div class=\"elementor-element elementor-element-eba0c8c elementor-widget elementor-widget-text-editor\" data-id=\"eba0c8c\" data-element_type=\"widget\" data-widget_type=\"text-editor.default\">\n\t\t\t\t<div class=\"elementor-widget-container\">\n\t\t\t\t\t\t\t<p>G\u00fcncellik:<em> 06.2022,<\/em> Kaynak: Bundesministerium f\u00fcr Gesundheit<\/p>\t\t\t\t\t\t<\/div>\n\t\t\t\t<\/div>\n\t\t\t\t\t<\/div>\n\t\t<\/div>\n\t\t\t\t\t\t\t<\/div>\n\t\t<\/section>\n\t\t\t\t\t\t\t<\/div>\n\t\t","protected":false},"excerpt":{"rendered":"<p>\u00c7ocuklar ve Koruyucu Korona A\u015f\u0131s\u0131 \u00c7ocuklar ve Korona A\u015f\u0131s\u0131 Daimi A\u015f\u0131 Komisyonu (STIKO), A\u011fustos 2021&#8217;den beri 12 ya\u015f ve \u00fcst\u00fc t\u00fcm \u00e7ocuklar ve gen\u00e7lere BioNTech\/Pfizer&#8217;den Comirnaty\u00ae ile korona a\u015f\u0131s\u0131 yap\u0131lmas\u0131n\u0131 \u00f6nermektedir. Aral\u0131k ay\u0131n\u0131n ortas\u0131ndan itibaren 5 ila 11 ya\u015f aras\u0131ndaki \u00e7ocuklar da BioNTech\/Pfizer&#8217;in \u00f6zel olarak bu ya\u015f gurubu i\u00e7in uyarlanm\u0131\u015f a\u015f\u0131s\u0131 ile a\u015f\u0131lanabilmektedir. \u00c7ocuklara korona [&hellip;]<\/p>\n","protected":false},"author":1,"featured_media":0,"parent":0,"menu_order":0,"comment_status":"closed","ping_status":"closed","template":"","meta":[],"_links":{"self":[{"href":"https:\/\/covid-19-bilgi.de\/tr\/wp-json\/wp\/v2\/pages\/4955"}],"collection":[{"href":"https:\/\/covid-19-bilgi.de\/tr\/wp-json\/wp\/v2\/pages"}],"about":[{"href":"https:\/\/covid-19-bilgi.de\/tr\/wp-json\/wp\/v2\/types\/page"}],"author":[{"embeddable":true,"href":"https:\/\/covid-19-bilgi.de\/tr\/wp-json\/wp\/v2\/users\/1"}],"replies":[{"embeddable":true,"href":"https:\/\/covid-19-bilgi.de\/tr\/wp-json\/wp\/v2\/comments?post=4955"}],"version-history":[{"count":139,"href":"https:\/\/covid-19-bilgi.de\/tr\/wp-json\/wp\/v2\/pages\/4955\/revisions"}],"predecessor-version":[{"id":8370,"href":"https:\/\/covid-19-bilgi.de\/tr\/wp-json\/wp\/v2\/pages\/4955\/revisions\/8370"}],"wp:attachment":[{"href":"https:\/\/covid-19-bilgi.de\/tr\/wp-json\/wp\/v2\/media?parent=4955"}],"curies":[{"name":"wp","href":"https:\/\/api.w.org\/{rel}","templated":true}]}}