{"id":1564,"date":"2021-04-26T08:33:02","date_gmt":"2021-04-26T06:33:02","guid":{"rendered":"https:\/\/covid-19-bilgi.de\/?page_id=1564"},"modified":"2021-04-29T09:25:18","modified_gmt":"2021-04-29T07:25:18","slug":"hakkimizda","status":"publish","type":"page","link":"https:\/\/covid-19-bilgi.de\/tr\/hakkimizda\/","title":{"rendered":"Hakk\u0131m\u0131zda"},"content":{"rendered":"\t\t<div data-elementor-type=\"wp-page\" data-elementor-id=\"1564\" class=\"elementor elementor-1564\">\n\t\t\t\t\t\t\t\t\t<section class=\"elementor-section elementor-top-section elementor-element elementor-element-1bc3e607 elementor-section-full_width elementor-section-height-default elementor-section-height-default\" data-id=\"1bc3e607\" data-element_type=\"section\" data-settings=\"{&quot;background_background&quot;:&quot;classic&quot;}\">\n\t\t\t\t\t\t\t<div class=\"elementor-background-overlay\"><\/div>\n\t\t\t\t\t\t\t<div class=\"elementor-container elementor-column-gap-default\">\n\t\t\t\t\t<div class=\"elementor-column elementor-col-100 elementor-top-column elementor-element elementor-element-20f216ed\" data-id=\"20f216ed\" data-element_type=\"column\" data-settings=\"{&quot;background_background&quot;:&quot;classic&quot;}\">\n\t\t\t<div class=\"elementor-widget-wrap elementor-element-populated\">\n\t\t\t\t\t<div class=\"elementor-background-overlay\"><\/div>\n\t\t\t\t\t\t\t\t<div class=\"elementor-element elementor-element-11489185 elementor-widget elementor-widget-heading\" data-id=\"11489185\" data-element_type=\"widget\" data-widget_type=\"heading.default\">\n\t\t\t\t<div class=\"elementor-widget-container\">\n\t\t\t<h2 class=\"elementor-heading-title elementor-size-default\">30 Y\u0131l\u0131 A\u015fk\u0131n<\/h2>\t\t<\/div>\n\t\t\t\t<\/div>\n\t\t\t\t<div class=\"elementor-element elementor-element-41eb36fb elementor-widget-divider--view-line elementor-invisible elementor-widget elementor-widget-divider\" data-id=\"41eb36fb\" data-element_type=\"widget\" data-settings=\"{&quot;_animation&quot;:&quot;fadeInLeft&quot;}\" data-widget_type=\"divider.default\">\n\t\t\t\t<div class=\"elementor-widget-container\">\n\t\t\t\t\t<div class=\"elementor-divider\">\n\t\t\t<span class=\"elementor-divider-separator\">\n\t\t\t\t\t\t<\/span>\n\t\t<\/div>\n\t\t\t\t<\/div>\n\t\t\t\t<\/div>\n\t\t\t\t<div class=\"elementor-element elementor-element-6e7a2e12 elementor-widget elementor-widget-heading\" data-id=\"6e7a2e12\" data-element_type=\"widget\" data-widget_type=\"heading.default\">\n\t\t\t\t<div class=\"elementor-widget-container\">\n\t\t\t<h1 class=\"elementor-heading-title elementor-size-default\">Gururla<\/h1>\t\t<\/div>\n\t\t\t\t<\/div>\n\t\t\t\t<div class=\"elementor-element elementor-element-3a26f0eb elementor-widget elementor-widget-heading\" data-id=\"3a26f0eb\" data-element_type=\"widget\" data-widget_type=\"heading.default\">\n\t\t\t\t<div class=\"elementor-widget-container\">\n\t\t\t<h2 class=\"elementor-heading-title elementor-size-default\">G\u00f6\u00e7men Sa\u011fl\u0131k Sorunlar\u0131na \u00a0Odakland\u0131k<\/h2>\t\t<\/div>\n\t\t\t\t<\/div>\n\t\t\t\t\t<\/div>\n\t\t<\/div>\n\t\t\t\t\t\t\t<\/div>\n\t\t<\/section>\n\t\t\t\t<section class=\"elementor-section elementor-top-section elementor-element elementor-element-6dbc3820 elementor-section-boxed elementor-section-height-default elementor-section-height-default\" data-id=\"6dbc3820\" data-element_type=\"section\" data-settings=\"{&quot;background_background&quot;:&quot;classic&quot;}\">\n\t\t\t\t\t\t<div class=\"elementor-container elementor-column-gap-default\">\n\t\t\t\t\t<div class=\"elementor-column elementor-col-100 elementor-top-column elementor-element elementor-element-361074cc\" data-id=\"361074cc\" data-element_type=\"column\">\n\t\t\t<div class=\"elementor-widget-wrap elementor-element-populated\">\n\t\t\t\t\t\t\t\t<div class=\"elementor-element elementor-element-697652c9 elementor-widget elementor-widget-heading\" data-id=\"697652c9\" data-element_type=\"widget\" data-widget_type=\"heading.default\">\n\t\t\t\t<div class=\"elementor-widget-container\">\n\t\t\t<h2 class=\"elementor-heading-title elementor-size-default\">T\u00fcrk Alman Sa\u011fl\u0131k Vakf\u0131<\/h2>\t\t<\/div>\n\t\t\t\t<\/div>\n\t\t\t\t<div class=\"elementor-element elementor-element-7a03bb29 elementor-widget elementor-widget-text-editor\" data-id=\"7a03bb29\" data-element_type=\"widget\" data-widget_type=\"text-editor.default\">\n\t\t\t\t<div class=\"elementor-widget-container\">\n\t\t\t\t\t\t\t<p>G\u00f6\u00e7men Sa\u011fl\u0131\u011f\u0131 Bizim Sorunumuz!<\/p>\t\t\t\t\t\t<\/div>\n\t\t\t\t<\/div>\n\t\t\t\t<div class=\"elementor-element elementor-element-5af4c27a elementor-widget elementor-widget-text-editor\" data-id=\"5af4c27a\" data-element_type=\"widget\" data-widget_type=\"text-editor.default\">\n\t\t\t\t<div class=\"elementor-widget-container\">\n\t\t\t\t\t\t\t<p>T\u00fcrk- Alman Sa\u011fl\u0131k Vakf\u0131, 1988 y\u0131l\u0131nda Frankfurt \u015fehrinde \u00a0kuruldu.\u00a0Merkezi, Almanya\u2019n\u0131n Hessen eyaletine ba\u011fl\u0131 Giessen \u015fehrindedir.\u00a0Vakf\u0131n Kurulu\u015f sebebi, kurucu ba\u015fkan Dr. Ya\u015far Bilgin\u2019in Giessen \u015fehrindeki Justus Liebig \u00fcniversitesi hastanesinde yapt\u0131\u011f\u0131 g\u00f6zlemleri ve deneyimleridir.<\/p>\n\n<p>Lisan yetersizli\u011fi, k\u00fclt\u00fcrel farkl\u0131l\u0131klar ve genellikle empati eksikli\u011fi nedeniyle, doktor-hasta ili\u015fkisinde hastal\u0131k tan\u0131s\u0131n\u0131n te\u015fhis edilmesine etki eden ileti\u015fim eksiklikleri vard\u0131.\u00a0Baz\u0131 hastal\u0131klar\u0131n g\u00f6r\u00fclme oran\u0131n\u0131n fark dikkat \u00e7ekiciydi. \u00d6rne\u011fin T\u00fcrk erkeklerinde kalp krizi say\u0131s\u0131 Alman erkeklerinden hem daha s\u0131k hem de on y\u0131l daha erkendi. Bu ve bunun gibi \u00e7ok \u00f6zel t\u0131bbi g\u00f6\u00e7men sorunlar\u0131na odaklan\u0131ld\u0131, sebepleri ara\u015ft\u0131r\u0131ld\u0131.<\/p>\n\n<p>Bu ara\u015ft\u0131rmalar\u0131n en g\u00fczel \u00f6rne\u011fi &#8220;Memleket\u00a0Hasreti Semptomu\u201d dur.\u00a0 Vak\u0131f, doktor ve g\u00f6\u00e7menlerin psikosomatik kar\u0131n a\u011fr\u0131s\u0131 olarak te\u015fhis etti\u011fi\u00a0Memleket \u00a0Hasreti Semptomu\u2019nun nedeninin genellikle Helico bakterisinin bakteriyel enfeksiyonu oldu\u011funu bilimsel \u00e7al\u0131\u015fmalarla kan\u0131tlay\u0131p, d\u00fczeltmi\u015ftir.<\/p>\n\n<p>T\u00fcm bunlar, Giessen t\u0131p fak\u00fcltesinde bir &#8220;Bilimsel Klinik Uzmanl\u0131k Merkez olu\u015fturmam\u0131z\u0131 sa\u011flad\u0131. G\u00f6\u00e7menler t\u0131bb\u0131 (Migranten medizin) uzmanl\u0131\u011f\u0131m\u0131z, Hessen Ba\u015fbakan\u0131 taraf\u0131ndan 2005 Hessen Entegrasyon \u00d6d\u00fcl\u00fc&#8217;ne lay\u0131k g\u00f6r\u00fcld\u00fc.<\/p>\n\n<p>30 y\u0131l\u0131n \u00fczerinde\u00a0g\u00f6\u00e7menlere, doktorluk mesle\u011fi d\u0131\u015f\u0131ndaki t\u0131bbi alanlarda e\u011fitim veren ve bu alanda onlar\u0131 te\u015fvik eden, e\u011fitimlerini yak\u0131ndan takip eden T\u00fcrk-Alman Sa\u011fl\u0131k Vakf\u0131, kamu yarar\u0131na \u00e7al\u0131\u015fan bir kurumdur.<\/p>\n\n<p>Bu desteklerin ba\u015f\u0131nda, e\u011fitimlerine e\u015flik eden destek kurslar\u0131 ve ald\u0131klar\u0131 meslek e\u011fitimlerin temelini olu\u015fturan \u00f6zel bran\u015f dil kurslar\u0131 gelmektedir. TASV 2008 y\u0131l\u0131ndan bu yana, g\u00f6\u00e7menlerin dil e\u011fitimleri ile ilgili ciddi i\u015flere imza atm\u0131\u015ft\u0131r. Bunun yan\u0131 s\u0131ra T\u00fcrk- Alman Sa\u011fl\u0131k Vakf\u0131, e\u011fitim standartlar\u0131, pilot projesi \u00e7er\u00e7evesinde belirlenen rehberler ve dan\u0131\u015fmanlar yeti\u015ftirmektedir.<\/p>\n\n<p>Kurumun Giessen&#8217;deki merkezinin yan\u0131 s\u0131ra Almanya ve T\u00fcrkiye&#8217;de de \u015fubeler bulunmaktad\u0131r.<p>\n\n<p>T\u00fcrk Alman Sa\u011fl\u0131k Vakf\u0131, Hem Almanya\u2019da hem de T\u00fcrkiye\u2019deki, Sa\u011fl\u0131k Bakanl\u0131klar\u0131, Aile ve Sosyal \u0130\u015fler Bakanl\u0131klar\u0131, \u00c7al\u0131\u015fma Bakanl\u0131klar\u0131, ayr\u0131yeten Gie\u00dfen, Marburg, Heidelberg, Augsburg, Fulda gibi Alman ve Ankara, Malatya, Mersin, Zonguldak ve Istanbul gibi T\u00fcrk \u00dcniversite Hastaneleriyle, Sivil Toplum \u00d6rg\u00fctleri ve kurumlar ba\u015fta olmak \u00fczere \u00e7e\u015fitli kurulu\u015flarla, sa\u011fl\u0131k ve toplumsal alanlarda birlikte \u00e7al\u0131\u015fmaktad\u0131r.<p>\t\t\t\t\t\t<\/div>\n\t\t\t\t<\/div>\n\t\t\t\t\t<\/div>\n\t\t<\/div>\n\t\t\t\t\t\t\t<\/div>\n\t\t<\/section>\n\t\t\t\t<section class=\"elementor-section elementor-top-section elementor-element elementor-element-20da48e6 elementor-section-boxed elementor-section-height-default elementor-section-height-default\" data-id=\"20da48e6\" data-element_type=\"section\" data-settings=\"{&quot;background_background&quot;:&quot;classic&quot;}\">\n\t\t\t\t\t\t<div class=\"elementor-container elementor-column-gap-default\">\n\t\t\t\t\t<div class=\"elementor-column elementor-col-100 elementor-top-column elementor-element elementor-element-8390816\" data-id=\"8390816\" data-element_type=\"column\" data-settings=\"{&quot;background_background&quot;:&quot;classic&quot;}\">\n\t\t\t<div class=\"elementor-widget-wrap elementor-element-populated\">\n\t\t\t\t\t<div class=\"elementor-background-overlay\"><\/div>\n\t\t\t\t\t\t\t\t<div class=\"elementor-element elementor-element-85b197a elementor-widget elementor-widget-spacer\" data-id=\"85b197a\" data-element_type=\"widget\" data-widget_type=\"spacer.default\">\n\t\t\t\t<div class=\"elementor-widget-container\">\n\t\t\t\t\t<div class=\"elementor-spacer\">\n\t\t\t<div class=\"elementor-spacer-inner\"><\/div>\n\t\t<\/div>\n\t\t\t\t<\/div>\n\t\t\t\t<\/div>\n\t\t\t\t<div class=\"elementor-element elementor-element-6c4a154 elementor-widget elementor-widget-heading\" data-id=\"6c4a154\" data-element_type=\"widget\" data-widget_type=\"heading.default\">\n\t\t\t\t<div class=\"elementor-widget-container\">\n\t\t\t<h2 class=\"elementor-heading-title elementor-size-default\">\u0130lginizi \u00e7ekti mi?<\/h2>\t\t<\/div>\n\t\t\t\t<\/div>\n\t\t\t\t<div class=\"elementor-element elementor-element-393db64 elementor-align-center elementor-invisible elementor-widget elementor-widget-button\" data-id=\"393db64\" data-element_type=\"widget\" data-settings=\"{&quot;_animation&quot;:&quot;fadeInUp&quot;}\" data-widget_type=\"button.default\">\n\t\t\t\t<div class=\"elementor-widget-container\">\n\t\t\t\t\t<div class=\"elementor-button-wrapper\">\n\t\t\t<a href=\"http:\/\/www.tdgstiftung.de\" target=\"_blank\" class=\"elementor-button-link elementor-button elementor-size-md elementor-animation-grow\" role=\"button\">\n\t\t\t\t\t\t<span class=\"elementor-button-content-wrapper\">\n\t\t\t\t\t\t<span class=\"elementor-button-text\">Sitemizi Ziyaret Edebilirsiniz<\/span>\n\t\t<\/span>\n\t\t\t\t\t<\/a>\n\t\t<\/div>\n\t\t\t\t<\/div>\n\t\t\t\t<\/div>\n\t\t\t\t\t<\/div>\n\t\t<\/div>\n\t\t\t\t\t\t\t<\/div>\n\t\t<\/section>\n\t\t\t\t<section class=\"elementor-section elementor-top-section elementor-element elementor-element-1682d17a elementor-section-boxed elementor-section-height-default elementor-section-height-default\" data-id=\"1682d17a\" data-element_type=\"section\" data-settings=\"{&quot;background_background&quot;:&quot;classic&quot;}\">\n\t\t\t\t\t\t<div class=\"elementor-container elementor-column-gap-default\">\n\t\t\t\t\t<div class=\"elementor-column elementor-col-100 elementor-top-column elementor-element elementor-element-22953d52\" data-id=\"22953d52\" data-element_type=\"column\">\n\t\t\t<div class=\"elementor-widget-wrap elementor-element-populated\">\n\t\t\t\t\t\t\t\t<div class=\"elementor-element elementor-element-60b12a3 elementor-widget elementor-widget-spacer\" data-id=\"60b12a3\" data-element_type=\"widget\" data-widget_type=\"spacer.default\">\n\t\t\t\t<div class=\"elementor-widget-container\">\n\t\t\t\t\t<div class=\"elementor-spacer\">\n\t\t\t<div class=\"elementor-spacer-inner\"><\/div>\n\t\t<\/div>\n\t\t\t\t<\/div>\n\t\t\t\t<\/div>\n\t\t\t\t\t<\/div>\n\t\t<\/div>\n\t\t\t\t\t\t\t<\/div>\n\t\t<\/section>\n\t\t\t\t<section class=\"elementor-section elementor-top-section elementor-element elementor-element-da3f0b0 elementor-section-boxed elementor-section-height-default elementor-section-height-default\" data-id=\"da3f0b0\" data-element_type=\"section\">\n\t\t\t\t\t\t<div class=\"elementor-container elementor-column-gap-default\">\n\t\t\t\t\t<div class=\"elementor-column elementor-col-100 elementor-top-column elementor-element elementor-element-be6ce23\" data-id=\"be6ce23\" data-element_type=\"column\">\n\t\t\t<div class=\"elementor-widget-wrap elementor-element-populated\">\n\t\t\t\t\t\t\t\t<div class=\"elementor-element elementor-element-30c028f elementor-widget elementor-widget-text-editor\" data-id=\"30c028f\" data-element_type=\"widget\" data-widget_type=\"text-editor.default\">\n\t\t\t\t<div class=\"elementor-widget-container\">\n\t\t\t\t\t\t\t<p>Daha Fazla Bilgi \u0130\u00e7in<\/p>\t\t\t\t\t\t<\/div>\n\t\t\t\t<\/div>\n\t\t\t\t<div class=\"elementor-element elementor-element-b6bcc26 elementor-widget elementor-widget-text-editor\" data-id=\"b6bcc26\" data-element_type=\"widget\" data-widget_type=\"text-editor.default\">\n\t\t\t\t<div class=\"elementor-widget-container\">\n\t\t\t\t\t\t\t<div><span lang=\"TR\">T\u00fcrk Alman Sa\u011fl\u0131k Vakf\u0131<\/span><\/div>\t\t\t\t\t\t<\/div>\n\t\t\t\t<\/div>\n\t\t\t\t\t<\/div>\n\t\t<\/div>\n\t\t\t\t\t\t\t<\/div>\n\t\t<\/section>\n\t\t\t\t<section class=\"elementor-section elementor-top-section elementor-element elementor-element-269152eb elementor-section-boxed elementor-section-height-default elementor-section-height-default\" data-id=\"269152eb\" data-element_type=\"section\">\n\t\t\t\t\t\t<div class=\"elementor-container elementor-column-gap-default\">\n\t\t\t\t\t<div class=\"elementor-column elementor-col-50 elementor-top-column elementor-element elementor-element-2f04f546\" data-id=\"2f04f546\" data-element_type=\"column\">\n\t\t\t<div class=\"elementor-widget-wrap elementor-element-populated\">\n\t\t\t\t\t\t\t\t<div class=\"elementor-element elementor-element-8a6db2b elementor-view-default elementor-widget elementor-widget-icon\" data-id=\"8a6db2b\" data-element_type=\"widget\" data-widget_type=\"icon.default\">\n\t\t\t\t<div class=\"elementor-widget-container\">\n\t\t\t\t\t<div class=\"elementor-icon-wrapper\">\n\t\t\t<div class=\"elementor-icon\">\n\t\t\t<i aria-hidden=\"true\" class=\"fas fa-phone\"><\/i>\t\t\t<\/div>\n\t\t<\/div>\n\t\t\t\t<\/div>\n\t\t\t\t<\/div>\n\t\t\t\t<div class=\"elementor-element elementor-element-e65f6e3 elementor-widget elementor-widget-text-editor\" data-id=\"e65f6e3\" data-element_type=\"widget\" data-widget_type=\"text-editor.default\">\n\t\t\t\t<div class=\"elementor-widget-container\">\n\t\t\t\t\t\t\t<p>\u00a0<a href=\"tel:+496419661160\">0641-966116-0<\/a><\/p>\t\t\t\t\t\t<\/div>\n\t\t\t\t<\/div>\n\t\t\t\t\t<\/div>\n\t\t<\/div>\n\t\t\t\t<div class=\"elementor-column elementor-col-50 elementor-top-column elementor-element elementor-element-0e6e628\" data-id=\"0e6e628\" data-element_type=\"column\">\n\t\t\t<div class=\"elementor-widget-wrap elementor-element-populated\">\n\t\t\t\t\t\t\t\t<div class=\"elementor-element elementor-element-376fc51 elementor-view-default elementor-widget elementor-widget-icon\" data-id=\"376fc51\" data-element_type=\"widget\" data-widget_type=\"icon.default\">\n\t\t\t\t<div class=\"elementor-widget-container\">\n\t\t\t\t\t<div class=\"elementor-icon-wrapper\">\n\t\t\t<div class=\"elementor-icon\">\n\t\t\t<i aria-hidden=\"true\" class=\"fas fa-mail-bulk\"><\/i>\t\t\t<\/div>\n\t\t<\/div>\n\t\t\t\t<\/div>\n\t\t\t\t<\/div>\n\t\t\t\t<div class=\"elementor-element elementor-element-39708bc elementor-widget elementor-widget-text-editor\" data-id=\"39708bc\" data-element_type=\"widget\" data-widget_type=\"text-editor.default\">\n\t\t\t\t<div class=\"elementor-widget-container\">\n\t\t\t\t\t\t\t<p><a href=\"mailto:info@tdgstiftung.de\">info@tdgstiftung.de<\/a><\/p>\t\t\t\t\t\t<\/div>\n\t\t\t\t<\/div>\n\t\t\t\t\t<\/div>\n\t\t<\/div>\n\t\t\t\t\t\t\t<\/div>\n\t\t<\/section>\n\t\t\t\t<section class=\"elementor-section elementor-top-section elementor-element elementor-element-2e83e78 elementor-section-boxed elementor-section-height-default elementor-section-height-default\" data-id=\"2e83e78\" data-element_type=\"section\" data-settings=\"{&quot;background_background&quot;:&quot;classic&quot;}\">\n\t\t\t\t\t\t<div class=\"elementor-container elementor-column-gap-default\">\n\t\t\t\t\t<div class=\"elementor-column elementor-col-100 elementor-top-column elementor-element elementor-element-85ae9c3\" data-id=\"85ae9c3\" data-element_type=\"column\" data-settings=\"{&quot;background_background&quot;:&quot;classic&quot;}\">\n\t\t\t<div class=\"elementor-widget-wrap elementor-element-populated\">\n\t\t\t\t\t<div class=\"elementor-background-overlay\"><\/div>\n\t\t\t\t\t\t\t\t<div class=\"elementor-element elementor-element-319afd9 elementor-widget-tablet__width-inherit elementor-widget-mobile__width-auto elementor-widget elementor-widget-spacer\" data-id=\"319afd9\" data-element_type=\"widget\" data-widget_type=\"spacer.default\">\n\t\t\t\t<div class=\"elementor-widget-container\">\n\t\t\t\t\t<div class=\"elementor-spacer\">\n\t\t\t<div class=\"elementor-spacer-inner\"><\/div>\n\t\t<\/div>\n\t\t\t\t<\/div>\n\t\t\t\t<\/div>\n\t\t\t\t\t<\/div>\n\t\t<\/div>\n\t\t\t\t\t\t\t<\/div>\n\t\t<\/section>\n\t\t\t\t\t\t\t<\/div>\n\t\t","protected":false},"excerpt":{"rendered":"<p>30 Y\u0131l\u0131 A\u015fk\u0131n Gururla G\u00f6\u00e7men Sa\u011fl\u0131k Sorunlar\u0131na \u00a0Odakland\u0131k T\u00fcrk Alman Sa\u011fl\u0131k Vakf\u0131 G\u00f6\u00e7men Sa\u011fl\u0131\u011f\u0131 Bizim Sorunumuz! T\u00fcrk- Alman Sa\u011fl\u0131k Vakf\u0131, 1988 y\u0131l\u0131nda Frankfurt \u015fehrinde \u00a0kuruldu.\u00a0Merkezi, Almanya\u2019n\u0131n Hessen eyaletine ba\u011fl\u0131 Giessen \u015fehrindedir.\u00a0Vakf\u0131n Kurulu\u015f sebebi, kurucu ba\u015fkan Dr. Ya\u015far Bilgin\u2019in Giessen \u015fehrindeki Justus Liebig \u00fcniversitesi hastanesinde yapt\u0131\u011f\u0131 g\u00f6zlemleri ve deneyimleridir. Lisan yetersizli\u011fi, k\u00fclt\u00fcrel farkl\u0131l\u0131klar ve genellikle empati [&hellip;]<\/p>\n","protected":false},"author":1,"featured_media":0,"parent":0,"menu_order":0,"comment_status":"closed","ping_status":"closed","template":"","meta":[],"_links":{"self":[{"href":"https:\/\/covid-19-bilgi.de\/tr\/wp-json\/wp\/v2\/pages\/1564"}],"collection":[{"href":"https:\/\/covid-19-bilgi.de\/tr\/wp-json\/wp\/v2\/pages"}],"about":[{"href":"https:\/\/covid-19-bilgi.de\/tr\/wp-json\/wp\/v2\/types\/page"}],"author":[{"embeddable":true,"href":"https:\/\/covid-19-bilgi.de\/tr\/wp-json\/wp\/v2\/users\/1"}],"replies":[{"embeddable":true,"href":"https:\/\/covid-19-bilgi.de\/tr\/wp-json\/wp\/v2\/comments?post=1564"}],"version-history":[{"count":61,"href":"https:\/\/covid-19-bilgi.de\/tr\/wp-json\/wp\/v2\/pages\/1564\/revisions"}],"predecessor-version":[{"id":1791,"href":"https:\/\/covid-19-bilgi.de\/tr\/wp-json\/wp\/v2\/pages\/1564\/revisions\/1791"}],"wp:attachment":[{"href":"https:\/\/covid-19-bilgi.de\/tr\/wp-json\/wp\/v2\/media?parent=1564"}],"curies":[{"name":"wp","href":"https:\/\/api.w.org\/{rel}","templated":true}]}}