{"id":1294,"date":"2021-04-22T08:38:22","date_gmt":"2021-04-22T08:38:22","guid":{"rendered":"http:\/\/covid-19-bilgi.de\/?page_id=1294"},"modified":"2022-11-25T10:16:38","modified_gmt":"2022-11-25T08:16:38","slug":"belirtileri-nelerdir","status":"publish","type":"page","link":"https:\/\/covid-19-bilgi.de\/tr\/belirtileri-nelerdir\/","title":{"rendered":"Belirtileri"},"content":{"rendered":"\t\t<div data-elementor-type=\"wp-page\" data-elementor-id=\"1294\" class=\"elementor elementor-1294\">\n\t\t\t\t\t\t\t\t\t<section class=\"elementor-section elementor-top-section elementor-element elementor-element-1d33d601 elementor-section-full_width elementor-section-height-default elementor-section-height-default\" data-id=\"1d33d601\" data-element_type=\"section\" data-settings=\"{&quot;background_background&quot;:&quot;classic&quot;}\">\n\t\t\t\t\t\t\t<div class=\"elementor-background-overlay\"><\/div>\n\t\t\t\t\t\t\t<div class=\"elementor-container elementor-column-gap-default\">\n\t\t\t\t\t<div class=\"elementor-column elementor-col-100 elementor-top-column elementor-element elementor-element-1d4bdbaa\" data-id=\"1d4bdbaa\" data-element_type=\"column\">\n\t\t\t<div class=\"elementor-widget-wrap elementor-element-populated\">\n\t\t\t\t\t\t\t\t<div class=\"elementor-element elementor-element-23ff72c4 elementor-widget elementor-widget-heading\" data-id=\"23ff72c4\" data-element_type=\"widget\" data-widget_type=\"heading.default\">\n\t\t\t\t<div class=\"elementor-widget-container\">\n\t\t\t<h2 class=\"elementor-heading-title elementor-size-default\">Covid-19<\/h2>\t\t<\/div>\n\t\t\t\t<\/div>\n\t\t\t\t<div class=\"elementor-element elementor-element-45c53ffc elementor-widget-divider--view-line elementor-invisible elementor-widget elementor-widget-divider\" data-id=\"45c53ffc\" data-element_type=\"widget\" data-settings=\"{&quot;_animation&quot;:&quot;fadeInLeft&quot;}\" data-widget_type=\"divider.default\">\n\t\t\t\t<div class=\"elementor-widget-container\">\n\t\t\t\t\t<div class=\"elementor-divider\">\n\t\t\t<span class=\"elementor-divider-separator\">\n\t\t\t\t\t\t<\/span>\n\t\t<\/div>\n\t\t\t\t<\/div>\n\t\t\t\t<\/div>\n\t\t\t\t<div class=\"elementor-element elementor-element-1dee5313 elementor-widget elementor-widget-heading\" data-id=\"1dee5313\" data-element_type=\"widget\" data-widget_type=\"heading.default\">\n\t\t\t\t<div class=\"elementor-widget-container\">\n\t\t\t<h1 class=\"elementor-heading-title elementor-size-default\">Belirtileri Nelerdir?<\/h1>\t\t<\/div>\n\t\t\t\t<\/div>\n\t\t\t\t\t<\/div>\n\t\t<\/div>\n\t\t\t\t\t\t\t<\/div>\n\t\t<\/section>\n\t\t\t\t<section class=\"elementor-section elementor-top-section elementor-element elementor-element-6c8dfd66 elementor-section-boxed elementor-section-height-default elementor-section-height-default\" data-id=\"6c8dfd66\" data-element_type=\"section\" data-settings=\"{&quot;background_background&quot;:&quot;classic&quot;}\">\n\t\t\t\t\t\t<div class=\"elementor-container elementor-column-gap-default\">\n\t\t\t\t\t<div class=\"elementor-column elementor-col-100 elementor-top-column elementor-element elementor-element-5f938d5b\" data-id=\"5f938d5b\" data-element_type=\"column\">\n\t\t\t<div class=\"elementor-widget-wrap elementor-element-populated\">\n\t\t\t\t\t\t\t\t<div class=\"elementor-element elementor-element-43f474d1 elementor-widget elementor-widget-spacer\" data-id=\"43f474d1\" data-element_type=\"widget\" data-widget_type=\"spacer.default\">\n\t\t\t\t<div class=\"elementor-widget-container\">\n\t\t\t\t\t<div class=\"elementor-spacer\">\n\t\t\t<div class=\"elementor-spacer-inner\"><\/div>\n\t\t<\/div>\n\t\t\t\t<\/div>\n\t\t\t\t<\/div>\n\t\t\t\t<div class=\"elementor-element elementor-element-40973027 elementor-widget elementor-widget-text-editor\" data-id=\"40973027\" data-element_type=\"widget\" data-widget_type=\"text-editor.default\">\n\t\t\t\t<div class=\"elementor-widget-container\">\n\t\t\t\t\t\t\t<p>\u00a0Hangi belirtiler ortaya \u00e7\u0131kabilir?<\/p>\t\t\t\t\t\t<\/div>\n\t\t\t\t<\/div>\n\t\t\t\t<div class=\"elementor-element elementor-element-8c954b9 elementor-widget elementor-widget-text-editor\" data-id=\"8c954b9\" data-element_type=\"widget\" data-widget_type=\"text-editor.default\">\n\t\t\t\t<div class=\"elementor-widget-container\">\n\t\t\t\t\t\t\t<p>En s\u0131k g\u00f6r\u00fclen hastal\u0131k belirtileri aras\u0131nda kuru \u00f6ks\u00fcr\u00fck, burun akmas\u0131 ve 38 derecenin \u00fczerinde ate\u015f yer al\u0131r. Ancak bunun yan\u0131 s\u0131ra, nefes darl\u0131\u011f\u0131, halsizlik, kas ve eklem a\u011fr\u0131s\u0131, ayr\u0131ca bo\u011faz ve ba\u015f a\u011fr\u0131s\u0131 gibi bir dizi ba\u015fka belirti g\u00f6r\u00fclebilir. Bunun d\u0131\u015f\u0131nda, bir\u00e7ok hastada koku ve tat alma duyusu ge\u00e7ici bir s\u00fcreli\u011fine etkilenebilir. Ender durumlarda mide bulant\u0131s\u0131, kar\u0131n a\u011fr\u0131s\u0131, ishal, konjonktivit (g\u00f6zde iltihaplanma), lenf bezlerinde \u015fi\u015fme ve uyku hali (somnolans) gibi belirtiler de g\u00f6r\u00fclebilir. \u0130leri derecede a\u011f\u0131r seyreden vakalarda, hastalar zat\u00fcrreye de yakalanabilir ve bu durumda yo\u011fun bak\u0131mda tedavi g\u00f6rmeleri gerekir. Belirtiler ve g\u00f6sterdikleri \u015fiddet aras\u0131nda da hastadan hastaya farkl\u0131l\u0131klar g\u00f6r\u00fclebilir. \u201cTipik\u201d diye nitelenebilecek ve a\u00e7\u0131k bir \u015fekilde COV\u0130D-19 te\u015fhisi konulmas\u0131n\u0131 sa\u011flayacak belirtiler yoktur. Belirli baz\u0131 risk fakt\u00f6rleri de a\u011f\u0131r hastal\u0131k seyrine yol a\u00e7abilir.<\/p>\t\t\t\t\t\t<\/div>\n\t\t\t\t<\/div>\n\t\t\t\t<div class=\"elementor-element elementor-element-215b88ab elementor-widget elementor-widget-text-editor\" data-id=\"215b88ab\" data-element_type=\"widget\" data-widget_type=\"text-editor.default\">\n\t\t\t\t<div class=\"elementor-widget-container\">\n\t\t\t\t\t\t\t<div><span lang=\"TR\">Belirtiler \u00a0ba\u015flarsa ne yapmal\u0131y\u0131m?<\/span><\/div>\t\t\t\t\t\t<\/div>\n\t\t\t\t<\/div>\n\t\t\t\t<div class=\"elementor-element elementor-element-73f534f elementor-widget elementor-widget-text-editor\" data-id=\"73f534f\" data-element_type=\"widget\" data-widget_type=\"text-editor.default\">\n\t\t\t\t<div class=\"elementor-widget-container\">\n\t\t\t\t\t\t\t<p>COV\u0130D-19\u2019a yakalanm\u0131\u015f olma \u015f\u00fcphesini uyand\u0131ran hastal\u0131k belirtilerini tespit etti\u011finiz anda, kendiniz evinizde izole etmelisiniz. Ba\u015fkalar\u0131n\u0131 da enfeksiyon tehlikesine maruz b\u0131rakmamak i\u00e7in, insanlarla temas\u0131n\u0131z\u0131 m\u00fcmk\u00fcn olan en asgariye d\u00fczeye d\u00fc\u015f\u00fcr\u00fcn. So\u011fuk alg\u0131nl\u0131\u011f\u0131 belirtisi veya yukar\u0131da say\u0131lan COV\u0130D-19 belirtileri hisseden veya CARS-CoV-2 test sonucu pozitif olan bir ki\u015fiyle temasta bulunmu\u015f herkesin, telefonla aile hekimine durumu bildirmesi gerekir. L\u00fctfen \u015fahsen aile hekiminizin muayenehanesine gitmeyin, aksine sonra at\u0131lmas\u0131 gereken ad\u0131mlar\u0131 telefonla g\u00f6r\u00fc\u015ferek belirleyin. Bu \u015fekilde vir\u00fcs\u00fcn ba\u015fkalar\u0131na bula\u015fmas\u0131n\u0131 engelleyebilirsiniz. Muayenehanelerin kapal\u0131 oldu\u011fu saatlerde, Almanya\u2019n\u0131n her yerinden 0800 0000837 No\u2019lu yabanc\u0131 dil telefon yard\u0131m hatt\u0131ndan n\u00f6bet\u00e7i hekim servisini arayabilirsiniz.<\/p>\t\t\t\t\t\t<\/div>\n\t\t\t\t<\/div>\n\t\t\t\t\t<\/div>\n\t\t<\/div>\n\t\t\t\t\t\t\t<\/div>\n\t\t<\/section>\n\t\t\t\t<section class=\"elementor-section elementor-top-section elementor-element elementor-element-2e89917e elementor-section-boxed elementor-section-height-default elementor-section-height-default\" data-id=\"2e89917e\" data-element_type=\"section\" data-settings=\"{&quot;background_background&quot;:&quot;classic&quot;}\">\n\t\t\t\t\t\t\t<div class=\"elementor-background-overlay\"><\/div>\n\t\t\t\t\t\t\t<div class=\"elementor-container elementor-column-gap-default\">\n\t\t\t\t\t<div class=\"elementor-column elementor-col-100 elementor-top-column elementor-element elementor-element-512553ee\" data-id=\"512553ee\" data-element_type=\"column\" data-settings=\"{&quot;background_background&quot;:&quot;classic&quot;}\">\n\t\t\t<div class=\"elementor-widget-wrap elementor-element-populated\">\n\t\t\t\t\t<div class=\"elementor-background-overlay\"><\/div>\n\t\t\t\t\t\t\t\t<div class=\"elementor-element elementor-element-2a55adb7 elementor-widget elementor-widget-spacer\" data-id=\"2a55adb7\" data-element_type=\"widget\" data-widget_type=\"spacer.default\">\n\t\t\t\t<div class=\"elementor-widget-container\">\n\t\t\t\t\t<div class=\"elementor-spacer\">\n\t\t\t<div class=\"elementor-spacer-inner\"><\/div>\n\t\t<\/div>\n\t\t\t\t<\/div>\n\t\t\t\t<\/div>\n\t\t\t\t<div class=\"elementor-element elementor-element-3159b96 elementor-widget elementor-widget-text-editor\" data-id=\"3159b96\" data-element_type=\"widget\" data-widget_type=\"text-editor.default\">\n\t\t\t\t<div class=\"elementor-widget-container\">\n\t\t\t\t\t\t\t\t\t\t\t\t\t<\/div>\n\t\t\t\t<\/div>\n\t\t\t\t<div class=\"elementor-element elementor-element-f980a51 animated-slow elementor-invisible elementor-widget elementor-widget-text-editor\" data-id=\"f980a51\" data-element_type=\"widget\" data-settings=\"{&quot;_animation&quot;:&quot;fadeInLeft&quot;,&quot;_animation_delay&quot;:0}\" data-widget_type=\"text-editor.default\">\n\t\t\t\t<div class=\"elementor-widget-container\">\n\t\t\t\t\t\t\t<p>T\u00fcrk\u00e7e Dan\u0131\u015fma i\u00e7in Almanya\u2019n\u0131n her yerinden<\/p>\t\t\t\t\t\t<\/div>\n\t\t\t\t<\/div>\n\t\t\t\t<div class=\"elementor-element elementor-element-a455c55 elementor-widget elementor-widget-heading\" data-id=\"a455c55\" data-element_type=\"widget\" data-widget_type=\"heading.default\">\n\t\t\t\t<div class=\"elementor-widget-container\">\n\t\t\t<h2 class=\"elementor-heading-title elementor-size-default\">0800 0000 837<\/h2>\t\t<\/div>\n\t\t\t\t<\/div>\n\t\t\t\t<div class=\"elementor-element elementor-element-76b07834 animated-slow elementor-invisible elementor-widget elementor-widget-text-editor\" data-id=\"76b07834\" data-element_type=\"widget\" data-settings=\"{&quot;_animation&quot;:&quot;fadeInLeft&quot;,&quot;_animation_delay&quot;:0}\" data-widget_type=\"text-editor.default\">\n\t\t\t\t<div class=\"elementor-widget-container\">\n\t\t\t\t\t\t\t<p>Telefon Yard\u0131m Hatt\u0131ndan N\u00f6bet\u00e7i Hekim Servisini Arayabilirsiniz<\/p>\t\t\t\t\t\t<\/div>\n\t\t\t\t<\/div>\n\t\t\t\t<div class=\"elementor-element elementor-element-459ed2b8 elementor-widget elementor-widget-spacer\" data-id=\"459ed2b8\" data-element_type=\"widget\" data-widget_type=\"spacer.default\">\n\t\t\t\t<div class=\"elementor-widget-container\">\n\t\t\t\t\t<div class=\"elementor-spacer\">\n\t\t\t<div class=\"elementor-spacer-inner\"><\/div>\n\t\t<\/div>\n\t\t\t\t<\/div>\n\t\t\t\t<\/div>\n\t\t\t\t\t<\/div>\n\t\t<\/div>\n\t\t\t\t\t\t\t<\/div>\n\t\t<\/section>\n\t\t\t\t<section class=\"elementor-section elementor-top-section elementor-element elementor-element-502db7fd elementor-section-boxed elementor-section-height-default elementor-section-height-default\" data-id=\"502db7fd\" data-element_type=\"section\" data-settings=\"{&quot;background_background&quot;:&quot;classic&quot;}\">\n\t\t\t\t\t\t<div class=\"elementor-container elementor-column-gap-default\">\n\t\t\t\t\t<div class=\"elementor-column elementor-col-100 elementor-top-column elementor-element elementor-element-53f953b6\" data-id=\"53f953b6\" data-element_type=\"column\">\n\t\t\t<div class=\"elementor-widget-wrap elementor-element-populated\">\n\t\t\t\t\t\t\t\t<div class=\"elementor-element elementor-element-21f7edf5 elementor-widget elementor-widget-spacer\" data-id=\"21f7edf5\" data-element_type=\"widget\" data-widget_type=\"spacer.default\">\n\t\t\t\t<div class=\"elementor-widget-container\">\n\t\t\t\t\t<div class=\"elementor-spacer\">\n\t\t\t<div class=\"elementor-spacer-inner\"><\/div>\n\t\t<\/div>\n\t\t\t\t<\/div>\n\t\t\t\t<\/div>\n\t\t\t\t<div class=\"elementor-element elementor-element-37f838a elementor-widget elementor-widget-text-editor\" data-id=\"37f838a\" data-element_type=\"widget\" data-widget_type=\"text-editor.default\">\n\t\t\t\t<div class=\"elementor-widget-container\">\n\t\t\t\t\t\t\t<p>Koronavir\u00fcs\u00fcyle enfekte olmu\u015f bir ki\u015fiyle yak\u0131n temasta bulundunuz mu?<\/p>\t\t\t\t\t\t<\/div>\n\t\t\t\t<\/div>\n\t\t\t\t<div class=\"elementor-element elementor-element-34b560cb elementor-widget elementor-widget-text-editor\" data-id=\"34b560cb\" data-element_type=\"widget\" data-widget_type=\"text-editor.default\">\n\t\t\t\t<div class=\"elementor-widget-container\">\n\t\t\t\t\t\t\t<p>Koronavir\u00fcs test sonucu pozitif \u00e7\u0131kan bir ki\u015fiyle yak\u0131n temasta bulunduysan\u0131z, derhal ve kendinizin belirti g\u00f6sterip g\u00f6stermedi\u011fine bakmadan telefonla<span style=\"color: #ff0000;\"><a style=\"color: #ff0000;\" href=\"https:\/\/tools.rki.de\/PLZTool\/\" target=\"_blank\" rel=\"noopener\"> ilgili sa\u011fl\u0131k dairesiyle<\/a> <\/span>ileti\u015fim kurun. Buradaki g\u00f6revliler, size bireysel dan\u0131\u015fmanl\u0131k hizmeti sunar ve durumunuzla ilgili bilgi toplad\u0131ktan sonra al\u0131nacak ki\u015fisel \u00f6nlemler konusunda tavsiyelerde bulunur. Ayr\u0131ca at\u0131lmas\u0131 gereken di\u011fer ad\u0131mlara karar verirler. Bu s\u00fcrede mutlaka evde kalmal\u0131s\u0131n\u0131z.<\/p><p>Koronavir\u00fcs\u00fcn bula\u015ft\u0131r\u0131lmas\u0131nda belirleyici olan, di\u011fer etkenlerin yan\u0131 s\u0131ra enfekte olan bir ki\u015fiyle ne derecede yak\u0131n temas kurmu\u015f oldu\u011funuzdur. Vir\u00fcs, enfekte olan ki\u015finin nefes al\u0131p verme, konu\u015fma, \u00f6ks\u00fcrme ve hap\u015f\u0131rma s\u0131ras\u0131nda sa\u00e7t\u0131\u011f\u0131 damlac\u0131k ve \u00e7ok k\u00fc\u00e7\u00fck s\u0131v\u0131 par\u00e7ac\u0131klar\u0131 (aerosoller) vas\u0131tas\u0131yla bula\u015ft\u0131r\u0131l\u0131r. Ancak \u00f6rne\u011fin vir\u00fcs\u00fcn yerle\u015fti\u011fi y\u00fczeyler gibi ba\u015fka yollardan bula\u015fmas\u0131 da m\u00fcmk\u00fcnd\u00fcr. Bu nedenle enfekte olan bir ki\u015finin yayd\u0131\u011f\u0131 s\u0131v\u0131larla temas son derece risklidir. Bu ki\u015fiyle temas\u0131n ne kadar yak\u0131n oldu\u011funa ve s\u00fcrd\u00fc\u011f\u00fcne ve ayr\u0131ca bir a\u011f\u0131z-burun maskesi (Mund-Nasen-Schutz &#8211; MNS) ta\u015f\u0131n\u0131p ta\u015f\u0131nmad\u0131\u011f\u0131na ba\u011fl\u0131 olarak, temaslar farkl\u0131 kategorilere ayr\u0131l\u0131yor. Enfekte olan ve MNS ta\u015f\u0131mayan birisiyle yak\u0131n temasta bulunmu\u015f, \u00f6rne\u011fin en az\u0131ndan 15 dakika boyunca 1,5 metreden daha k\u0131sa mesafede kalm\u0131\u015f ki\u015filer, 1. kategorideki temasl\u0131 ki\u015filer grubuna giriyor. Enfeksiyon riski y\u00fcksek oldu\u011fu i\u00e7in, bu kategoride, \u00f6zellikle kat\u0131 karantina \u00f6nlemlerinin uygulanmas\u0131 (Link zum Artikel \u00fcber Isolation eingef\u00fcgt) gerekiyor. 1. kategorideki temasl\u0131 ki\u015fi iseniz, m\u00fcmk\u00fcn olan en k\u0131sa s\u00fcrede 14 g\u00fcnl\u00fc\u011f\u00fcne ev karantinas\u0131na girmeniz gerekiyor. Evde karantina hakk\u0131ndaki bilgileri burada (kein Link eingef\u00fcgt, da aus dem Kommentar in der Vorlage nicht hervorgeht, ob ein Link einzuf\u00fcgen ist) bulabilir veya ilgili sa\u011fl\u0131k dairesinden edinebilirsiniz.<\/p>\t\t\t\t\t\t<\/div>\n\t\t\t\t<\/div>\n\t\t\t\t<div class=\"elementor-element elementor-element-77f9e99 elementor-widget elementor-widget-text-editor\" data-id=\"77f9e99\" data-element_type=\"widget\" data-widget_type=\"text-editor.default\">\n\t\t\t\t<div class=\"elementor-widget-container\">\n\t\t\t\t\t\t\t<p>Hastal\u0131k s\u00fcreci nas\u0131l ge\u00e7er?<\/p>\t\t\t\t\t\t<\/div>\n\t\t\t\t<\/div>\n\t\t\t\t<div class=\"elementor-element elementor-element-e6dc751 elementor-widget elementor-widget-text-editor\" data-id=\"e6dc751\" data-element_type=\"widget\" data-widget_type=\"text-editor.default\">\n\t\t\t\t<div class=\"elementor-widget-container\">\n\t\t\t\t\t\t\t<p>Vakalar\u0131n \u00e7o\u011fu genellikle hafif ama baz\u0131lar\u0131 da a\u011f\u0131r hatta kritik bir tablo sergiler. Bu a\u011f\u0131r durumlarda yeni tip Koronavir\u00fcs enfeksiyonu sadece solunum yollar\u0131n\u0131 de\u011fil, di\u011fer organ sistemlerini de etkiler.<\/p><p>\u015eimdiye kadar g\u00f6r\u00fclen komplikasyonlar ve ba\u011flant\u0131l\u0131 hastal\u0131klar solunum yollar\u0131 enfeksiyonlar\u0131 ve akci\u011fer iltihaplanmas\u0131n\u0131n yan\u0131 s\u0131ra sinir sistemi, cilt ya da kalp-damar dola\u015f\u0131m sistemi hastal\u0131klar\u0131 olmu\u015ftur. M\u00fcnferit durumlarda muhtemelen COVID-19 ile ba\u011flant\u0131l\u0131 olarak beyin ya da beyin zar\u0131 iltihaplar\u0131 da g\u00f6r\u00fclm\u00fc\u015ft\u00fcr. Mide-ba\u011f\u0131rsak \u015fikayetleri ya da b\u00f6brek rahats\u0131zl\u0131klar\u0131 da g\u00f6r\u00fclen ba\u011flant\u0131l\u0131 hastal\u0131klar aras\u0131ndad\u0131r.<\/p><p>Yeni tip bir hastal\u0131k tablosu ile kar\u015f\u0131 kar\u015f\u0131ya oldu\u011fumuz i\u00e7in uzun vadede hangi etkilerin g\u00f6r\u00fclece\u011fi ve hangi kal\u0131c\u0131 rahats\u0131zl\u0131klar\u0131n olabilece\u011fi hen\u00fcz kesin bir \u015fekilde ifade edilemiyor.<\/p>\t\t\t\t\t\t<\/div>\n\t\t\t\t<\/div>\n\t\t\t\t<div class=\"elementor-element elementor-element-cffbb23 elementor-widget elementor-widget-text-editor\" data-id=\"cffbb23\" data-element_type=\"widget\" data-widget_type=\"text-editor.default\">\n\t\t\t\t<div class=\"elementor-widget-container\">\n\t\t\t\t\t\t\t<p>AHA+L+A form\u00fcl\u00fcyle enfeksiyon zincirlerini k\u0131ral\u0131m<\/p>\t\t\t\t\t\t<\/div>\n\t\t\t\t<\/div>\n\t\t\t\t<div class=\"elementor-element elementor-element-d50ca6a elementor-widget elementor-widget-text-editor\" data-id=\"d50ca6a\" data-element_type=\"widget\" data-widget_type=\"text-editor.default\">\n\t\t\t\t<div class=\"elementor-widget-container\">\n\t\t\t\t\t\t\t<p>yL\u00fctfen \u015fu konuya dikkat edin: Hastal\u0131k belirtisi g\u00f6stermeseniz de enfeksiyon kapm\u0131\u015f olman\u0131z ve dolay\u0131s\u0131yla vir\u00fcs\u00fc ba\u015fkalar\u0131na bula\u015ft\u0131rman\u0131z m\u00fcmk\u00fcnd\u00fcr. Bu y\u00fczden temaslar\u0131m\u0131z\u0131 s\u0131n\u0131rlamaya ve AHA+L+A form\u00fcl\u00fcne uymaya devam etmeliyiz: Abstand halten (mesafeyi koruyal\u0131m), Hygiene beachten (hijyen kurallar\u0131na uyal\u0131m), im Alltag Maske tragen (g\u00fcnl\u00fck hayat\u0131m\u0131zda maske takal\u0131m), regelm\u00e4\u00dfiges L\u00fcften und die Corona-Warn-App nutzen (bulundu\u011fumuz mek\u00e2n\u0131 d\u00fczenli havaland\u0131ral\u0131m ve Korona Uyar\u0131 Uygulamas\u0131\u2019n\u0131 kullanal\u0131m).<\/p>\t\t\t\t\t\t<\/div>\n\t\t\t\t<\/div>\n\t\t\t\t<div class=\"elementor-element elementor-element-1a524eb elementor-widget elementor-widget-text-editor\" data-id=\"1a524eb\" data-element_type=\"widget\" data-widget_type=\"text-editor.default\">\n\t\t\t\t<div class=\"elementor-widget-container\">\n\t\t\t\t\t\t\t<p>G\u00fcncellik:<em> 05.2021,<\/em> Kaynak: Bundesministerium f\u00fcr Gesundheit<\/p>\t\t\t\t\t\t<\/div>\n\t\t\t\t<\/div>\n\t\t\t\t\t<\/div>\n\t\t<\/div>\n\t\t\t\t\t\t\t<\/div>\n\t\t<\/section>\n\t\t\t\t\t\t\t<\/div>\n\t\t","protected":false},"excerpt":{"rendered":"<p>Covid-19 Belirtileri Nelerdir? \u00a0Hangi belirtiler ortaya \u00e7\u0131kabilir? En s\u0131k g\u00f6r\u00fclen hastal\u0131k belirtileri aras\u0131nda kuru \u00f6ks\u00fcr\u00fck, burun akmas\u0131 ve 38 derecenin \u00fczerinde ate\u015f yer al\u0131r. Ancak bunun yan\u0131 s\u0131ra, nefes darl\u0131\u011f\u0131, halsizlik, kas ve eklem a\u011fr\u0131s\u0131, ayr\u0131ca bo\u011faz ve ba\u015f a\u011fr\u0131s\u0131 gibi bir dizi ba\u015fka belirti g\u00f6r\u00fclebilir. Bunun d\u0131\u015f\u0131nda, bir\u00e7ok hastada koku ve tat alma duyusu [&hellip;]<\/p>\n","protected":false},"author":1,"featured_media":0,"parent":0,"menu_order":0,"comment_status":"closed","ping_status":"closed","template":"","meta":[],"_links":{"self":[{"href":"https:\/\/covid-19-bilgi.de\/tr\/wp-json\/wp\/v2\/pages\/1294"}],"collection":[{"href":"https:\/\/covid-19-bilgi.de\/tr\/wp-json\/wp\/v2\/pages"}],"about":[{"href":"https:\/\/covid-19-bilgi.de\/tr\/wp-json\/wp\/v2\/types\/page"}],"author":[{"embeddable":true,"href":"https:\/\/covid-19-bilgi.de\/tr\/wp-json\/wp\/v2\/users\/1"}],"replies":[{"embeddable":true,"href":"https:\/\/covid-19-bilgi.de\/tr\/wp-json\/wp\/v2\/comments?post=1294"}],"version-history":[{"count":98,"href":"https:\/\/covid-19-bilgi.de\/tr\/wp-json\/wp\/v2\/pages\/1294\/revisions"}],"predecessor-version":[{"id":8247,"href":"https:\/\/covid-19-bilgi.de\/tr\/wp-json\/wp\/v2\/pages\/1294\/revisions\/8247"}],"wp:attachment":[{"href":"https:\/\/covid-19-bilgi.de\/tr\/wp-json\/wp\/v2\/media?parent=1294"}],"curies":[{"name":"wp","href":"https:\/\/api.w.org\/{rel}","templated":true}]}}