{"id":1227,"date":"2021-04-21T15:27:41","date_gmt":"2021-04-21T15:27:41","guid":{"rendered":"http:\/\/covid-19-bilgi.de\/?page_id=1227"},"modified":"2022-11-25T10:03:22","modified_gmt":"2022-11-25T08:03:22","slug":"nasil-bulasir","status":"publish","type":"page","link":"https:\/\/covid-19-bilgi.de\/tr\/nasil-bulasir\/","title":{"rendered":"Bula\u015fma Yollar\u0131"},"content":{"rendered":"\t\t<div data-elementor-type=\"wp-page\" data-elementor-id=\"1227\" class=\"elementor elementor-1227\">\n\t\t\t\t\t\t\t\t\t<section class=\"elementor-section elementor-top-section elementor-element elementor-element-24b95169 elementor-section-full_width elementor-section-height-default elementor-section-height-default\" data-id=\"24b95169\" data-element_type=\"section\" data-settings=\"{&quot;background_background&quot;:&quot;classic&quot;}\">\n\t\t\t\t\t\t\t<div class=\"elementor-background-overlay\"><\/div>\n\t\t\t\t\t\t\t<div class=\"elementor-container elementor-column-gap-default\">\n\t\t\t\t\t<div class=\"elementor-column elementor-col-100 elementor-top-column elementor-element elementor-element-e3e2ca1\" data-id=\"e3e2ca1\" data-element_type=\"column\">\n\t\t\t<div class=\"elementor-widget-wrap elementor-element-populated\">\n\t\t\t\t\t\t\t\t<div class=\"elementor-element elementor-element-4a0382ff elementor-widget elementor-widget-heading\" data-id=\"4a0382ff\" data-element_type=\"widget\" data-widget_type=\"heading.default\">\n\t\t\t\t<div class=\"elementor-widget-container\">\n\t\t\t<h2 class=\"elementor-heading-title elementor-size-default\">Pandemiyle M\u00fccadele<\/h2>\t\t<\/div>\n\t\t\t\t<\/div>\n\t\t\t\t<div class=\"elementor-element elementor-element-270758 elementor-widget-divider--view-line elementor-invisible elementor-widget elementor-widget-divider\" data-id=\"270758\" data-element_type=\"widget\" data-settings=\"{&quot;_animation&quot;:&quot;fadeInLeft&quot;}\" data-widget_type=\"divider.default\">\n\t\t\t\t<div class=\"elementor-widget-container\">\n\t\t\t\t\t<div class=\"elementor-divider\">\n\t\t\t<span class=\"elementor-divider-separator\">\n\t\t\t\t\t\t<\/span>\n\t\t<\/div>\n\t\t\t\t<\/div>\n\t\t\t\t<\/div>\n\t\t\t\t<div class=\"elementor-element elementor-element-28f6b1ad elementor-widget elementor-widget-heading\" data-id=\"28f6b1ad\" data-element_type=\"widget\" data-widget_type=\"heading.default\">\n\t\t\t\t<div class=\"elementor-widget-container\">\n\t\t\t<h1 class=\"elementor-heading-title elementor-size-default\">Bula\u015fma Yollar\u0131<\/h1>\t\t<\/div>\n\t\t\t\t<\/div>\n\t\t\t\t\t<\/div>\n\t\t<\/div>\n\t\t\t\t\t\t\t<\/div>\n\t\t<\/section>\n\t\t\t\t<section class=\"elementor-section elementor-top-section elementor-element elementor-element-70fbc12f elementor-section-boxed elementor-section-height-default elementor-section-height-default\" data-id=\"70fbc12f\" data-element_type=\"section\" data-settings=\"{&quot;background_background&quot;:&quot;classic&quot;}\">\n\t\t\t\t\t\t<div class=\"elementor-container elementor-column-gap-default\">\n\t\t\t\t\t<div class=\"elementor-column elementor-col-100 elementor-top-column elementor-element elementor-element-29f05774\" data-id=\"29f05774\" data-element_type=\"column\">\n\t\t\t<div class=\"elementor-widget-wrap elementor-element-populated\">\n\t\t\t\t\t\t\t\t<div class=\"elementor-element elementor-element-734707b elementor-widget elementor-widget-spacer\" data-id=\"734707b\" data-element_type=\"widget\" data-widget_type=\"spacer.default\">\n\t\t\t\t<div class=\"elementor-widget-container\">\n\t\t\t\t\t<div class=\"elementor-spacer\">\n\t\t\t<div class=\"elementor-spacer-inner\"><\/div>\n\t\t<\/div>\n\t\t\t\t<\/div>\n\t\t\t\t<\/div>\n\t\t\t\t<div class=\"elementor-element elementor-element-3e15f01 elementor-widget elementor-widget-text-editor\" data-id=\"3e15f01\" data-element_type=\"widget\" data-widget_type=\"text-editor.default\">\n\t\t\t\t<div class=\"elementor-widget-container\">\n\t\t\t\t\t\t\t<p>Koronavir\u00fcs ki\u015fiden ki\u015fiye bula\u015f\u0131r. Koronavir\u00fcs \u00e7e\u015fitli yollardan bula\u015fsa da esas olarak solunum yolu yoluyla bula\u015f\u0131r. Enfeksiyon riski de \u00e7e\u015fitli fakt\u00f6rlere ba\u011fl\u0131d\u0131r. \u00d6rne\u011fin, enfekte ki\u015finin salg\u0131lad\u0131\u011f\u0131 vir\u00fcs partik\u00fcllerinin miktar\u0131, enfeksiyon riskinin artmas\u0131nda bir fakt\u00f6rd\u00fcr. Hasta bir ki\u015fiyle temas s\u00fcresi temas\u0131n nerede oldu\u011fu da belirleyici olabilir. Koronavir\u00fcs bula\u015fma riski, kapal\u0131 alanlarda temiz havaya g\u00f6re \u00e7ok daha y\u00fcksektir. Ayr\u0131ca koronavir\u00fcs mutasyonlar\u0131n\u0131n \u00f6rne\u011fin B\u00fcy\u00fck Britanya&#8217;dan olanlar, daha \u00f6nce bilinen vir\u00fcs formuna g\u00f6re insandan insana daha kolay bula\u015f\u0131r.<\/p>\t\t\t\t\t\t<\/div>\n\t\t\t\t<\/div>\n\t\t\t\t<div class=\"elementor-element elementor-element-7a10d73 elementor-widget elementor-widget-text-editor\" data-id=\"7a10d73\" data-element_type=\"widget\" data-widget_type=\"text-editor.default\">\n\t\t\t\t<div class=\"elementor-widget-container\">\n\t\t\t\t\t\t\t<p>Ana Bula\u015fma yolu: Damlac\u0131k Enfeksiyonu<\/p>\t\t\t\t\t\t<\/div>\n\t\t\t\t<\/div>\n\t\t\t\t<div class=\"elementor-element elementor-element-8b488b0 elementor-widget elementor-widget-text-editor\" data-id=\"8b488b0\" data-element_type=\"widget\" data-widget_type=\"text-editor.default\">\n\t\t\t\t<div class=\"elementor-widget-container\">\n\t\t\t\t\t\t\t<p>Vir\u00fcs\u00fcn ana bula\u015fma yolu damlac\u0131k enfeksiyonudur. Enfekte olan bir ki\u015fi e\u011fer \u00f6ks\u00fcr\u00fcr, hap\u015f\u0131r\u0131r ya da konu\u015fursa vir\u00fcsl\u00fc damlac\u0131klar sa\u00e7ar. Bunlar 1,5 metre kadar bir alana yay\u0131larak y\u00fczeylere konar. Yak\u0131n \u00e7evrede ba\u015fka insanlar\u0131n da bulunmas\u0131 halinde damlac\u0131klar bunlar\u0131n a\u011fz\u0131, burnu ve icab\u0131nda g\u00f6zlerine de\u011ferek enfekte olmas\u0131na yol a\u00e7arlar.<\/p><p>Bir ki\u015fi, enfekte olan bir ki\u015fiye ne kadar yak\u0131n mesafede olunursa, birinden di\u011ferine bula\u015fabilecek enfeksiyonlu damlac\u0131k say\u0131s\u0131 da bir o kadar y\u00fcksek olur. Asgari 1,5 metre olan bir mesafe itibariyle enfeksiyon olas\u0131l\u0131\u011f\u0131 \u00e7arp\u0131c\u0131 derecede azal\u0131r.<\/p>\t\t\t\t\t\t<\/div>\n\t\t\t\t<\/div>\n\t\t\t\t<div class=\"elementor-element elementor-element-5777651a elementor-widget elementor-widget-text-editor\" data-id=\"5777651a\" data-element_type=\"widget\" data-widget_type=\"text-editor.default\">\n\t\t\t\t<div class=\"elementor-widget-container\">\n\t\t\t\t\t\t\t<p>Aerosol Yoluyla da Bula\u015f\u0131yor<\/p>\t\t\t\t\t\t<\/div>\n\t\t\t\t<\/div>\n\t\t\t\t<div class=\"elementor-element elementor-element-460e0e3 elementor-widget elementor-widget-text-editor\" data-id=\"460e0e3\" data-element_type=\"widget\" data-widget_type=\"text-editor.default\">\n\t\t\t\t<div class=\"elementor-widget-container\">\n\t\t\t\t\t\t\t<p>Koronavir\u00fcs, aerosoller \u00fczerinden de bula\u015fabilir. Aerosoller 5 mikrometreden k\u00fc\u00e7\u00fck ve havada as\u0131l\u0131 kalan damlac\u0131k \u00e7ekirdekleridir. Konu\u015fma, \u00f6zellikle de y\u00fcksek sesle kahkaha atma ya da \u015fark\u0131 s\u00f6yleme hallerinde sa\u00e7\u0131labilen bu damlac\u0131k \u00e7ekirdekleri havada uzunca bir s\u00fcre as\u0131l\u0131 kalabilirler. Bu nedenden \u00f6t\u00fcr\u00fc birden fazla ki\u015finin bulundu\u011fu kapal\u0131 yerlerde d\u00fczenli aral\u0131klarla havaland\u0131rma yapmak gereklidir.Ayr\u0131ca bir maske tak\u0131lmas\u0131 koruma i\u00e7in faydal\u0131d\u0131r<strong>.<\/strong><\/p>\t\t\t\t\t\t<\/div>\n\t\t\t\t<\/div>\n\t\t\t\t<div class=\"elementor-element elementor-element-037f158 elementor-widget elementor-widget-text-editor\" data-id=\"037f158\" data-element_type=\"widget\" data-widget_type=\"text-editor.default\">\n\t\t\t\t<div class=\"elementor-widget-container\">\n\t\t\t\t\t\t\t<div><span lang=\"TR\">Y\u00fczeylerden Bula\u015fmas\u0131 da M\u00fcmk\u00fcn<\/span><\/div>\t\t\t\t\t\t<\/div>\n\t\t\t\t<\/div>\n\t\t\t\t<div class=\"elementor-element elementor-element-9ffbe8d elementor-widget elementor-widget-text-editor\" data-id=\"9ffbe8d\" data-element_type=\"widget\" data-widget_type=\"text-editor.default\">\n\t\t\t\t<div class=\"elementor-widget-container\">\n\t\t\t\t\t\t\t<p>Korona vir\u00fcslerinin y\u00fczeyler \u00fczerinden bula\u015fmas\u0131 da m\u00fcmk\u00fcnd\u00fcr. Koronavir\u00fcsler metal, cam veya plastik gibi cans\u0131z y\u00fczeylerde hayatta kalabilir. COVID-19 hastas\u0131 bir ki\u015fi do\u011frudan b\u00f6yle bir y\u00fczeye hap\u015f\u0131r\u0131r veya \u00f6ks\u00fcr\u00fcrse, y\u00fczey belirli bir s\u00fcre bula\u015f\u0131c\u0131d\u0131r.<\/p><p>Hastalar\u0131n solunum par\u00e7ac\u0131klar\u0131ndaki vir\u00fcslerle kontamine olmu\u015f \u00a0y\u00fczeylere (ayn\u0131 zamanda fomitler olarak da adland\u0131r\u0131l\u0131r) dokunulduktan sonra ellerini y\u0131kanmadan y\u00fcz, g\u00f6z, burun veya a\u011f\u0131za g\u00f6t\u00fcren bir ki\u015fi, koronavir\u00fcs ile enfekte olabilir ve hastal\u0131\u011f\u0131n semptomlar\u0131n\u0131 geli\u015ftirebilir. Bu nedenle, kendinizi fomit enfeksiyonundan korumak i\u00e7in ellerinizi s\u0131kl\u0131kla su ve sabun ile titizce y\u0131kay\u0131n.<\/p>\t\t\t\t\t\t<\/div>\n\t\t\t\t<\/div>\n\t\t\t\t\t<\/div>\n\t\t<\/div>\n\t\t\t\t\t\t\t<\/div>\n\t\t<\/section>\n\t\t\t\t<section class=\"elementor-section elementor-top-section elementor-element elementor-element-71d11882 elementor-section-boxed elementor-section-height-default elementor-section-height-default\" data-id=\"71d11882\" data-element_type=\"section\" data-settings=\"{&quot;background_background&quot;:&quot;classic&quot;}\">\n\t\t\t\t\t\t\t<div class=\"elementor-background-overlay\"><\/div>\n\t\t\t\t\t\t\t<div class=\"elementor-container elementor-column-gap-default\">\n\t\t\t\t\t<div class=\"elementor-column elementor-col-100 elementor-top-column elementor-element elementor-element-6f632d1\" data-id=\"6f632d1\" data-element_type=\"column\" data-settings=\"{&quot;background_background&quot;:&quot;classic&quot;}\">\n\t\t\t<div class=\"elementor-widget-wrap elementor-element-populated\">\n\t\t\t\t\t<div class=\"elementor-background-overlay\"><\/div>\n\t\t\t\t\t\t\t\t<div class=\"elementor-element elementor-element-323066fe elementor-widget elementor-widget-spacer\" data-id=\"323066fe\" data-element_type=\"widget\" data-widget_type=\"spacer.default\">\n\t\t\t\t<div class=\"elementor-widget-container\">\n\t\t\t\t\t<div class=\"elementor-spacer\">\n\t\t\t<div class=\"elementor-spacer-inner\"><\/div>\n\t\t<\/div>\n\t\t\t\t<\/div>\n\t\t\t\t<\/div>\n\t\t\t\t<div class=\"elementor-element elementor-element-701cfcf0 elementor-widget elementor-widget-text-editor\" data-id=\"701cfcf0\" data-element_type=\"widget\" data-widget_type=\"text-editor.default\">\n\t\t\t\t<div class=\"elementor-widget-container\">\n\t\t\t\t\t\t\t<p>Salg\u0131nla m\u00fccadele i\u00e7in \u00a0\u00f6nemli bir \u00f6nlem<\/p>\t\t\t\t\t\t<\/div>\n\t\t\t\t<\/div>\n\t\t\t\t<div class=\"elementor-element elementor-element-4b8ccbb4 elementor-widget elementor-widget-text-editor\" data-id=\"4b8ccbb4\" data-element_type=\"widget\" data-widget_type=\"text-editor.default\">\n\t\t\t\t<div class=\"elementor-widget-container\">\n\t\t\t\t\t\t\t<p>AHA Form\u00fcl\u00fc<\/p>\t\t\t\t\t\t<\/div>\n\t\t\t\t<\/div>\n\t\t\t\t<div class=\"elementor-element elementor-element-775ae675 animated-slow elementor-invisible elementor-widget elementor-widget-text-editor\" data-id=\"775ae675\" data-element_type=\"widget\" data-settings=\"{&quot;_animation&quot;:&quot;fadeInLeft&quot;,&quot;_animation_delay&quot;:0}\" data-widget_type=\"text-editor.default\">\n\t\t\t\t<div class=\"elementor-widget-container\">\n\t\t\t\t\t\t\t<p>\u00a0Abstand halten \u2194 Sosyal Mesafe b\u0131rak\u0131n<\/p>\t\t\t\t\t\t<\/div>\n\t\t\t\t<\/div>\n\t\t\t\t<div class=\"elementor-element elementor-element-7dd0ef5 animated-slow elementor-invisible elementor-widget elementor-widget-text-editor\" data-id=\"7dd0ef5\" data-element_type=\"widget\" data-settings=\"{&quot;_animation&quot;:&quot;fadeInLeft&quot;,&quot;_animation_delay&quot;:0}\" data-widget_type=\"text-editor.default\">\n\t\t\t\t<div class=\"elementor-widget-container\">\n\t\t\t\t\t\t\t<p>Hygiene beachten \u2194 Hijyene dikkat edin<\/p>\t\t\t\t\t\t<\/div>\n\t\t\t\t<\/div>\n\t\t\t\t<div class=\"elementor-element elementor-element-4575b60 animated-slow elementor-invisible elementor-widget elementor-widget-text-editor\" data-id=\"4575b60\" data-element_type=\"widget\" data-settings=\"{&quot;_animation&quot;:&quot;fadeInLeft&quot;,&quot;_animation_delay&quot;:0}\" data-widget_type=\"text-editor.default\">\n\t\t\t\t<div class=\"elementor-widget-container\">\n\t\t\t\t\t\t\t<p>Im Alltag Maske tragen \u2194 G\u00fcnl\u00fck maske tak\u0131n \u00a0 \u00a0<\/p>\t\t\t\t\t\t<\/div>\n\t\t\t\t<\/div>\n\t\t\t\t<div class=\"elementor-element elementor-element-e978d1f elementor-align-center elementor-invisible elementor-widget elementor-widget-button\" data-id=\"e978d1f\" data-element_type=\"widget\" data-settings=\"{&quot;_animation&quot;:&quot;fadeInUp&quot;}\" data-widget_type=\"button.default\">\n\t\t\t\t<div class=\"elementor-widget-container\">\n\t\t\t\t\t<div class=\"elementor-button-wrapper\">\n\t\t\t<a href=\"http:\/\/covid-19-bilgi.de\/aha-formulu\/\" class=\"elementor-button-link elementor-button elementor-size-md elementor-animation-grow\" role=\"button\">\n\t\t\t\t\t\t<span class=\"elementor-button-content-wrapper\">\n\t\t\t\t\t\t<span class=\"elementor-button-text\">Daha Fazla Bilgi \u0130\u00e7in T\u0131klay\u0131n!<\/span>\n\t\t<\/span>\n\t\t\t\t\t<\/a>\n\t\t<\/div>\n\t\t\t\t<\/div>\n\t\t\t\t<\/div>\n\t\t\t\t<div class=\"elementor-element elementor-element-4ce1e9 elementor-widget elementor-widget-spacer\" data-id=\"4ce1e9\" data-element_type=\"widget\" data-widget_type=\"spacer.default\">\n\t\t\t\t<div class=\"elementor-widget-container\">\n\t\t\t\t\t<div class=\"elementor-spacer\">\n\t\t\t<div class=\"elementor-spacer-inner\"><\/div>\n\t\t<\/div>\n\t\t\t\t<\/div>\n\t\t\t\t<\/div>\n\t\t\t\t\t<\/div>\n\t\t<\/div>\n\t\t\t\t\t\t\t<\/div>\n\t\t<\/section>\n\t\t\t\t<section class=\"elementor-section elementor-top-section elementor-element elementor-element-3d27a024 elementor-section-boxed elementor-section-height-default elementor-section-height-default\" data-id=\"3d27a024\" data-element_type=\"section\" data-settings=\"{&quot;background_background&quot;:&quot;classic&quot;}\">\n\t\t\t\t\t\t<div class=\"elementor-container elementor-column-gap-default\">\n\t\t\t\t\t<div class=\"elementor-column elementor-col-100 elementor-top-column elementor-element elementor-element-50882a2a\" data-id=\"50882a2a\" data-element_type=\"column\">\n\t\t\t<div class=\"elementor-widget-wrap elementor-element-populated\">\n\t\t\t\t\t\t\t\t<div class=\"elementor-element elementor-element-17cf31a elementor-widget elementor-widget-spacer\" data-id=\"17cf31a\" data-element_type=\"widget\" data-widget_type=\"spacer.default\">\n\t\t\t\t<div class=\"elementor-widget-container\">\n\t\t\t\t\t<div class=\"elementor-spacer\">\n\t\t\t<div class=\"elementor-spacer-inner\"><\/div>\n\t\t<\/div>\n\t\t\t\t<\/div>\n\t\t\t\t<\/div>\n\t\t\t\t<div class=\"elementor-element elementor-element-33025987 elementor-widget elementor-widget-text-editor\" data-id=\"33025987\" data-element_type=\"widget\" data-widget_type=\"text-editor.default\">\n\t\t\t\t<div class=\"elementor-widget-container\">\n\t\t\t\t\t\t\t<p>Risk grubunda yer al\u0131yor musunuz?<\/p>\t\t\t\t\t\t<\/div>\n\t\t\t\t<\/div>\n\t\t\t\t<div class=\"elementor-element elementor-element-65bca31c elementor-widget elementor-widget-text-editor\" data-id=\"65bca31c\" data-element_type=\"widget\" data-widget_type=\"text-editor.default\">\n\t\t\t\t<div class=\"elementor-widget-container\">\n\t\t\t\t\t\t\t<p>Prensip olarak, v\u00fccut diren\u00e7leri zay\u0131flam\u0131\u015f olan ki\u015filerde hastal\u0131\u011f\u0131n a\u011f\u0131r seyretme riski daha y\u00fcksektir. Ba\u011f\u0131\u015f\u0131kl\u0131k sistemi ya\u015f\u0131n ilerlemesine ba\u011fl\u0131 olarak zay\u0131flad\u0131\u011f\u0131 i\u00e7in, ileri ya\u015f bir risk fakt\u00f6r\u00fc olu\u015fturur. Ayn\u0131 \u015fekilde, daha \u00f6nceden yakalan\u0131lm\u0131\u015f olan belli hastal\u0131klar da enfeksiyonun a\u011f\u0131r bir hastal\u0131k seyrine yol a\u00e7mas\u0131 olas\u0131l\u0131\u011f\u0131n\u0131 g\u00fc\u00e7lendirir. Bu hastal\u0131klar aras\u0131nda, kronik solunum yollar\u0131 ve akci\u011fer hastal\u0131klar\u0131 (KOHA ve ast\u0131m), kalp rahats\u0131zl\u0131klar\u0131, y\u00fcksek tansiyon, kanser, Diabetes mellitus (\u015feker hastal\u0131\u011f\u0131), a\u011f\u0131r depresyon ve bipolar bozukluk vard\u0131r. COV\u0130D-19 hastal\u0131\u011f\u0131n\u0131n yol a\u00e7aca\u011f\u0131 a\u011f\u0131r sonu\u00e7lara maruz kalmamak i\u00e7in, risk grubunda yer alan ki\u015filerin bir an \u00f6nce a\u015f\u0131 yapt\u0131rmalar\u0131 daha da \u00f6nem kazan\u0131r. Zira koronaya kar\u015f\u0131 koruyucu a\u015f\u0131lama, hastal\u0131\u011f\u0131n a\u011f\u0131r seyretmesini \u00f6nler.<\/p>\t\t\t\t\t\t<\/div>\n\t\t\t\t<\/div>\n\t\t\t\t<div class=\"elementor-element elementor-element-119e3e6 elementor-widget elementor-widget-text-editor\" data-id=\"119e3e6\" data-element_type=\"widget\" data-widget_type=\"text-editor.default\">\n\t\t\t\t<div class=\"elementor-widget-container\">\n\t\t\t\t\t\t\t<p>G\u00fcncellik:<em> 05.2021,<\/em> Kaynak: Bundesministerium f\u00fcr Gesundheit<\/p>\t\t\t\t\t\t<\/div>\n\t\t\t\t<\/div>\n\t\t\t\t\t<\/div>\n\t\t<\/div>\n\t\t\t\t\t\t\t<\/div>\n\t\t<\/section>\n\t\t\t\t\t\t\t<\/div>\n\t\t","protected":false},"excerpt":{"rendered":"<p>Pandemiyle M\u00fccadele Bula\u015fma Yollar\u0131 Koronavir\u00fcs ki\u015fiden ki\u015fiye bula\u015f\u0131r. Koronavir\u00fcs \u00e7e\u015fitli yollardan bula\u015fsa da esas olarak solunum yolu yoluyla bula\u015f\u0131r. Enfeksiyon riski de \u00e7e\u015fitli fakt\u00f6rlere ba\u011fl\u0131d\u0131r. \u00d6rne\u011fin, enfekte ki\u015finin salg\u0131lad\u0131\u011f\u0131 vir\u00fcs partik\u00fcllerinin miktar\u0131, enfeksiyon riskinin artmas\u0131nda bir fakt\u00f6rd\u00fcr. Hasta bir ki\u015fiyle temas s\u00fcresi temas\u0131n nerede oldu\u011fu da belirleyici olabilir. Koronavir\u00fcs bula\u015fma riski, kapal\u0131 alanlarda temiz havaya [&hellip;]<\/p>\n","protected":false},"author":1,"featured_media":0,"parent":0,"menu_order":0,"comment_status":"closed","ping_status":"closed","template":"","meta":[],"_links":{"self":[{"href":"https:\/\/covid-19-bilgi.de\/tr\/wp-json\/wp\/v2\/pages\/1227"}],"collection":[{"href":"https:\/\/covid-19-bilgi.de\/tr\/wp-json\/wp\/v2\/pages"}],"about":[{"href":"https:\/\/covid-19-bilgi.de\/tr\/wp-json\/wp\/v2\/types\/page"}],"author":[{"embeddable":true,"href":"https:\/\/covid-19-bilgi.de\/tr\/wp-json\/wp\/v2\/users\/1"}],"replies":[{"embeddable":true,"href":"https:\/\/covid-19-bilgi.de\/tr\/wp-json\/wp\/v2\/comments?post=1227"}],"version-history":[{"count":101,"href":"https:\/\/covid-19-bilgi.de\/tr\/wp-json\/wp\/v2\/pages\/1227\/revisions"}],"predecessor-version":[{"id":8240,"href":"https:\/\/covid-19-bilgi.de\/tr\/wp-json\/wp\/v2\/pages\/1227\/revisions\/8240"}],"wp:attachment":[{"href":"https:\/\/covid-19-bilgi.de\/tr\/wp-json\/wp\/v2\/media?parent=1227"}],"curies":[{"name":"wp","href":"https:\/\/api.w.org\/{rel}","templated":true}]}}