{"id":7085,"date":"2022-07-20T15:49:13","date_gmt":"2022-07-20T13:49:13","guid":{"rendered":"https:\/\/covid-19-bilgi.de\/?page_id=7085"},"modified":"2023-02-15T11:15:50","modified_gmt":"2023-02-15T09:15:50","slug":"yedi-neden","status":"publish","type":"page","link":"https:\/\/covid-19-bilgi.de\/de\/yedi-neden\/","title":{"rendered":"7 gute Gru\u0308nde"},"content":{"rendered":"<div data-elementor-type=\"wp-page\" data-elementor-id=\"7085\" class=\"elementor elementor-7085\">\n\t\t\t\t\t\t\t\t\t<section class=\"elementor-section elementor-top-section elementor-element elementor-element-2dc537b3 elementor-section-full_width elementor-section-height-default elementor-section-height-default\" data-id=\"2dc537b3\" data-element_type=\"section\" data-settings=\"{&quot;background_background&quot;:&quot;classic&quot;}\">\n\t\t\t\t\t\t\t<div class=\"elementor-background-overlay\"><\/div>\n\t\t\t\t\t\t\t<div class=\"elementor-container elementor-column-gap-default\">\n\t\t\t\t\t<div class=\"elementor-column elementor-col-100 elementor-top-column elementor-element elementor-element-6ed73e2d\" data-id=\"6ed73e2d\" data-element_type=\"column\">\n\t\t\t<div class=\"elementor-widget-wrap elementor-element-populated\">\n\t\t\t\t\t\t\t\t<div class=\"elementor-element elementor-element-24abcd88 elementor-widget elementor-widget-heading\" data-id=\"24abcd88\" data-element_type=\"widget\" data-widget_type=\"heading.default\">\n\t\t\t\t<div class=\"elementor-widget-container\">\n\t\t\t<h2 class=\"elementor-heading-title elementor-size-default\">F\u00fcr eine Impfung <\/h2>\t\t<\/div>\n\t\t\t\t<\/div>\n\t\t\t\t<div class=\"elementor-element elementor-element-59fad955 elementor-widget-divider--view-line elementor-invisible elementor-widget elementor-widget-divider\" data-id=\"59fad955\" data-element_type=\"widget\" data-settings=\"{&quot;_animation&quot;:&quot;fadeInLeft&quot;}\" data-widget_type=\"divider.default\">\n\t\t\t\t<div class=\"elementor-widget-container\">\n\t\t\t\t\t<div class=\"elementor-divider\">\n\t\t\t<span class=\"elementor-divider-separator\">\n\t\t\t\t\t\t<\/span>\n\t\t<\/div>\n\t\t\t\t<\/div>\n\t\t\t\t<\/div>\n\t\t\t\t<div class=\"elementor-element elementor-element-5be3fe7a elementor-widget elementor-widget-heading\" data-id=\"5be3fe7a\" data-element_type=\"widget\" data-widget_type=\"heading.default\">\n\t\t\t\t<div class=\"elementor-widget-container\">\n\t\t\t<h1 class=\"elementor-heading-title elementor-size-default\">7 gute Gr\u00fcnde<\/h1>\t\t<\/div>\n\t\t\t\t<\/div>\n\t\t\t\t\t<\/div>\n\t\t<\/div>\n\t\t\t\t\t\t\t<\/div>\n\t\t<\/section>\n\t\t\t\t<section class=\"elementor-section elementor-top-section elementor-element elementor-element-1b78d062 elementor-section-boxed elementor-section-height-default elementor-section-height-default\" data-id=\"1b78d062\" data-element_type=\"section\" data-settings=\"{&quot;background_background&quot;:&quot;classic&quot;}\">\n\t\t\t\t\t\t<div class=\"elementor-container elementor-column-gap-default\">\n\t\t\t\t\t<div class=\"elementor-column elementor-col-100 elementor-top-column elementor-element elementor-element-6d3c71c2\" data-id=\"6d3c71c2\" data-element_type=\"column\">\n\t\t\t<div class=\"elementor-widget-wrap elementor-element-populated\">\n\t\t\t\t\t\t\t\t<div class=\"elementor-element elementor-element-776bdcc1 elementor-widget elementor-widget-spacer\" data-id=\"776bdcc1\" data-element_type=\"widget\" data-widget_type=\"spacer.default\">\n\t\t\t\t<div class=\"elementor-widget-container\">\n\t\t\t\t\t<div class=\"elementor-spacer\">\n\t\t\t<div class=\"elementor-spacer-inner\"><\/div>\n\t\t<\/div>\n\t\t\t\t<\/div>\n\t\t\t\t<\/div>\n\t\t\t\t<div class=\"elementor-element elementor-element-1c8f3110 elementor-widget elementor-widget-text-editor\" data-id=\"1c8f3110\" data-element_type=\"widget\" data-widget_type=\"text-editor.default\">\n\t\t\t\t<div class=\"elementor-widget-container\">\n\t\t\t\t\t\t\t<p>Die Corona-Schutzimpfung ist ein wichtiges Werkzeug im Kampf gegen die Pandemie.<\/p>\t\t\t\t\t\t<\/div>\n\t\t\t\t<\/div>\n\t\t\t\t<div class=\"elementor-element elementor-element-6cf421ab elementor-widget elementor-widget-text-editor\" data-id=\"6cf421ab\" data-element_type=\"widget\" data-widget_type=\"text-editor.default\">\n\t\t\t\t<div class=\"elementor-widget-container\">\n\t\t\t\t\t\t\t<p>Hier lesen Sie 7 gute Gr\u00fcnde, warum Sie sich jetzt f\u00fcr die Corona-Schutzimpfung entscheiden sollten.<\/p>\t\t\t\t\t\t<\/div>\n\t\t\t\t<\/div>\n\t\t\t\t<div class=\"elementor-element elementor-element-6b30215d elementor-widget elementor-widget-text-editor\" data-id=\"6b30215d\" data-element_type=\"widget\" data-widget_type=\"text-editor.default\">\n\t\t\t\t<div class=\"elementor-widget-container\">\n\t\t\t\t\t\t\t<div><ol><li>Sch\u00fctzt mich. Auch gegen Omikron.<\/li><\/ol><\/div>\t\t\t\t\t\t<\/div>\n\t\t\t\t<\/div>\n\t\t\t\t<div class=\"elementor-element elementor-element-34aafe9 elementor-widget elementor-widget-text-editor\" data-id=\"34aafe9\" data-element_type=\"widget\" data-widget_type=\"text-editor.default\">\n\t\t\t\t<div class=\"elementor-widget-container\">\n\t\t\t\t\t\t\t<p>Die Omikron-Welle hat Deutschland erfasst. Die Daten zeigen: Jede Impfung hilft. Auch gegen Omikron. Schon die Erstimpfung sch\u00fctzt vor schwerer Krankheit. Und die Auffrischungsimpfung verbessert Ihren Schutz noch einmal deutlich. Der Booster wirkt.<\/p>\t\t\t\t\t\t<\/div>\n\t\t\t\t<\/div>\n\t\t\t\t<div class=\"elementor-element elementor-element-2f056695 elementor-widget elementor-widget-text-editor\" data-id=\"2f056695\" data-element_type=\"widget\" data-widget_type=\"text-editor.default\">\n\t\t\t\t<div class=\"elementor-widget-container\">\n\t\t\t\t\t\t\t<ol start=\"2\"><li>Sch\u00fctzt meine Familie, Gro\u00df\u00adeltern, Freunde \u2013 und alle, die besonders gef\u00e4hrdet sind.<\/li><\/ol>\t\t\t\t\t\t<\/div>\n\t\t\t\t<\/div>\n\t\t\t\t<div class=\"elementor-element elementor-element-9d7b1a2 elementor-widget elementor-widget-text-editor\" data-id=\"9d7b1a2\" data-element_type=\"widget\" data-widget_type=\"text-editor.default\">\n\t\t\t\t<div class=\"elementor-widget-container\">\n\t\t\t\t\t\t\t<p>Die zugelassenen Impfstoffe bauen sich im K\u00f6rper nach kurzer Zeit wieder ab. Inzwischen sind die Corona- Impfstoffe allein in Deutschland rund 160 Millionen Mal verabreicht worden \u2013 weltweit milliardenfach. H\u00f6chst selten sind dabei unerw\u00fcnschte Nebenwirkungen aufgetreten. Langzeitfolgen sind nicht bekannt. Bisher wurde kaum ein anderer Impfstoff wissenschaftlich in kurzer Zeit so eng begleitet wie die zugelassenen Impfstoffe gegen COVID-19.<\/p>\t\t\t\t\t\t<\/div>\n\t\t\t\t<\/div>\n\t\t\t\t<div class=\"elementor-element elementor-element-6e3be91 elementor-widget elementor-widget-text-editor\" data-id=\"6e3be91\" data-element_type=\"widget\" data-widget_type=\"text-editor.default\">\n\t\t\t\t<div class=\"elementor-widget-container\">\n\t\t\t\t\t\t\t<ol start=\"3\">\n \t<li>Sichere Impfstoffe.<\/li>\n<\/ol>\t\t\t\t\t\t<\/div>\n\t\t\t\t<\/div>\n\t\t\t\t<div class=\"elementor-element elementor-element-1a294fe1 elementor-widget elementor-widget-text-editor\" data-id=\"1a294fe1\" data-element_type=\"widget\" data-widget_type=\"text-editor.default\">\n\t\t\t\t<div class=\"elementor-widget-container\">\n\t\t\t\t\t\t\t<p>Die zugelassenen Impfstoffe bauen sich im K\u00f6rper nach kurzer Zeit wieder ab. Inzwischen sind die Corona- Impfstoffe allein in Deutschland rund 160 Millionen Mal verabreicht worden \u2013 weltweit milliardenfach. H\u00f6chst selten sind dabei unerw\u00fcnschte Nebenwirkungen aufgetreten. Langzeitfolgen sind nicht bekannt. Bisher wurde kaum ein anderer Impfstoff wissenschaftlich in kurzer Zeit so eng begleitet wie die zugelassenen Impfstoffe gegen COVID-19.<\/p>\t\t\t\t\t\t<\/div>\n\t\t\t\t<\/div>\n\t\t\t\t<div class=\"elementor-element elementor-element-136b195c elementor-widget elementor-widget-spacer\" data-id=\"136b195c\" data-element_type=\"widget\" data-widget_type=\"spacer.default\">\n\t\t\t\t<div class=\"elementor-widget-container\">\n\t\t\t\t\t<div class=\"elementor-spacer\">\n\t\t\t<div class=\"elementor-spacer-inner\"><\/div>\n\t\t<\/div>\n\t\t\t\t<\/div>\n\t\t\t\t<\/div>\n\t\t\t\t\t<\/div>\n\t\t<\/div>\n\t\t\t\t\t\t\t<\/div>\n\t\t<\/section>\n\t\t\t\t<section class=\"elementor-section elementor-top-section elementor-element elementor-element-4ded1b26 elementor-section-boxed elementor-section-height-default elementor-section-height-default\" data-id=\"4ded1b26\" data-element_type=\"section\" data-settings=\"{&quot;background_background&quot;:&quot;classic&quot;}\">\n\t\t\t\t\t\t\t<div class=\"elementor-background-overlay\"><\/div>\n\t\t\t\t\t\t\t<div class=\"elementor-container elementor-column-gap-default\">\n\t\t\t\t\t<div class=\"elementor-column elementor-col-100 elementor-top-column elementor-element elementor-element-5451e6e5\" data-id=\"5451e6e5\" data-element_type=\"column\" data-settings=\"{&quot;background_background&quot;:&quot;classic&quot;}\">\n\t\t\t<div class=\"elementor-widget-wrap elementor-element-populated\">\n\t\t\t\t\t<div class=\"elementor-background-overlay\"><\/div>\n\t\t\t\t\t\t\t\t<div class=\"elementor-element elementor-element-4f6fd5ee elementor-widget elementor-widget-spacer\" data-id=\"4f6fd5ee\" data-element_type=\"widget\" data-widget_type=\"spacer.default\">\n\t\t\t\t<div class=\"elementor-widget-container\">\n\t\t\t\t\t<div class=\"elementor-spacer\">\n\t\t\t<div class=\"elementor-spacer-inner\"><\/div>\n\t\t<\/div>\n\t\t\t\t<\/div>\n\t\t\t\t<\/div>\n\t\t\t\t<div class=\"elementor-element elementor-element-749185b5 animated-slow elementor-invisible elementor-widget elementor-widget-text-editor\" data-id=\"749185b5\" data-element_type=\"widget\" data-settings=\"{&quot;_animation&quot;:&quot;fadeInLeft&quot;,&quot;_animation_delay&quot;:0}\" data-widget_type=\"text-editor.default\">\n\t\t\t\t<div class=\"elementor-widget-container\">\n\t\t\t\t\t\t\t<p>Unter der bundesweiten kostenfreien t\u00fcrkischsprachigen Telefon-Hotline<\/p>\t\t\t\t\t\t<\/div>\n\t\t\t\t<\/div>\n\t\t\t\t<div class=\"elementor-element elementor-element-749f6ae1 elementor-widget elementor-widget-heading\" data-id=\"749f6ae1\" data-element_type=\"widget\" data-widget_type=\"heading.default\">\n\t\t\t\t<div class=\"elementor-widget-container\">\n\t\t\t<h2 class=\"elementor-heading-title elementor-size-default\">0800 0000 837<\/h2>\t\t<\/div>\n\t\t\t\t<\/div>\n\t\t\t\t<div class=\"elementor-element elementor-element-ff63245 animated-slow elementor-invisible elementor-widget elementor-widget-text-editor\" data-id=\"ff63245\" data-element_type=\"widget\" data-settings=\"{&quot;_animation&quot;:&quot;fadeInLeft&quot;,&quot;_animation_delay&quot;:0}\" data-widget_type=\"text-editor.default\">\n\t\t\t\t<div class=\"elementor-widget-container\">\n\t\t\t\t\t\t\t<p>erhalten Sie  alle aktuellen Informationen zur Corona- Schutzimpfung.<\/p>\t\t\t\t\t\t<\/div>\n\t\t\t\t<\/div>\n\t\t\t\t<div class=\"elementor-element elementor-element-1a2477a4 elementor-widget elementor-widget-spacer\" data-id=\"1a2477a4\" data-element_type=\"widget\" data-widget_type=\"spacer.default\">\n\t\t\t\t<div class=\"elementor-widget-container\">\n\t\t\t\t\t<div class=\"elementor-spacer\">\n\t\t\t<div class=\"elementor-spacer-inner\"><\/div>\n\t\t<\/div>\n\t\t\t\t<\/div>\n\t\t\t\t<\/div>\n\t\t\t\t\t<\/div>\n\t\t<\/div>\n\t\t\t\t\t\t\t<\/div>\n\t\t<\/section>\n\t\t\t\t<section class=\"elementor-section elementor-top-section elementor-element elementor-element-43be71bb elementor-section-boxed elementor-section-height-default elementor-section-height-default\" data-id=\"43be71bb\" data-element_type=\"section\" data-settings=\"{&quot;background_background&quot;:&quot;classic&quot;}\">\n\t\t\t\t\t\t<div class=\"elementor-container elementor-column-gap-default\">\n\t\t\t\t\t<div class=\"elementor-column elementor-col-100 elementor-top-column elementor-element elementor-element-24ce59af\" data-id=\"24ce59af\" data-element_type=\"column\">\n\t\t\t<div class=\"elementor-widget-wrap elementor-element-populated\">\n\t\t\t\t\t\t\t\t<div class=\"elementor-element elementor-element-dd36c2e elementor-widget elementor-widget-spacer\" data-id=\"dd36c2e\" data-element_type=\"widget\" data-widget_type=\"spacer.default\">\n\t\t\t\t<div class=\"elementor-widget-container\">\n\t\t\t\t\t<div class=\"elementor-spacer\">\n\t\t\t<div class=\"elementor-spacer-inner\"><\/div>\n\t\t<\/div>\n\t\t\t\t<\/div>\n\t\t\t\t<\/div>\n\t\t\t\t<div class=\"elementor-element elementor-element-46353933 elementor-widget elementor-widget-text-editor\" data-id=\"46353933\" data-element_type=\"widget\" data-widget_type=\"text-editor.default\">\n\t\t\t\t<div class=\"elementor-widget-container\">\n\t\t\t\t\t\t\t<ol start=\"4\"><li>Impfen birgt deutlich weniger Risiken als eine Corona-Erkrankung.<\/li><\/ol>\t\t\t\t\t\t<\/div>\n\t\t\t\t<\/div>\n\t\t\t\t<div class=\"elementor-element elementor-element-6f5f3987 elementor-widget elementor-widget-text-editor\" data-id=\"6f5f3987\" data-element_type=\"widget\" data-widget_type=\"text-editor.default\">\n\t\t\t\t<div class=\"elementor-widget-container\">\n\t\t\t\t\t\t\t<p>Schwerwiegende Nebenwirkungen treten nach einer Corona-Schutzimpfung sehr selten auf (weniger als ein Fall bei 10.000 Geimpften). Deutlich gr\u00f6\u00dfer ist dagegen die Gefahr, einen schweren oder langwierigen Krankheitsverlauf zu erleiden, wenn Sie sich mit Corona infizieren.<\/p>\t\t\t\t\t\t<\/div>\n\t\t\t\t<\/div>\n\t\t\t\t<div class=\"elementor-element elementor-element-25125f0 elementor-widget elementor-widget-text-editor\" data-id=\"25125f0\" data-element_type=\"widget\" data-widget_type=\"text-editor.default\">\n\t\t\t\t<div class=\"elementor-widget-container\">\n\t\t\t\t\t\t\t<ol start=\"5\"><li>Ohne langes Warten, ohne Kosten, ohne Ausweispflicht.<\/li><\/ol>\t\t\t\t\t\t<\/div>\n\t\t\t\t<\/div>\n\t\t\t\t<div class=\"elementor-element elementor-element-01ac1c0 elementor-widget elementor-widget-text-editor\" data-id=\"01ac1c0\" data-element_type=\"widget\" data-widget_type=\"text-editor.default\">\n\t\t\t\t<div class=\"elementor-widget-container\">\n\t\t\t\t\t\t\t<div><p>Impfen ist ganz einfach. Sie brauchen keinen Pass, keine Krankenversicherungskarte und auch nichts zu bezahlen. Impfen und Boostern geht an vielen Stellen, etwa in einem Impfzentrum, in Arztpraxen, in Betrieben oder bei Sonderaktionen ohne langes Warten. Und auch in der Apotheke in Ihrer N\u00e4he.<\/p><\/div>\t\t\t\t\t\t<\/div>\n\t\t\t\t<\/div>\n\t\t\t\t<div class=\"elementor-element elementor-element-678e7fee elementor-widget elementor-widget-text-editor\" data-id=\"678e7fee\" data-element_type=\"widget\" data-widget_type=\"text-editor.default\">\n\t\t\t\t<div class=\"elementor-widget-container\">\n\t\t\t\t\t\t\t<ol start=\"6\"><li>F\u00fcr jedes Alter der richtige Impfstoff.<\/li><\/ol>\t\t\t\t\t\t<\/div>\n\t\t\t\t<\/div>\n\t\t\t\t<div class=\"elementor-element elementor-element-45135fff elementor-widget elementor-widget-text-editor\" data-id=\"45135fff\" data-element_type=\"widget\" data-widget_type=\"text-editor.default\">\n\t\t\t\t<div class=\"elementor-widget-container\">\n\t\t\t\t\t\t\t<p>Eine Impfung wird allen Personen ab 12 Jahren empfohlen, auch die Booster-Impfung, also die dritte Impfung. Und es ist auch m\u00f6glich, Kinder ab 5 Jahren impfen zu lassen. Die Impfstoffe werden laufend auf ihre Wirksamkeit und Sicherheit gepr\u00fcft. Neben den sogenannten mRNA-Impfstoffen von Moderna und Biontech und dem Vektorimpfstoff von Johnson &amp; Johnson wird mit Novavax jetzt eine weitere Impfstoffart f\u00fcr alle ab 18 Jahren angeboten. Allen, die einen \u201eTotimpfstoff\u201c bevorzugen, steht damit auch ein solcher zur Verf\u00fcgung.<\/p>\t\t\t\t\t\t<\/div>\n\t\t\t\t<\/div>\n\t\t\t\t<div class=\"elementor-element elementor-element-19d386a8 elementor-widget elementor-widget-text-editor\" data-id=\"19d386a8\" data-element_type=\"widget\" data-widget_type=\"text-editor.default\">\n\t\t\t\t<div class=\"elementor-widget-container\">\n\t\t\t\t\t\t\t<ol start=\"7\"><li>Erm\u00f6glicht Normalit\u00e4t \u2013 in der Schule, im Restaurant und im Kino.<\/li><\/ol>\t\t\t\t\t\t<\/div>\n\t\t\t\t<\/div>\n\t\t\t\t<div class=\"elementor-element elementor-element-7ca3741d elementor-widget elementor-widget-text-editor\" data-id=\"7ca3741d\" data-element_type=\"widget\" data-widget_type=\"text-editor.default\">\n\t\t\t\t<div class=\"elementor-widget-container\">\n\t\t\t\t\t\t\t<p>Mit der Corona-Schutzimpfung wird unser Alltag leichter. Ob im Restaurant, in der Kneipe oder beim Einkaufen, im Kino oder in der Schule: Mit der Impfung sind Veranstaltungen sicherer und Schutzma\u00dfnahmen k\u00f6nnen gelockert werden. Und: Wer geboostert oder frisch geimpft ist, muss nicht in Quarant\u00e4ne.<\/p>\t\t\t\t\t\t<\/div>\n\t\t\t\t<\/div>\n\t\t\t\t<div class=\"elementor-element elementor-element-ccdbf3e elementor-widget elementor-widget-text-editor\" data-id=\"ccdbf3e\" data-element_type=\"widget\" data-widget_type=\"text-editor.default\">\n\t\t\t\t<div class=\"elementor-widget-container\">\n\t\t\t\t\t\t\t<p>Stand<em> 02.2022,<\/em> Quelle: Bundesministerium f\u00fcr Gesundheit<\/p>\t\t\t\t\t\t<\/div>\n\t\t\t\t<\/div>\n\t\t\t\t\t<\/div>\n\t\t<\/div>\n\t\t\t\t\t\t\t<\/div>\n\t\t<\/section>\n\t\t\t\t\t\t\t<\/div>","protected":false},"excerpt":{"rendered":"<p>A\u015f\u0131 yapt\u0131rmak i\u00e7in 7 \u00d6nemli Neden Korona a\u015f\u0131s\u0131, salg\u0131nla m\u00fccadelede \u00f6nemli bir ara\u00e7t\u0131r. Korona a\u015f\u0131s\u0131n\u0131 hemen yapt\u0131rmaya karar vermeniz i\u00e7in 7 \u00f6nemli nedeni buradan okuyabilirsiniz. Beni koruyor. Omikrona kar\u015f\u0131 da. Omikron dalgas\u0131 Almanya\u2019y\u0131 sard\u0131. Verilerin de g\u00f6sterdi\u011fi gibi; yap\u0131lan her a\u015f\u0131n\u0131n faydas\u0131 oluyor. Omikrona kar\u015f\u0131 da faydas\u0131 var. Daha birinci doz a\u015f\u0131 bile, hastal\u0131\u011f\u0131n a\u011f\u0131r [&hellip;]<\/p>","protected":false},"author":1,"featured_media":0,"parent":0,"menu_order":0,"comment_status":"closed","ping_status":"closed","template":"","meta":[],"_links":{"self":[{"href":"https:\/\/covid-19-bilgi.de\/de\/wp-json\/wp\/v2\/pages\/7085"}],"collection":[{"href":"https:\/\/covid-19-bilgi.de\/de\/wp-json\/wp\/v2\/pages"}],"about":[{"href":"https:\/\/covid-19-bilgi.de\/de\/wp-json\/wp\/v2\/types\/page"}],"author":[{"embeddable":true,"href":"https:\/\/covid-19-bilgi.de\/de\/wp-json\/wp\/v2\/users\/1"}],"replies":[{"embeddable":true,"href":"https:\/\/covid-19-bilgi.de\/de\/wp-json\/wp\/v2\/comments?post=7085"}],"version-history":[{"count":31,"href":"https:\/\/covid-19-bilgi.de\/de\/wp-json\/wp\/v2\/pages\/7085\/revisions"}],"predecessor-version":[{"id":8829,"href":"https:\/\/covid-19-bilgi.de\/de\/wp-json\/wp\/v2\/pages\/7085\/revisions\/8829"}],"wp:attachment":[{"href":"https:\/\/covid-19-bilgi.de\/de\/wp-json\/wp\/v2\/media?parent=7085"}],"curies":[{"name":"wp","href":"https:\/\/api.w.org\/{rel}","templated":true}]}}