{"id":5892,"date":"2022-03-17T15:24:30","date_gmt":"2022-03-17T13:24:30","guid":{"rendered":"https:\/\/covid-19-bilgi.de\/?page_id=5892"},"modified":"2022-11-29T15:17:55","modified_gmt":"2022-11-29T13:17:55","slug":"asi-efsaneleri-ve-komplo-teorileri","status":"publish","type":"page","link":"https:\/\/covid-19-bilgi.de\/de\/asi-efsaneleri-ve-komplo-teorileri\/","title":{"rendered":"Corona Impfmythen"},"content":{"rendered":"<div data-elementor-type=\"wp-page\" data-elementor-id=\"5892\" class=\"elementor elementor-5892\">\n\t\t\t\t\t\t\t\t\t<section class=\"elementor-section elementor-top-section elementor-element elementor-element-358f2791 elementor-section-full_width elementor-section-height-default elementor-section-height-default\" data-id=\"358f2791\" data-element_type=\"section\" data-settings=\"{&quot;background_background&quot;:&quot;classic&quot;}\">\n\t\t\t\t\t\t\t<div class=\"elementor-background-overlay\"><\/div>\n\t\t\t\t\t\t\t<div class=\"elementor-container elementor-column-gap-default\">\n\t\t\t\t\t<div class=\"elementor-column elementor-col-100 elementor-top-column elementor-element elementor-element-424d117b\" data-id=\"424d117b\" data-element_type=\"column\">\n\t\t\t<div class=\"elementor-widget-wrap elementor-element-populated\">\n\t\t\t\t\t\t\t\t<div class=\"elementor-element elementor-element-87a9059 elementor-widget elementor-widget-heading\" data-id=\"87a9059\" data-element_type=\"widget\" data-widget_type=\"heading.default\">\n\t\t\t\t<div class=\"elementor-widget-container\">\n\t\t\t<h2 class=\"elementor-heading-title elementor-size-default\">Schutzimpfung<\/h2>\t\t<\/div>\n\t\t\t\t<\/div>\n\t\t\t\t<div class=\"elementor-element elementor-element-2af45898 elementor-widget-divider--view-line elementor-invisible elementor-widget elementor-widget-divider\" data-id=\"2af45898\" data-element_type=\"widget\" data-settings=\"{&quot;_animation&quot;:&quot;fadeInLeft&quot;}\" data-widget_type=\"divider.default\">\n\t\t\t\t<div class=\"elementor-widget-container\">\n\t\t\t\t\t<div class=\"elementor-divider\">\n\t\t\t<span class=\"elementor-divider-separator\">\n\t\t\t\t\t\t<\/span>\n\t\t<\/div>\n\t\t\t\t<\/div>\n\t\t\t\t<\/div>\n\t\t\t\t<div class=\"elementor-element elementor-element-3689585d elementor-widget elementor-widget-heading\" data-id=\"3689585d\" data-element_type=\"widget\" data-widget_type=\"heading.default\">\n\t\t\t\t<div class=\"elementor-widget-container\">\n\t\t\t<h1 class=\"elementor-heading-title elementor-size-default\">Haben Sie Zweifel daran?<\/h1>\t\t<\/div>\n\t\t\t\t<\/div>\n\t\t\t\t\t<\/div>\n\t\t<\/div>\n\t\t\t\t\t\t\t<\/div>\n\t\t<\/section>\n\t\t\t\t<section class=\"elementor-section elementor-top-section elementor-element elementor-element-63d7f623 elementor-section-boxed elementor-section-height-default elementor-section-height-default\" data-id=\"63d7f623\" data-element_type=\"section\" data-settings=\"{&quot;background_background&quot;:&quot;classic&quot;}\">\n\t\t\t\t\t\t<div class=\"elementor-container elementor-column-gap-default\">\n\t\t\t\t\t<div class=\"elementor-column elementor-col-100 elementor-top-column elementor-element elementor-element-654c8202\" data-id=\"654c8202\" data-element_type=\"column\">\n\t\t\t<div class=\"elementor-widget-wrap elementor-element-populated\">\n\t\t\t\t\t\t\t\t<div class=\"elementor-element elementor-element-423fdc2f elementor-widget elementor-widget-spacer\" data-id=\"423fdc2f\" data-element_type=\"widget\" data-widget_type=\"spacer.default\">\n\t\t\t\t<div class=\"elementor-widget-container\">\n\t\t\t\t\t<div class=\"elementor-spacer\">\n\t\t\t<div class=\"elementor-spacer-inner\"><\/div>\n\t\t<\/div>\n\t\t\t\t<\/div>\n\t\t\t\t<\/div>\n\t\t\t\t<div class=\"elementor-element elementor-element-1ea9ce65 elementor-widget elementor-widget-text-editor\" data-id=\"1ea9ce65\" data-element_type=\"widget\" data-widget_type=\"text-editor.default\">\n\t\t\t\t<div class=\"elementor-widget-container\">\n\t\t\t\t\t\t\t<p>Die zehn h\u00e4ufigsten Impfmythen\u00a0<\/p>\t\t\t\t\t\t<\/div>\n\t\t\t\t<\/div>\n\t\t\t\t<div class=\"elementor-element elementor-element-1e90935c elementor-widget elementor-widget-text-editor\" data-id=\"1e90935c\" data-element_type=\"widget\" data-widget_type=\"text-editor.default\">\n\t\t\t\t<div class=\"elementor-widget-container\">\n\t\t\t\t\t\t\t<p>Seit Beginn der Corona-Schutzimpfungen besteht ein gro\u00dfes Informationsbed\u00fcrfnis. \nLeider sind die falschen Informationen \u00fcber COVID-19-Impfstoffe eines der meistdiskutierten Themen in den sozialen Medien. Diese falschen Informationen und Verschw\u00f6rungstheorien, die zu Mythen geworden sind, verunsichern die Menschen und halten von der Impfung ab. Deshalb sind zuverl\u00e4ssige Informationen im Kampf gegen die Pandemie essentiell.<\/p><p>Auf dieser Seite beantworten wir Fragen zu Impfmythen und Verschw\u00f6rungstheorien<\/p>\t\t\t\t\t\t<\/div>\n\t\t\t\t<\/div>\n\t\t\t\t<div class=\"elementor-element elementor-element-3bd529e4 elementor-widget elementor-widget-text-editor\" data-id=\"3bd529e4\" data-element_type=\"widget\" data-widget_type=\"text-editor.default\">\n\t\t\t\t<div class=\"elementor-widget-container\">\n\t\t\t\t\t\t\t<div><span lang=\"TR\">Mythe 1: Die Impfung n\u00fctzt doch nichts<\/span><\/div>\t\t\t\t\t\t<\/div>\n\t\t\t\t<\/div>\n\t\t\t\t<div class=\"elementor-element elementor-element-6dceae20 elementor-widget elementor-widget-text-editor\" data-id=\"6dceae20\" data-element_type=\"widget\" data-widget_type=\"text-editor.default\">\n\t\t\t\t<div class=\"elementor-widget-container\">\n\t\t\t\t\t\t\t<p><strong>Stimmt es, dass die Impfung nichts n\u00fctzt, wenn der Antik\u00f6rperspiegel sowieso f\u00e4llt?<\/strong><\/p><p>Auch wenn die erzeugten Antik\u00f6rperspiegel nach der Impfung nach einigen Monaten abfallen, kann eine sch\u00fctzende Immunantwort durch eine Impfung erreicht werden. Denn mit einer Impfung werden neben den Antik\u00f6rpern auch Immunzellen trainiert, die Corona-infizierte Zellen erkennen und zerst\u00f6ren k\u00f6nnen.<\/p>\t\t\t\t\t\t<\/div>\n\t\t\t\t<\/div>\n\t\t\t\t<div class=\"elementor-element elementor-element-7d24411 elementor-widget elementor-widget-text-editor\" data-id=\"7d24411\" data-element_type=\"widget\" data-widget_type=\"text-editor.default\">\n\t\t\t\t<div class=\"elementor-widget-container\">\n\t\t\t\t\t\t\t<p>Mythe 2: Die Corona-Schutzimpfung f\u00fchre zur Unfruchtbarkeit<\/p>\t\t\t\t\t\t<\/div>\n\t\t\t\t<\/div>\n\t\t\t\t<div class=\"elementor-element elementor-element-f68ebc4 elementor-widget elementor-widget-text-editor\" data-id=\"f68ebc4\" data-element_type=\"widget\" data-widget_type=\"text-editor.default\">\n\t\t\t\t<div class=\"elementor-widget-container\">\n\t\t\t\t\t\t\t<p><strong>Stimmt es, dass die Corona-Schutzimpfung  zur Unfruchtbarkeit bei Frauen f\u00fchren kann?<\/strong><\/p><p>Aufgrund im Netz kursierender Falschinformationen wird hier und da die Sorge laut, die Corona-Schutzimpfung f\u00fchre zur Unfruchtbarkeit oder erh\u00f6he das Risiko einer Fehlgeburt. Bisherige Studien kommen zu dem Ergebnis, dass man dies ausschlie\u00dfen kann.<\/p><p>Wenn Sie weitere Zweifel oder \u00c4ngste bez\u00fcglich eventueller Nebenwirkungen und direkter Impfreaktionen haben, sprechen Sie am besten mit Ihrem Arzt oder informieren Sie sich auf infektionsschutz.de, dem Informationsangebot der Bundeszentrale f\u00fcr gesundheitliche Aufkl\u00e4rung.  Fachinformationen erhalten Sie zudem auf der Seite des Paul-Ehrlich-Instituts. Das Institut ist die zentrale Stelle zur Erfassung von Nebenwirkungen und Impfreaktionen in Deutschland.<\/p>\t\t\t\t\t\t<\/div>\n\t\t\t\t<\/div>\n\t\t\t\t<div class=\"elementor-element elementor-element-ccb7615 elementor-widget elementor-widget-text-editor\" data-id=\"ccb7615\" data-element_type=\"widget\" data-widget_type=\"text-editor.default\">\n\t\t\t\t<div class=\"elementor-widget-container\">\n\t\t\t\t\t\t\t<p>Mythe 3: COVID-19-Impfstoffe greift in die menschliche DNA ein<\/p>\t\t\t\t\t\t<\/div>\n\t\t\t\t<\/div>\n\t\t\t\t<div class=\"elementor-element elementor-element-2cbf719 elementor-widget elementor-widget-text-editor\" data-id=\"2cbf719\" data-element_type=\"widget\" data-widget_type=\"text-editor.default\">\n\t\t\t\t<div class=\"elementor-widget-container\">\n\t\t\t\t\t\t\t<p><strong>Wie hoch ist die Gefahr der Integration von mRNA-Impfstoffen ins Genom?<\/strong><\/p><p>Es besteht kein erkennbares Risiko einer Integration von mRNA in das humane Genom. Beim Menschen befindet sich das Genom in Form von DNA im Zellkern. Eine Integration von RNA in DNA ist unter anderem aufgrund der unterschiedlichen chemischen Struktur nicht m\u00f6glich. Es gibt auch keinen Hinweis darauf, dass die von den K\u00f6rperzellen nach der Impfung aufgenommen mRNA in DNA umgeschrieben wird.<\/p>\t\t\t\t\t\t<\/div>\n\t\t\t\t<\/div>\n\t\t\t\t<div class=\"elementor-element elementor-element-17ec647 elementor-widget elementor-widget-text-editor\" data-id=\"17ec647\" data-element_type=\"widget\" data-widget_type=\"text-editor.default\">\n\t\t\t\t<div class=\"elementor-widget-container\">\n\t\t\t\t\t\t\t<p>Mythe 4: In den Impfstoffen sind  Mikrochips enthalten<\/p>\t\t\t\t\t\t<\/div>\n\t\t\t\t<\/div>\n\t\t\t\t<div class=\"elementor-element elementor-element-ce7fb28 elementor-widget elementor-widget-text-editor\" data-id=\"ce7fb28\" data-element_type=\"widget\" data-widget_type=\"text-editor.default\">\n\t\t\t\t<div class=\"elementor-widget-container\">\n\t\t\t\t\t\t\t<p><strong>Stimmt es, dass in den Impfstoffen Mikrochips enthalten sind?<\/strong><\/p><p>Solche Annahmen sind Verschw\u00f6rungsmythen, keine Tatsachen. Diese Behauptung ist nicht wahr. Die Forschung an COVID-19-Impfstoffen wird von unabh\u00e4ngigen Wissenschaftlerinnen und Wissenschaftlern durchgef\u00fchrt. Ihr Ziel ist die Entwicklung eines sicheren und wirksamen Schutzimpfstoffes gegen COVID-19.<\/p>\t\t\t\t\t\t<\/div>\n\t\t\t\t<\/div>\n\t\t\t\t<div class=\"elementor-element elementor-element-4c0d683 elementor-widget elementor-widget-text-editor\" data-id=\"4c0d683\" data-element_type=\"widget\" data-widget_type=\"text-editor.default\">\n\t\t\t\t<div class=\"elementor-widget-container\">\n\t\t\t\t\t\t\t<p>Mythe 5: Die Corona-Schutzimpfung verursacht Krankheiten wie Krebs<\/p>\t\t\t\t\t\t<\/div>\n\t\t\t\t<\/div>\n\t\t\t\t<div class=\"elementor-element elementor-element-9f602bb elementor-widget elementor-widget-text-editor\" data-id=\"9f602bb\" data-element_type=\"widget\" data-widget_type=\"text-editor.default\">\n\t\t\t\t<div class=\"elementor-widget-container\">\n\t\t\t\t\t\t\t<p><strong>Daf\u00fcr gibt es keinen Anhaltspunkt.<\/strong> In den durchgef\u00fchrten Studien zur Untersuchung des Impfstoffs wurde ein solcher Zusammenhang nicht festgestellt. Ein Impfstoff wird nur dann zugelassen, wenn er an ausreichend vielen Personen getestet wurde und best\u00e4tigt wurde, dass die Wirkung gegen\u00fcber den aufgetretenen Nebenwirkungen deutlich \u00fcberwiegt. Auch nach der Zulassung wird das positive Nutzen-Risiko-Profil im Rahmen klinischer Pr\u00fcfungen und weiteren Studien kontinuierlich \u00fcberpr\u00fcft.<\/p>\t\t\t\t\t\t<\/div>\n\t\t\t\t<\/div>\n\t\t\t\t\t<\/div>\n\t\t<\/div>\n\t\t\t\t\t\t\t<\/div>\n\t\t<\/section>\n\t\t\t\t<section class=\"elementor-section elementor-top-section elementor-element elementor-element-16217c7e elementor-section-boxed elementor-section-height-default elementor-section-height-default\" data-id=\"16217c7e\" data-element_type=\"section\" data-settings=\"{&quot;background_background&quot;:&quot;classic&quot;}\">\n\t\t\t\t\t\t\t<div class=\"elementor-background-overlay\"><\/div>\n\t\t\t\t\t\t\t<div class=\"elementor-container elementor-column-gap-default\">\n\t\t\t\t\t<div class=\"elementor-column elementor-col-100 elementor-top-column elementor-element elementor-element-2474b7af\" data-id=\"2474b7af\" data-element_type=\"column\" data-settings=\"{&quot;background_background&quot;:&quot;classic&quot;}\">\n\t\t\t<div class=\"elementor-widget-wrap elementor-element-populated\">\n\t\t\t\t\t<div class=\"elementor-background-overlay\"><\/div>\n\t\t\t\t\t\t\t\t<div class=\"elementor-element elementor-element-7a22a7ab elementor-widget elementor-widget-spacer\" data-id=\"7a22a7ab\" data-element_type=\"widget\" data-widget_type=\"spacer.default\">\n\t\t\t\t<div class=\"elementor-widget-container\">\n\t\t\t\t\t<div class=\"elementor-spacer\">\n\t\t\t<div class=\"elementor-spacer-inner\"><\/div>\n\t\t<\/div>\n\t\t\t\t<\/div>\n\t\t\t\t<\/div>\n\t\t\t\t<div class=\"elementor-element elementor-element-44a2069f animated-slow elementor-invisible elementor-widget elementor-widget-text-editor\" data-id=\"44a2069f\" data-element_type=\"widget\" data-settings=\"{&quot;_animation&quot;:&quot;fadeInLeft&quot;,&quot;_animation_delay&quot;:0}\" data-widget_type=\"text-editor.default\">\n\t\t\t\t<div class=\"elementor-widget-container\">\n\t\t\t\t\t\t\t<p>Unter der bundesweit kostenfreien t\u00fcrkischsprachigen Telefon-Hotline<\/p>\t\t\t\t\t\t<\/div>\n\t\t\t\t<\/div>\n\t\t\t\t<div class=\"elementor-element elementor-element-46b791c3 elementor-widget elementor-widget-heading\" data-id=\"46b791c3\" data-element_type=\"widget\" data-widget_type=\"heading.default\">\n\t\t\t\t<div class=\"elementor-widget-container\">\n\t\t\t<h2 class=\"elementor-heading-title elementor-size-default\">0800 0000 837<\/h2>\t\t<\/div>\n\t\t\t\t<\/div>\n\t\t\t\t<div class=\"elementor-element elementor-element-6a4a6d9f animated-slow elementor-invisible elementor-widget elementor-widget-text-editor\" data-id=\"6a4a6d9f\" data-element_type=\"widget\" data-settings=\"{&quot;_animation&quot;:&quot;fadeInLeft&quot;,&quot;_animation_delay&quot;:0}\" data-widget_type=\"text-editor.default\">\n\t\t\t\t<div class=\"elementor-widget-container\">\n\t\t\t\t\t\t\t<p>erhalten Sie Informationen und Antworten zu Ihren Zweifeln und \u00c4ngsten<\/p>\t\t\t\t\t\t<\/div>\n\t\t\t\t<\/div>\n\t\t\t\t<div class=\"elementor-element elementor-element-392cb528 elementor-widget elementor-widget-spacer\" data-id=\"392cb528\" data-element_type=\"widget\" data-widget_type=\"spacer.default\">\n\t\t\t\t<div class=\"elementor-widget-container\">\n\t\t\t\t\t<div class=\"elementor-spacer\">\n\t\t\t<div class=\"elementor-spacer-inner\"><\/div>\n\t\t<\/div>\n\t\t\t\t<\/div>\n\t\t\t\t<\/div>\n\t\t\t\t\t<\/div>\n\t\t<\/div>\n\t\t\t\t\t\t\t<\/div>\n\t\t<\/section>\n\t\t\t\t<section class=\"elementor-section elementor-top-section elementor-element elementor-element-a59f5b0 elementor-section-boxed elementor-section-height-default elementor-section-height-default\" data-id=\"a59f5b0\" data-element_type=\"section\" data-settings=\"{&quot;background_background&quot;:&quot;classic&quot;}\">\n\t\t\t\t\t\t<div class=\"elementor-container elementor-column-gap-default\">\n\t\t\t\t\t<div class=\"elementor-column elementor-col-100 elementor-top-column elementor-element elementor-element-8f12d84\" data-id=\"8f12d84\" data-element_type=\"column\">\n\t\t\t<div class=\"elementor-widget-wrap elementor-element-populated\">\n\t\t\t\t\t\t\t\t<div class=\"elementor-element elementor-element-2364759 elementor-widget elementor-widget-spacer\" data-id=\"2364759\" data-element_type=\"widget\" data-widget_type=\"spacer.default\">\n\t\t\t\t<div class=\"elementor-widget-container\">\n\t\t\t\t\t<div class=\"elementor-spacer\">\n\t\t\t<div class=\"elementor-spacer-inner\"><\/div>\n\t\t<\/div>\n\t\t\t\t<\/div>\n\t\t\t\t<\/div>\n\t\t\t\t<div class=\"elementor-element elementor-element-b6760cd elementor-widget elementor-widget-text-editor\" data-id=\"b6760cd\" data-element_type=\"widget\" data-widget_type=\"text-editor.default\">\n\t\t\t\t<div class=\"elementor-widget-container\">\n\t\t\t\t\t\t\t<p>Mythe 6: Probanden haben in den Studien Gesichtsl\u00e4hmung bekommen<\/p>\t\t\t\t\t\t<\/div>\n\t\t\t\t<\/div>\n\t\t\t\t<div class=\"elementor-element elementor-element-6719be3 elementor-widget elementor-widget-text-editor\" data-id=\"6719be3\" data-element_type=\"widget\" data-widget_type=\"text-editor.default\">\n\t\t\t\t<div class=\"elementor-widget-container\">\n\t\t\t\t\t\t\t<p><strong>Stimmt es, dass Probandinnen und\/oder Probanden in den Studien Gesichtsl\u00e4hmung bekommen haben?<\/strong><\/p><p>Bei der Erprobung von Comirnaty\u00ae von BioNTech\/Pfizer haben Probandinnen und Probanden vereinzelt von L\u00e4hmungserscheinungen berichtet. Die Gesichtsl\u00e4hmungen (Fazialisparesen) traten sowohl in der Gruppe der Geimpften als auch in der Placebo-Gruppe auf und sind somit nicht urs\u00e4chlich auf die Impfung zur\u00fcckzuf\u00fchren. Nach millionenfacher Anwendung des Impfstoffs sind keine Signale in den nationalen Monitoringsystemen zur Impfstoff-Sicherheit bez\u00fcglich Gesichtsl\u00e4hmungen nach einer Corona-Schutzimpfung aufgetreten.<\/p>\t\t\t\t\t\t<\/div>\n\t\t\t\t<\/div>\n\t\t\t\t<div class=\"elementor-element elementor-element-302e241 elementor-widget elementor-widget-text-editor\" data-id=\"302e241\" data-element_type=\"widget\" data-widget_type=\"text-editor.default\">\n\t\t\t\t<div class=\"elementor-widget-container\">\n\t\t\t\t\t\t\t<p>Mythe 7: Probanden sind in den Studien gestorben<\/p>\t\t\t\t\t\t<\/div>\n\t\t\t\t<\/div>\n\t\t\t\t<div class=\"elementor-element elementor-element-e8fba47 elementor-widget elementor-widget-text-editor\" data-id=\"e8fba47\" data-element_type=\"widget\" data-widget_type=\"text-editor.default\">\n\t\t\t\t<div class=\"elementor-widget-container\">\n\t\t\t\t\t\t\t<p><strong>Stimmt es, dass Probandinnen und\/oder Probanden in den Studien gestorben sind?<\/strong><\/p><p>Bei klinischen Pr\u00fcfungen mit gro\u00dfer Patientinnen- und Patientenzahl und einem Einschluss von Menschen mit hohem Alter und l\u00e4ngerer Studiendauer ist es m\u00f6glich, dass im Verlauf der Studie Patientinnen oder Patienten versterben k\u00f6nnen. Dies bedeutet jedoch nicht, dass ein Zusammenhang mit dem Impfstoff besteht.<\/p><p>Jede aufgetretene Nebenwirkung wird erfasst und jeder Todesfall wird auf einen m\u00f6glichen Zusammenhang mit der Impfung von einem unabh\u00e4ngigen Kontrollgremium genau untersucht. Das Paul-Ehrlich-Institut aktualisiert dazu kontinuierlich die Sicherheitsberichte zu den COVID-19 Impfstoffen.<\/p>\t\t\t\t\t\t<\/div>\n\t\t\t\t<\/div>\n\t\t\t\t<div class=\"elementor-element elementor-element-7270cff elementor-widget elementor-widget-text-editor\" data-id=\"7270cff\" data-element_type=\"widget\" data-widget_type=\"text-editor.default\">\n\t\t\t\t<div class=\"elementor-widget-container\">\n\t\t\t\t\t\t\t<p>Mythe 8: Pr\u00e4valenzfehler<\/p>\t\t\t\t\t\t<\/div>\n\t\t\t\t<\/div>\n\t\t\t\t<div class=\"elementor-element elementor-element-c8ab74a elementor-widget elementor-widget-text-editor\" data-id=\"c8ab74a\" data-element_type=\"widget\" data-widget_type=\"text-editor.default\">\n\t\t\t\t<div class=\"elementor-widget-container\">\n\t\t\t\t\t\t\t<p><strong>Die Pr\u00e4valenz ist in der Epidemiologie und medizinischen Statistik eine Kennzahl zum Beispiel f\u00fcr die Krankheitsh\u00e4ufigkeit.<\/strong><\/p><p>Ein Pr\u00e4valenzfehler bezeichnet das Ph\u00e4nomen, dass eine bedingte Wahrscheinlichkeit oder ein Risiko (zum Beispiel das Risiko an COVID 19 zu erkranken), falsch eingesch\u00e4tzt werden, weil H\u00e4ufigkeiten (zum Beispiel die Impfquote) nicht ber\u00fccksichtigt werden.<\/p><p><strong>Zum verdeutlichen hier ein Beispiel:\u00a0<\/strong>Unter 100 Personen sind 99 Geimpfte und 1 ungeimpfte Person. Von diesen 100 Personen kommen 2 Personen aufgrund einer COVID-19-Erkrankung ins Krankenhaus. Eine Person ist geimpft, die andere Person ist ungeimpft. Wird nun angenommen, dass 50 Prozent der Geimpften im Krankenhaus liegen, liegt der Pr\u00e4valenzfehler vor.  Denn bei der Berechnung der Wahrscheinlichkeit im Krankenhaus zu liegen, muss auch die Impfquote ber\u00fccksichtigt werden, also wie viele der 100 Personen geimpft und wie viele ungeimpft sind. Wird die Impfquote ber\u00fccksichtigt kommt man zu dem Ergebnis: 100  Prozent der Ungeimpften landen im Krankenhaus, aber nur 1,01 Prozent der Geimpften.\u00a0<span lang=\"TR\">yayg\u0131nl\u0131k hatas\u0131 yap\u0131lm\u0131\u015f olur.\u00a0<\/span>\u00c7\u00fcnk\u00fc hastanede kalma olas\u0131l\u0131\u011f\u0131 hesaplan\u0131rken a\u015f\u0131lanma oran\u0131 da hesaba kat\u0131lmal\u0131d\u0131r, yani 100 ki\u015fiden ka\u00e7\u0131n\u0131n a\u015f\u0131l\u0131, ka\u00e7\u0131n\u0131n a\u015f\u0131s\u0131z oldu\u011fu.\u00a0A\u015f\u0131 oran\u0131 dikkate al\u0131n\u0131rsa, a\u015f\u0131s\u0131zlar\u0131n y\u00fczde 100&#8217;\u00fc hastanede, a\u015f\u0131l\u0131lar\u0131n ise sadece y\u00fczde 1,01&#8217;i hastanede oldu\u011fu ortaya \u00e7\u0131k\u0131yor.<\/p>\t\t\t\t\t\t<\/div>\n\t\t\t\t<\/div>\n\t\t\t\t<div class=\"elementor-element elementor-element-15fcf95 elementor-widget elementor-widget-text-editor\" data-id=\"15fcf95\" data-element_type=\"widget\" data-widget_type=\"text-editor.default\">\n\t\t\t\t<div class=\"elementor-widget-container\">\n\t\t\t\t\t\t\t<div><span lang=\"TR\">Myhe 9: Impfungen wurden nur an gesunden Personen getestet<\/span><\/div>\t\t\t\t\t\t<\/div>\n\t\t\t\t<\/div>\n\t\t\t\t<div class=\"elementor-element elementor-element-73cf1ce elementor-widget elementor-widget-text-editor\" data-id=\"73cf1ce\" data-element_type=\"widget\" data-widget_type=\"text-editor.default\">\n\t\t\t\t<div class=\"elementor-widget-container\">\n\t\t\t\t\t\t\t<p><strong>Stimmt es, dass Impfungen nur an gesunden Personen getestet wurden?<\/strong><\/p><p><strong>Das ist nicht korrekt<\/strong>. In die Phase 3 dieser klinischen Pr\u00fcfung wurden auch \u00e4ltere Menschen sowie Risikopatientinnen und -patienten mit bestimmten Vorerkrankungen oder \u00dcbergewicht aufgenommen. Voraussetzung war ein stabiler Gesundheitszustand. Ausgeschlossen wurden zum Beispiel nur Menschen mit einer Immundefizienz und Blutungsst\u00f6rungen.<\/p>\t\t\t\t\t\t<\/div>\n\t\t\t\t<\/div>\n\t\t\t\t<div class=\"elementor-element elementor-element-90163eb elementor-widget elementor-widget-text-editor\" data-id=\"90163eb\" data-element_type=\"widget\" data-widget_type=\"text-editor.default\">\n\t\t\t\t<div class=\"elementor-widget-container\">\n\t\t\t\t\t\t\t<p>Mythe 10: Die Corona-Impfung Ist eine Gefahr f\u00fcr Menschen mit rheumatischen Erkrankungen<\/p>\t\t\t\t\t\t<\/div>\n\t\t\t\t<\/div>\n\t\t\t\t<div class=\"elementor-element elementor-element-9449d93 elementor-widget elementor-widget-text-editor\" data-id=\"9449d93\" data-element_type=\"widget\" data-widget_type=\"text-editor.default\">\n\t\t\t\t<div class=\"elementor-widget-container\">\n\t\t\t\t\t\t\t<p><strong>Stimmt es, dass die Corona-Schutzimpfung f\u00fcr Menschen mit einer Rheumaerkrankung potentiell gef\u00e4hrlich sein kann?<\/strong><\/p><p><strong>Nein, das stimmt nicht.<\/strong> Alman Romatoloji Derne\u011fi (DGRh) 6 Nisan 2021 tarihli tavsiyesi \u015f\u00f6yle: \"A\u015f\u0131 bile\u015fenlerine kar\u015f\u0131 bilinen alerjiler d\u0131\u015f\u0131nda, COVID-19 a\u015f\u0131s\u0131 i\u00e7in herhangi bir kontrendikasyon yoktur. Bu ayn\u0131 zamanda inflamatuar romatizmal hastal\u0131klar\u0131 olan hastalar ve ba\u011f\u0131\u015f\u0131kl\u0131\u011f\u0131 bask\u0131lay\u0131c\u0131\/ba\u011f\u0131\u015f\u0131kl\u0131k d\u00fczenleyici tedavisinde olan hastalar i\u00e7in de ge\u00e7erlidir.\" Ve devam ediyor: \"\u015eu anda onaylanan SARS-CoV-2'ye kar\u015f\u0131 t\u00fcm a\u015f\u0131lar canl\u0131 a\u015f\u0131 de\u011fildir. Bu \"canl\u0131 olmayan a\u015f\u0131lar\", inflamatuar romatizmal hastal\u0131klar\u0131 olan hastalarda ve imm\u00fcnosupresif\/ba\u011f\u0131\u015f\u0131kl\u0131k mod\u00fclasyonu olan hastalarda k\u0131s\u0131tlama olmaks\u0131z\u0131n kullan\u0131labilir<\/p>\t\t\t\t\t\t<\/div>\n\t\t\t\t<\/div>\n\t\t\t\t<div class=\"elementor-element elementor-element-1b4426e elementor-widget elementor-widget-spacer\" data-id=\"1b4426e\" data-element_type=\"widget\" data-widget_type=\"spacer.default\">\n\t\t\t\t<div class=\"elementor-widget-container\">\n\t\t\t\t\t<div class=\"elementor-spacer\">\n\t\t\t<div class=\"elementor-spacer-inner\"><\/div>\n\t\t<\/div>\n\t\t\t\t<\/div>\n\t\t\t\t<\/div>\n\t\t\t\t<div class=\"elementor-element elementor-element-f4bda3d elementor-widget elementor-widget-text-editor\" data-id=\"f4bda3d\" data-element_type=\"widget\" data-widget_type=\"text-editor.default\">\n\t\t\t\t<div class=\"elementor-widget-container\">\n\t\t\t\t\t\t\t<p>Stand<em> 04.2022,<\/em> Quelle: Bundesministerium f\u00fcr Gesundheit<\/p>\t\t\t\t\t\t<\/div>\n\t\t\t\t<\/div>\n\t\t\t\t\t<\/div>\n\t\t<\/div>\n\t\t\t\t\t\t\t<\/div>\n\t\t<\/section>\n\t\t\t\t\t\t\t<\/div>","protected":false},"excerpt":{"rendered":"<p>A\u015f\u0131ya Kar\u015f\u0131 Ku\u015fkular\u0131n\u0131z m\u0131 var? 10 En Yayg\u0131n COVID-19 A\u015f\u0131 Mitleri\u00a0 Korona a\u015f\u0131lar\u0131n\u0131n uygulanmaya ba\u015fland\u0131\u011f\u0131 g\u00fcnden itibaren b\u00fcy\u00fck bir bilgi ihtiyac\u0131 olu\u015fmu\u015ftur. Maalesef COVID-19 a\u015f\u0131lar\u0131yla ilgili yanl\u0131\u015f bilgiler sosyal medyada en \u00e7ok konu\u015fulup, tart\u0131\u015f\u0131lan konular\u0131n ba\u015f\u0131nda gelmektedir. Bu yanl\u0131\u015f bilgi ve komplo teorileri adeta efsanelere yani mitlere d\u00f6n\u00fc\u015ferek insanlar\u0131 tedirgin etmekte ve a\u015f\u0131 olmalar\u0131n\u0131 engellemektedir. [&hellip;]<\/p>","protected":false},"author":1,"featured_media":0,"parent":0,"menu_order":0,"comment_status":"closed","ping_status":"closed","template":"","meta":[],"_links":{"self":[{"href":"https:\/\/covid-19-bilgi.de\/de\/wp-json\/wp\/v2\/pages\/5892"}],"collection":[{"href":"https:\/\/covid-19-bilgi.de\/de\/wp-json\/wp\/v2\/pages"}],"about":[{"href":"https:\/\/covid-19-bilgi.de\/de\/wp-json\/wp\/v2\/types\/page"}],"author":[{"embeddable":true,"href":"https:\/\/covid-19-bilgi.de\/de\/wp-json\/wp\/v2\/users\/1"}],"replies":[{"embeddable":true,"href":"https:\/\/covid-19-bilgi.de\/de\/wp-json\/wp\/v2\/comments?post=5892"}],"version-history":[{"count":70,"href":"https:\/\/covid-19-bilgi.de\/de\/wp-json\/wp\/v2\/pages\/5892\/revisions"}],"predecessor-version":[{"id":8384,"href":"https:\/\/covid-19-bilgi.de\/de\/wp-json\/wp\/v2\/pages\/5892\/revisions\/8384"}],"wp:attachment":[{"href":"https:\/\/covid-19-bilgi.de\/de\/wp-json\/wp\/v2\/media?parent=5892"}],"curies":[{"name":"wp","href":"https:\/\/api.w.org\/{rel}","templated":true}]}}