{"id":3568,"date":"2021-11-17T19:22:41","date_gmt":"2021-11-17T17:22:41","guid":{"rendered":"https:\/\/covid-19-bilgi.de\/?page_id=3568"},"modified":"2022-12-15T11:05:41","modified_gmt":"2022-12-15T09:05:41","slug":"guclendirici-asi","status":"publish","type":"page","link":"https:\/\/covid-19-bilgi.de\/de\/guclendirici-asi\/","title":{"rendered":"Booster-Impfung"},"content":{"rendered":"<div data-elementor-type=\"wp-page\" data-elementor-id=\"3568\" class=\"elementor elementor-3568\">\n\t\t\t\t\t\t\t\t\t<section class=\"elementor-section elementor-top-section elementor-element elementor-element-58c4451a elementor-section-full_width elementor-section-content-top elementor-section-height-default elementor-section-height-default\" data-id=\"58c4451a\" data-element_type=\"section\" data-settings=\"{&quot;background_background&quot;:&quot;classic&quot;}\">\n\t\t\t\t\t\t\t<div class=\"elementor-background-overlay\"><\/div>\n\t\t\t\t\t\t\t<div class=\"elementor-container elementor-column-gap-default\">\n\t\t\t\t\t<div class=\"elementor-column elementor-col-100 elementor-top-column elementor-element elementor-element-7d584279\" data-id=\"7d584279\" data-element_type=\"column\">\n\t\t\t<div class=\"elementor-widget-wrap elementor-element-populated\">\n\t\t\t\t\t\t\t\t<div class=\"elementor-element elementor-element-15df7e2c elementor-widget elementor-widget-heading\" data-id=\"15df7e2c\" data-element_type=\"widget\" data-widget_type=\"heading.default\">\n\t\t\t\t<div class=\"elementor-widget-container\">\n\t\t\t<h2 class=\"elementor-heading-title elementor-size-default\">Auffrischungsimpfungen gegen COVID-19<\/h2>\t\t<\/div>\n\t\t\t\t<\/div>\n\t\t\t\t<div class=\"elementor-element elementor-element-7d89be4c elementor-widget-divider--view-line elementor-invisible elementor-widget elementor-widget-divider\" data-id=\"7d89be4c\" data-element_type=\"widget\" data-settings=\"{&quot;_animation&quot;:&quot;fadeInLeft&quot;}\" data-widget_type=\"divider.default\">\n\t\t\t\t<div class=\"elementor-widget-container\">\n\t\t\t\t\t<div class=\"elementor-divider\">\n\t\t\t<span class=\"elementor-divider-separator\">\n\t\t\t\t\t\t<\/span>\n\t\t<\/div>\n\t\t\t\t<\/div>\n\t\t\t\t<\/div>\n\t\t\t\t<div class=\"elementor-element elementor-element-6046b549 elementor-widget elementor-widget-heading\" data-id=\"6046b549\" data-element_type=\"widget\" data-widget_type=\"heading.default\">\n\t\t\t\t<div class=\"elementor-widget-container\">\n\t\t\t<h1 class=\"elementor-heading-title elementor-size-default\">Booster-Impfungen<\/h1>\t\t<\/div>\n\t\t\t\t<\/div>\n\t\t\t\t\t<\/div>\n\t\t<\/div>\n\t\t\t\t\t\t\t<\/div>\n\t\t<\/section>\n\t\t\t\t<section class=\"elementor-section elementor-top-section elementor-element elementor-element-5fdcdc7 elementor-section-boxed elementor-section-height-default elementor-section-height-default\" data-id=\"5fdcdc7\" data-element_type=\"section\" data-settings=\"{&quot;background_background&quot;:&quot;classic&quot;}\">\n\t\t\t\t\t\t<div class=\"elementor-container elementor-column-gap-default\">\n\t\t\t\t\t<div class=\"elementor-column elementor-col-100 elementor-top-column elementor-element elementor-element-5749a4d7\" data-id=\"5749a4d7\" data-element_type=\"column\">\n\t\t\t<div class=\"elementor-widget-wrap elementor-element-populated\">\n\t\t\t\t\t\t\t\t<div class=\"elementor-element elementor-element-11f95534 elementor-widget elementor-widget-spacer\" data-id=\"11f95534\" data-element_type=\"widget\" data-widget_type=\"spacer.default\">\n\t\t\t\t<div class=\"elementor-widget-container\">\n\t\t\t\t\t<div class=\"elementor-spacer\">\n\t\t\t<div class=\"elementor-spacer-inner\"><\/div>\n\t\t<\/div>\n\t\t\t\t<\/div>\n\t\t\t\t<\/div>\n\t\t\t\t<div class=\"elementor-element elementor-element-1931203 elementor-widget elementor-widget-text-editor\" data-id=\"1931203\" data-element_type=\"widget\" data-widget_type=\"text-editor.default\">\n\t\t\t\t<div class=\"elementor-widget-container\">\n\t\t\t\t\t\t\t<p>In der aktuellen Omikron-Welle sind Auffrischungsimpfungen, auch Booster-Impfungen genannt, besonders wichtig. Risikogruppen empfiehlt die St\u00e4ndige Impfkommission (STIKO) eine zweite Booster-Impfung. Wer sich wann boostern lassen sollte und warum die Auffrischungsimpfung entscheidend f\u00fcr einen umfassenden Schutz ist und alle Informationen zu diesen Impfungen finden Sie hier.<\/p>\t\t\t\t\t\t<\/div>\n\t\t\t\t<\/div>\n\t\t\t\t<div class=\"elementor-element elementor-element-1166338e elementor-widget elementor-widget-text-editor\" data-id=\"1166338e\" data-element_type=\"widget\" data-widget_type=\"text-editor.default\">\n\t\t\t\t<div class=\"elementor-widget-container\">\n\t\t\t\t\t\t\t<p>Warum ist eine Auffrischimpfung erforderlich?<\/p>\t\t\t\t\t\t<\/div>\n\t\t\t\t<\/div>\n\t\t\t\t<div class=\"elementor-element elementor-element-24e872e5 elementor-widget elementor-widget-text-editor\" data-id=\"24e872e5\" data-element_type=\"widget\" data-widget_type=\"text-editor.default\">\n\t\t\t\t<div class=\"elementor-widget-container\">\n\t\t\t\t\t\t\t<div><p>Angesichts der in Deutschland vorherrschenden hochansteckenden Omikron-Variante ist die Booster-Impfung besonders wichtig \u2013 f\u00fcr den eigenen Schutz und um eine \u00dcberlastung des Gesundheitssystems zu verhindern. Denn im Laufe der Zeit l\u00e4sst bei Personen, die bereits vor l\u00e4ngerer Zeit vollst\u00e4ndig grundimmunisiert wurden oder deren Immunantwort aufgrund von Alter oder Vorerkrankungen schw\u00e4cher ausgefallen ist, der Immunschutz nach. Das ist jedoch ein nat\u00fcrlicher Vorgang: Im Prinzip vergisst das Immunsystem nach und nach, wie es das Coronavirus schnell und effektiv bek\u00e4mpfen kann.<\/p><p>Deshalb ist es wichtig, den Impfschutz durch eine Auffrischungsimpfung zu verbessern \u2013 besonders gef\u00e4hrdeten Personen empfiehlt die STIKO jetzt sogar eine zweite Booster-Impfung f\u00fcr einen umfassenden Schutz. Denn nach wie vor gilt: Die Corona-Impfung ist der wirksamste Schutz vor schweren und t\u00f6dlichen Krankheitsverl\u00e4ufen. Sie reduziert die Anzahl der Hospitalisierungen von COVID-19-Erkrankten erheblich. Das zeigen die laufend aktualisierten Daten zur Impfeffektivit\u00e4t in den Berichten des RKI. Daten aus den USA zeigen: Mit drei Corona-Schutzimpfungen steigt der Schutz vor schweren Krankheitsverl\u00e4ufen auf nahezu 100 Prozent.<\/p><\/div>\t\t\t\t\t\t<\/div>\n\t\t\t\t<\/div>\n\t\t\t\t<div class=\"elementor-element elementor-element-66c54375 elementor-widget elementor-widget-text-editor\" data-id=\"66c54375\" data-element_type=\"widget\" data-widget_type=\"text-editor.default\">\n\t\t\t\t<div class=\"elementor-widget-container\">\n\t\t\t\t\t\t\t<p>Was sind Auffrischungsimpfungen?<\/p>\t\t\t\t\t\t<\/div>\n\t\t\t\t<\/div>\n\t\t\t\t<div class=\"elementor-element elementor-element-c0ef657 elementor-widget elementor-widget-text-editor\" data-id=\"c0ef657\" data-element_type=\"widget\" data-widget_type=\"text-editor.default\">\n\t\t\t\t<div class=\"elementor-widget-container\">\n\t\t\t\t\t\t\t<p>Gr\u00fcnes Licht f\u00fcr angepasste Omikron-Impfstoffe von BioNTech\/Pfizer und Moderna\u202f<\/p>\t\t\t\t\t\t<\/div>\n\t\t\t\t<\/div>\n\t\t\t\t<div class=\"elementor-element elementor-element-be8df09 elementor-widget elementor-widget-text-editor\" data-id=\"be8df09\" data-element_type=\"widget\" data-widget_type=\"text-editor.default\">\n\t\t\t\t<div class=\"elementor-widget-container\">\n\t\t\t\t\t\t\t<p>Die Entwicklung der COVID-19-Pandemie und auch die Entwicklung neuer Virusvarianten des Coronavirus SARS-CoV-2 sind dynamische Prozesse. Die Corona-Impfstoffe werden daher kontinuierlich weiterentwickelt, um einen hohen Immunschutz gew\u00e4hrleisten zu k\u00f6nnen, auch z. B. gegen die aktuell dominierenden Omikron-Subvarianten des Coronavirus.<\/p><p>Die Europ\u00e4ische Kommission hat im September 2022 die an die Omikron-Variante angepassten Corona-Impfstoffe von BioNTech\/Pfizer und Moderna zugelassen.<\/p>\t\t\t\t\t\t<\/div>\n\t\t\t\t<\/div>\n\t\t\t\t<div class=\"elementor-element elementor-element-b9a9496 elementor-widget elementor-widget-text-editor\" data-id=\"b9a9496\" data-element_type=\"widget\" data-widget_type=\"text-editor.default\">\n\t\t\t\t<div class=\"elementor-widget-container\">\n\t\t\t\t\t\t\t<p>Wie wirkt die Booster-Impfung?<\/p>\t\t\t\t\t\t<\/div>\n\t\t\t\t<\/div>\n\t\t\t\t<div class=\"elementor-element elementor-element-c33bcf2 elementor-widget elementor-widget-text-editor\" data-id=\"c33bcf2\" data-element_type=\"widget\" data-widget_type=\"text-editor.default\">\n\t\t\t\t<div class=\"elementor-widget-container\">\n\t\t\t\t\t\t\t<p>Die Booster-Impfung ist ein Synonym f\u00fcr eine Auffrischungsimpfung. Der Begriff \"Booster\" stammt aus dem Englischen und bedeutet \"Verst\u00e4rker\".  Mit einer Auffrischungsimpfung l\u00e4sst sich der nachlassende Immunschutz einfach und effektiv \u201eboostern\u201c, also verst\u00e4rken. Denn durch den Booster erinnert sich Ihr Immunsystem wieder an das Coronavirus und ist so besser darauf vorbereitet, es zu bek\u00e4mpfen. So sorgt die Auffrischungsimpfung daf\u00fcr, dass der Impfschutz \u2013 unabh\u00e4ngig von Alter oder Vorerkrankungen \u2013 effektiv aufrechterhalten und die Weiterverbreitung des Virus deutlich gesenkt wird.<\/p><div><p>Gut zu wissen: Auch wenn Krankheitsverl\u00e4ufe, ausgel\u00f6st von der Omikron-Variante, im Durchschnitt milder verlaufen als von der Delta-Variante, bleibt ein guter Impfschutz wichtig. Denn eine SARS-CoV-2-Infektion ist keine harmlose Erk\u00e4ltung, sondern kann mit vielen Komplikationen (wie Blutgerinnseln oder Schlaganfall) und Langzeitfolgen verbunden sein (Post- und Long-COVID). Ein guter Impfschutz sch\u00fctzt vor schweren Krankheitsverl\u00e4ufen und sorgt im Fall einer Infektion f\u00fcr eine kontrollierte Immunantwort des K\u00f6rpers. Grund daf\u00fcr sind unter anderem bestimmte Ged\u00e4chtniszellen (die sogenannten B- und T-Zellen), die der K\u00f6rper durch die Impfung gebildet hat und welche das Virus fr\u00fchzeitig und gezielt bek\u00e4mpfen k\u00f6nnen. Diese Immunzellen spielen eine Schl\u00fcsselrolle beim Schutz vor schweren Verl\u00e4ufen \u2013 und die Booster-Impfung verst\u00e4rkt diesen Schutz noch einmal deutlich.<\/p><\/div>\t\t\t\t\t\t<\/div>\n\t\t\t\t<\/div>\n\t\t\t\t<div class=\"elementor-element elementor-element-65fc2fb elementor-widget elementor-widget-text-editor\" data-id=\"65fc2fb\" data-element_type=\"widget\" data-widget_type=\"text-editor.default\">\n\t\t\t\t<div class=\"elementor-widget-container\">\n\t\t\t\t\t\t\t<p>Wer sollte sich boostern lassen?<\/p>\t\t\t\t\t\t<\/div>\n\t\t\t\t<\/div>\n\t\t\t\t<div class=\"elementor-element elementor-element-567a471 elementor-widget elementor-widget-text-editor\" data-id=\"567a471\" data-element_type=\"widget\" data-widget_type=\"text-editor.default\">\n\t\t\t\t<div class=\"elementor-widget-container\">\n\t\t\t\t\t\t\t<p>Die STIKO empfiehlt allen Personen ab 12 Jahren die COVID-19 Auffrischungsimpfung.<\/p>\t\t\t\t\t\t<\/div>\n\t\t\t\t<\/div>\n\t\t\t\t<div class=\"elementor-element elementor-element-94dcdbe elementor-widget elementor-widget-text-editor\" data-id=\"94dcdbe\" data-element_type=\"widget\" data-widget_type=\"text-editor.default\">\n\t\t\t\t<div class=\"elementor-widget-container\">\n\t\t\t\t\t\t\t<p>Die STIKO hat ihre Empfehlungen zum Impfabstand angepasst und empfiehlt zuk\u00fcnftig bei immungesunden Menschen ab 12 Jahren einen Mindestabstand von 6 Monaten zwischen Grundimmunisierung und erster Auffrischungsimpfung einzuhalten. Die Empfehlung gilt auch f\u00fcr Schwangere ab dem 2. Schwangerschaftsdrittel. Auch Kinder zwischen 5 bis 11 Jahren mit Vorerkrankungen sollten sich der STIKO zufolge ab 6 Monate nach der Grundimmunisierung boostern lassen.<\/p><div><div><p>F\u00fcr Genesene beziehungsweise Menschen, die sich vor, w\u00e4hrend oder nach einer Impfserie mit dem Coronavirus infizieren, gilt:<\/p><\/div><ul><li><p>Personen, die sich nach der ersten Impfung einer 2-Dosis-Impfserie infizieren, sollte die zweite Impfstoffdosis 6 Monate nach der Infektion erhalten.<\/p><\/li><li><p>Personen, die sich nach der ersten Impfung einer 2-Dosis-Impfserie infizieren, sollte die zweite Impfstoffdosis 6 Monate nach der Infektion erhalten<\/p><\/li><li><p>Wer sich vor der Erstimpfung infiziert und dann im Abstand von mindestens 4 Wochen eine Impfstoffdosis erhalten hat, kann ab 6 Monaten nach der vorangegangenen Impfung einen Booster bekommen.<\/p><\/li><li><p>Ungeimpfte Personen, die sich 2 Mal in einem Abstand von mindestens 3 Monaten infiziert haben, gelten als grundimmunisiert. Die Auffrischungsimpfung soll nach den bestehenden Empfehlungen (in der Regel ab 3 Monaten nach der 2. Infektion) vorgenommen werden.<\/p><\/li><li><p>Ungeimpfte Personen, die sich in einem Abstand von weniger als 3 Monaten ein 2. Mal infizieren, ben\u00f6tigen zur Grundimmunisierung in der Regel 3 Monate nach der 2. Infektion eine Impfstoffdosis. Die Auffrischungsimpfung soll nach den bestehenden Empfehlungen (in der Regel ab 3 Monaten nach der letzten Impfstoffdosis der Grundimmunisierung) vorgenommen werden.<\/p><\/li><li><p>Zum Erreichen einer bestm\u00f6glichen Immunit\u00e4t wird auch ungeimpften Personen, die 3 oder mehr Coronavirus-Infektionen durchgemacht haben, eine Auffrischungsimpfung empfohlen. Dabei sollte ein Mindestabstand zur letzten Infektion von 3 Monaten eingehalten werden.<\/p><\/li><\/ul><\/div>\t\t\t\t\t\t<\/div>\n\t\t\t\t<\/div>\n\t\t\t\t<div class=\"elementor-element elementor-element-ac7398e elementor-widget elementor-widget-text-editor\" data-id=\"ac7398e\" data-element_type=\"widget\" data-widget_type=\"text-editor.default\">\n\t\t\t\t<div class=\"elementor-widget-container\">\n\t\t\t\t\t\t\t<p>Vierte Corona-Impfung:<\/p>\t\t\t\t\t\t<\/div>\n\t\t\t\t<\/div>\n\t\t\t\t<div class=\"elementor-element elementor-element-0b80044 elementor-widget elementor-widget-text-editor\" data-id=\"0b80044\" data-element_type=\"widget\" data-widget_type=\"text-editor.default\">\n\t\t\t\t<div class=\"elementor-widget-container\">\n\t\t\t\t\t\t\t<p>STIKO erweitert die Empfehlung zur zweiten Booster-Impfung<\/p>\t\t\t\t\t\t<\/div>\n\t\t\t\t<\/div>\n\t\t\t\t<div class=\"elementor-element elementor-element-5861ff6d elementor-widget elementor-widget-text-editor\" data-id=\"5861ff6d\" data-element_type=\"widget\" data-widget_type=\"text-editor.default\">\n\t\t\t\t<div class=\"elementor-widget-container\">\n\t\t\t\t\t\t\t<p>F\u00fcr bestimmte Personengruppen ist es ganz besonders wichtig, den Impfschutz aufzufrischen \u2013 und zwar nicht nur mit einer dritten, sondern mit einer zus\u00e4tzlichen vierten Corona-Schutzimpfung. Die STIKO empfiehlt nun auch einen 2. Booster f\u00fcr \u00e4ltere Menschen ab 60 Jahren, Personen ab 5 Jahren mit erh\u00f6htem Risiko f\u00fcr schwere COVID-19-Verl\u00e4ufe infolge einer Grunderkrankungen gem\u00e4\u00df STIKO-Empfehlung.<\/p><p>Dabei sollen diese Personengruppen die vierte Corona-Impfung mit einem mRNA-Impfstoff fr\u00fchestens sechs Monate nach dem letzten Ereignis (vorangegangene Infektion oder COVID-19-Impfung) erhalten; in begr\u00fcndeten Einzelf\u00e4llen ist eine Verk\u00fcrzung dieses Abstandes auf 4 Monate m\u00f6glich. Bei immungesunden Personen ist jedoch ein l\u00e4ngerer Impfabstand f\u00fcr den Langzeitschutz immunologisch g\u00fcnstiger.<\/p><p>Ob und gegebenenfalls, wann in Zukunft weitere Auffrischungsimpfungen f\u00fcr alle B\u00fcrgerinnen und B\u00fcrger n\u00f6tig sind, ist derzeit noch nicht absehbar. Derzeit empfiehlt die STIKO f\u00fcr immungesunde Personen unter 60 Jahren keine zweite Auffrischungsimpfung, da diese Gruppe nach derzeitigem Kenntnisstand von einer vierten Impfung nicht nennenswert profitiert.<\/p>\t\t\t\t\t\t<\/div>\n\t\t\t\t<\/div>\n\t\t\t\t<div class=\"elementor-element elementor-element-a46c9f0 elementor-widget elementor-widget-text-editor\" data-id=\"a46c9f0\" data-element_type=\"widget\" data-widget_type=\"text-editor.default\">\n\t\t\t\t<div class=\"elementor-widget-container\">\n\t\t\t\t\t\t\t<p>Was ist der Unterschied zwischen diesen Impfungen?<\/p>\t\t\t\t\t\t<\/div>\n\t\t\t\t<\/div>\n\t\t\t\t<div class=\"elementor-element elementor-element-ae350f7 elementor-widget elementor-widget-text-editor\" data-id=\"ae350f7\" data-element_type=\"widget\" data-widget_type=\"text-editor.default\">\n\t\t\t\t<div class=\"elementor-widget-container\">\n\t\t\t\t\t\t\t<p>Optimierung der Grundimmunisierung, Drittimpfung,  Auffrischungsimpfung und Booster-Impfung?<\/p>\t\t\t\t\t\t<\/div>\n\t\t\t\t<\/div>\n\t\t\t\t<div class=\"elementor-element elementor-element-16d613b elementor-widget elementor-widget-text-editor\" data-id=\"16d613b\" data-element_type=\"widget\" data-widget_type=\"text-editor.default\">\n\t\t\t\t<div class=\"elementor-widget-container\">\n\t\t\t\t\t\t\t<p>Unter einer Grundimmunisierung allgemein versteht man zum Beispiel die Immunisierung gegen COVID-19, durch eine (Janssen\u00ae von Johnson &amp; Johnson) beziehungsweise zwei Impfungen (Comirnaty\u00ae von BioNTech\/Pfizer oder Spikevax\u00ae (Vaccine Moderna) von Moderna oder Vaxzevria\u00ae von AstraZeneca) gem\u00e4\u00df der Zulassung.<\/p><div><span lang=\"TR\">Wenn diese Grundimmunisierung nicht ausreichend ist, wird eine Drittimpfung beziehungsweise eine weitere Impfung zur Optimierung der Grundimmunisierung eingesetzt. Dies betrifft beispielsweise Personen mit einer schweren Immunschw\u00e4che, zum Beispiel Organtransplantierte, oder aber auch Personen, die zur Grundimmunisierung eine einmalige Impfstoffdosis mit Janssen\u00ae von Johnson &amp; Johnson erhalten haben. Die Drittimpfung ist in diesem Fall ab vier Wochen nach der Erstimpfung m\u00f6glich.<\/span><\/div><div>\u00a0<\/div><div><p>Eine Auffrischungsimpfung ist eine erneute Impfung, um eine nachlassende Immunantwort wieder zu erh\u00f6hen. Dies ist bereits bei unterschiedlichen bakteriellen oder viralen Erregern, zum Beispiel bei Tetanus oder Polio, in festgelegten Zeitabst\u00e4nden bekannt, damit der Impfschutz aufrechterhalten wird. Im Fall der Corona-Schutzimpfung bezeichnet die Auffrischungsimpfung die erneute Verabreichung einer Dosis eines mRNA-Impfstoffs nach einer vollst\u00e4ndigen Grundimmunisierung. Sie dient dazu, den Impfschutz langfristig aufrecht zu erhalten. Diese COVID-19-Impfung sollte in der Regel ab sechs Monaten nach der Grundimmunisierung aufgefrischt werden.<\/p><p>Die Booster-Impfung ist ein Synonym f\u00fcr eine Auffrischungsimpfung. Der Begriff \"Booster\" stammt aus dem Englischen und bedeutet \"Verst\u00e4rker\".<\/p><\/div>\t\t\t\t\t\t<\/div>\n\t\t\t\t<\/div>\n\t\t\t\t<div class=\"elementor-element elementor-element-9cfb924 elementor-widget elementor-widget-spacer\" data-id=\"9cfb924\" data-element_type=\"widget\" data-widget_type=\"spacer.default\">\n\t\t\t\t<div class=\"elementor-widget-container\">\n\t\t\t\t\t<div class=\"elementor-spacer\">\n\t\t\t<div class=\"elementor-spacer-inner\"><\/div>\n\t\t<\/div>\n\t\t\t\t<\/div>\n\t\t\t\t<\/div>\n\t\t\t\t<div class=\"elementor-element elementor-element-9508844 elementor-widget elementor-widget-text-editor\" data-id=\"9508844\" data-element_type=\"widget\" data-widget_type=\"text-editor.default\">\n\t\t\t\t<div class=\"elementor-widget-container\">\n\t\t\t\t\t\t\t<p>Stand<em> 09.2022,<\/em> Quelle: Bundesministerium f\u00fcr Gesundheit<\/p>\t\t\t\t\t\t<\/div>\n\t\t\t\t<\/div>\n\t\t\t\t\t<\/div>\n\t\t<\/div>\n\t\t\t\t\t\t\t<\/div>\n\t\t<\/section>\n\t\t\t\t\t\t\t<\/div>","protected":false},"excerpt":{"rendered":"<p>COVID-19&#8217;a Kar\u015f\u0131 Tazeleme A\u015f\u0131lar\u0131 G\u00fc\u00e7lendirici A\u015f\u0131lar Mevcut Omikron dalgas\u0131nda, tazeleme a\u015f\u0131lar\u0131 olarak da bilinen g\u00fc\u00e7lendirici a\u015f\u0131lar \u00f6zellikle \u00f6nemlidir. Daim\u00ee A\u015f\u0131 Komisyonu (STIKO), risk gruplar\u0131 i\u00e7in ikinci bir tazeleme a\u015f\u0131s\u0131 \u00f6nermektedir. Kimlere tazeleme a\u015f\u0131n\u0131n gerekti\u011fini ve kapsaml\u0131 koruma i\u00e7in g\u00fc\u00e7lendirici a\u015f\u0131n\u0131n neden \u00e7ok \u00f6nemli oldu\u011funu ve g\u00fc\u00e7lendirici a\u015f\u0131 ile ilgili t\u00fcm bilgileri burada bulabilirsiniz. G\u00fc\u00e7lendirici a\u015f\u0131 [&hellip;]<\/p>","protected":false},"author":1,"featured_media":0,"parent":0,"menu_order":0,"comment_status":"closed","ping_status":"closed","template":"","meta":[],"_links":{"self":[{"href":"https:\/\/covid-19-bilgi.de\/de\/wp-json\/wp\/v2\/pages\/3568"}],"collection":[{"href":"https:\/\/covid-19-bilgi.de\/de\/wp-json\/wp\/v2\/pages"}],"about":[{"href":"https:\/\/covid-19-bilgi.de\/de\/wp-json\/wp\/v2\/types\/page"}],"author":[{"embeddable":true,"href":"https:\/\/covid-19-bilgi.de\/de\/wp-json\/wp\/v2\/users\/1"}],"replies":[{"embeddable":true,"href":"https:\/\/covid-19-bilgi.de\/de\/wp-json\/wp\/v2\/comments?post=3568"}],"version-history":[{"count":102,"href":"https:\/\/covid-19-bilgi.de\/de\/wp-json\/wp\/v2\/pages\/3568\/revisions"}],"predecessor-version":[{"id":8551,"href":"https:\/\/covid-19-bilgi.de\/de\/wp-json\/wp\/v2\/pages\/3568\/revisions\/8551"}],"wp:attachment":[{"href":"https:\/\/covid-19-bilgi.de\/de\/wp-json\/wp\/v2\/media?parent=3568"}],"curies":[{"name":"wp","href":"https:\/\/api.w.org\/{rel}","templated":true}]}}