{"id":1564,"date":"2021-04-26T08:33:02","date_gmt":"2021-04-26T06:33:02","guid":{"rendered":"https:\/\/covid-19-bilgi.de\/?page_id=1564"},"modified":"2021-04-29T09:25:18","modified_gmt":"2021-04-29T07:25:18","slug":"hakkimizda","status":"publish","type":"page","link":"https:\/\/covid-19-bilgi.de\/de\/hakkimizda\/","title":{"rendered":"\u00dcber uns"},"content":{"rendered":"<div data-elementor-type=\"wp-page\" data-elementor-id=\"1564\" class=\"elementor elementor-1564\">\n\t\t\t\t\t\t\t\t\t<section class=\"elementor-section elementor-top-section elementor-element elementor-element-1bc3e607 elementor-section-full_width elementor-section-height-default elementor-section-height-default\" data-id=\"1bc3e607\" data-element_type=\"section\" data-settings=\"{&quot;background_background&quot;:&quot;classic&quot;}\">\n\t\t\t\t\t\t\t<div class=\"elementor-background-overlay\"><\/div>\n\t\t\t\t\t\t\t<div class=\"elementor-container elementor-column-gap-default\">\n\t\t\t\t\t<div class=\"elementor-column elementor-col-100 elementor-top-column elementor-element elementor-element-20f216ed\" data-id=\"20f216ed\" data-element_type=\"column\" data-settings=\"{&quot;background_background&quot;:&quot;classic&quot;}\">\n\t\t\t<div class=\"elementor-widget-wrap elementor-element-populated\">\n\t\t\t\t\t<div class=\"elementor-background-overlay\"><\/div>\n\t\t\t\t\t\t\t\t<div class=\"elementor-element elementor-element-11489185 elementor-widget elementor-widget-heading\" data-id=\"11489185\" data-element_type=\"widget\" data-widget_type=\"heading.default\">\n\t\t\t\t<div class=\"elementor-widget-container\">\n\t\t\t<h2 class=\"elementor-heading-title elementor-size-default\">Seit \u00fcber 30 Jahren<\/h2>\t\t<\/div>\n\t\t\t\t<\/div>\n\t\t\t\t<div class=\"elementor-element elementor-element-41eb36fb elementor-widget-divider--view-line elementor-invisible elementor-widget elementor-widget-divider\" data-id=\"41eb36fb\" data-element_type=\"widget\" data-settings=\"{&quot;_animation&quot;:&quot;fadeInLeft&quot;}\" data-widget_type=\"divider.default\">\n\t\t\t\t<div class=\"elementor-widget-container\">\n\t\t\t\t\t<div class=\"elementor-divider\">\n\t\t\t<span class=\"elementor-divider-separator\">\n\t\t\t\t\t\t<\/span>\n\t\t<\/div>\n\t\t\t\t<\/div>\n\t\t\t\t<\/div>\n\t\t\t\t<div class=\"elementor-element elementor-element-6e7a2e12 elementor-widget elementor-widget-heading\" data-id=\"6e7a2e12\" data-element_type=\"widget\" data-widget_type=\"heading.default\">\n\t\t\t\t<div class=\"elementor-widget-container\">\n\t\t\t<h1 class=\"elementor-heading-title elementor-size-default\">Sind Wir Stolz Darauf!<\/h1>\t\t<\/div>\n\t\t\t\t<\/div>\n\t\t\t\t<div class=\"elementor-element elementor-element-3a26f0eb elementor-widget elementor-widget-heading\" data-id=\"3a26f0eb\" data-element_type=\"widget\" data-widget_type=\"heading.default\">\n\t\t\t\t<div class=\"elementor-widget-container\">\n\t\t\t<h2 class=\"elementor-heading-title elementor-size-default\">Wir haben uns auf die Migrantenmedizin konzentriert<\/h2>\t\t<\/div>\n\t\t\t\t<\/div>\n\t\t\t\t\t<\/div>\n\t\t<\/div>\n\t\t\t\t\t\t\t<\/div>\n\t\t<\/section>\n\t\t\t\t<section class=\"elementor-section elementor-top-section elementor-element elementor-element-6dbc3820 elementor-section-boxed elementor-section-height-default elementor-section-height-default\" data-id=\"6dbc3820\" data-element_type=\"section\" data-settings=\"{&quot;background_background&quot;:&quot;classic&quot;}\">\n\t\t\t\t\t\t<div class=\"elementor-container elementor-column-gap-default\">\n\t\t\t\t\t<div class=\"elementor-column elementor-col-100 elementor-top-column elementor-element elementor-element-361074cc\" data-id=\"361074cc\" data-element_type=\"column\">\n\t\t\t<div class=\"elementor-widget-wrap elementor-element-populated\">\n\t\t\t\t\t\t\t\t<div class=\"elementor-element elementor-element-697652c9 elementor-widget elementor-widget-heading\" data-id=\"697652c9\" data-element_type=\"widget\" data-widget_type=\"heading.default\">\n\t\t\t\t<div class=\"elementor-widget-container\">\n\t\t\t<h2 class=\"elementor-heading-title elementor-size-default\">T\u00fcrkisch-Deutsche Gesundheitsstiftung e. V.<\/h2>\t\t<\/div>\n\t\t\t\t<\/div>\n\t\t\t\t<div class=\"elementor-element elementor-element-7a03bb29 elementor-widget elementor-widget-text-editor\" data-id=\"7a03bb29\" data-element_type=\"widget\" data-widget_type=\"text-editor.default\">\n\t\t\t\t<div class=\"elementor-widget-container\">\n\t\t\t\t\t\t\t<p>Gesundheit der Migranten  ist unsere Herausforderung!<\/p>\t\t\t\t\t\t<\/div>\n\t\t\t\t<\/div>\n\t\t\t\t<div class=\"elementor-element elementor-element-5af4c27a elementor-widget elementor-widget-text-editor\" data-id=\"5af4c27a\" data-element_type=\"widget\" data-widget_type=\"text-editor.default\">\n\t\t\t\t<div class=\"elementor-widget-container\">\n\t\t\t\t\t\t\t<p>Die T\u00fcrkisch-Deutsche Gesundheitsstiftung (TDG e. V.) wurde 1988 in Frankfurt gegr\u00fcndet. Zentrum ist die Stadt Gie\u00dfen im deutschen Bundesland Hessen.\nAnlass zur Gr\u00fcndung waren die \u00e4rztlichen Beobachtungen und Erfahrungen von Gr\u00fcndungspr\u00e4sident Dr. Ya\u015far Bilgin in der Medizinischen Klinik der Justus-Liebig-Universit\u00e4t in Gie\u00dfen.<\/p>\n\n<p>Durch Sprachschwierigkeiten, fehlende interkulturelle Kompetenz und oft auch mangelnde Empathie bestanden Kommunikationsdefizite in der Arzt-Patient-Beziehung, die sich auf die Diagnostik auswirkten. \nAuffallend waren differente Krankheitspr\u00e4valenzen, so war beispielsweise die Anzahl von Herzinfarkten bei t\u00fcrkischen M\u00e4nnern sowohl h\u00e4ufiger, wie auch um zehn Jahre fr\u00fcher, als bei deutschen M\u00e4nnern. Die Stiftung hat sich auf diese und andere sehr spezifische medizinische Probleme von Migranten, sozusagen Migranten Medizin konzentriert, \u00fcber die Ursachen geforscht.<\/p>\n\n<p>Das beste Beispiel f\u00fcr diese Forschungen  ist die typische \"Heimweh Symptome\".\nDer von Medizinern bei Migrantinnen und Migranten als psychosomatisch diagnostizierte Schmerz im Bauchbereich, sozusagen \"Heimweh Symptome\", konnte die TDG e.V. durch wissenschaftliche Untersuchungen urs\u00e4chlich auf eine oftmals bakterielle Infektion des Helico bacter korrigieren.<\/p>\n\n<p>Dies alles veranlasste uns zur Gr\u00fcndung eines klinisch-wissenschaftlichen Schwerpunktbereichs an der medizinischen Klinik III und Poliklinik in Gie\u00dfen. Diese Migrantenmedizin wurde unter anderem ausgezeichnet mit dem Hessischen Integrationspreis 2005 des hessischen Ministerpr\u00e4sidenten.<\/p>\n\n<p>Wir sind eine gemeinn\u00fctzige Einrichtung, die seit \u00fcber 30 Jahren die Erstausbildung und vorberufliche F\u00f6rderung von Menschen mit Migrationshintergrund in nicht \u00e4rztlichen, medizinischen Bereichen f\u00f6rdert, begleitet und durch F\u00f6rderkurse sowie Monitoring unterst\u00fctzt<\/p>\n\n<p>Hierzu z\u00e4hlen im Besonderen auch fachspezifische Sprach-Vorbereitungskurse beziehungsweise begleitende St\u00fctzkurse, die als Grundlage einer Ausbildung dienen. Seit 2008 engagiert sich die T\u00fcrkisch-Deutsche Gesundheitsstiftung e.V. zunehmend auch im Bereich der Sprachf\u00f6rderung f\u00fcr Migrantinnen und Migranten. Ferner bildet die TDG e.V. spezifisch ausgerichtete Mentoren und Mentorinnen oder Lotsinnen und Lotsen aus, deren Standards im Rahmen von Pilotprojekten entwickelt werden.<\/p>\n\n<p>Die  Stiftung hat neben der Zentrale in Gie\u00dfen auch weitere Gesch\u00e4ftsstellen in Deutschland und in der T\u00fcrkei<p>\n\n<p>Die T\u00fcrkisch-Deutsche Stiftung e. V. betreibt Kooperationen mit bundesweiten und internationalen Organisationen, unter anderem mit dem Ministerium f\u00fcr Soziales, Ministerium f\u00fcr Gesundheit, Ministerium f\u00fcr Arbeit sowohl in Deutschland als auch in der T\u00fcrkei und auch mit Universit\u00e4ten, wie z. B. Universit\u00e4tsklinikum Gie\u00dfen und Marburg, Heidelberg, Augsburg und Fulda und in der T\u00fcrkei Universit\u00e4tsklinika Ankara, Malatya, Mersin, Zonguldak und Istanbul.<p>\t\t\t\t\t\t<\/div>\n\t\t\t\t<\/div>\n\t\t\t\t\t<\/div>\n\t\t<\/div>\n\t\t\t\t\t\t\t<\/div>\n\t\t<\/section>\n\t\t\t\t<section class=\"elementor-section elementor-top-section elementor-element elementor-element-20da48e6 elementor-section-boxed elementor-section-height-default elementor-section-height-default\" data-id=\"20da48e6\" data-element_type=\"section\" data-settings=\"{&quot;background_background&quot;:&quot;classic&quot;}\">\n\t\t\t\t\t\t<div class=\"elementor-container elementor-column-gap-default\">\n\t\t\t\t\t<div class=\"elementor-column elementor-col-100 elementor-top-column elementor-element elementor-element-8390816\" data-id=\"8390816\" data-element_type=\"column\" data-settings=\"{&quot;background_background&quot;:&quot;classic&quot;}\">\n\t\t\t<div class=\"elementor-widget-wrap elementor-element-populated\">\n\t\t\t\t\t<div class=\"elementor-background-overlay\"><\/div>\n\t\t\t\t\t\t\t\t<div class=\"elementor-element elementor-element-85b197a elementor-widget elementor-widget-spacer\" data-id=\"85b197a\" data-element_type=\"widget\" data-widget_type=\"spacer.default\">\n\t\t\t\t<div class=\"elementor-widget-container\">\n\t\t\t\t\t<div class=\"elementor-spacer\">\n\t\t\t<div class=\"elementor-spacer-inner\"><\/div>\n\t\t<\/div>\n\t\t\t\t<\/div>\n\t\t\t\t<\/div>\n\t\t\t\t<div class=\"elementor-element elementor-element-6c4a154 elementor-widget elementor-widget-heading\" data-id=\"6c4a154\" data-element_type=\"widget\" data-widget_type=\"heading.default\">\n\t\t\t\t<div class=\"elementor-widget-container\">\n\t\t\t<h2 class=\"elementor-heading-title elementor-size-default\">Interessiert?<\/h2>\t\t<\/div>\n\t\t\t\t<\/div>\n\t\t\t\t<div class=\"elementor-element elementor-element-393db64 elementor-align-center elementor-invisible elementor-widget elementor-widget-button\" data-id=\"393db64\" data-element_type=\"widget\" data-settings=\"{&quot;_animation&quot;:&quot;fadeInUp&quot;}\" data-widget_type=\"button.default\">\n\t\t\t\t<div class=\"elementor-widget-container\">\n\t\t\t\t\t<div class=\"elementor-button-wrapper\">\n\t\t\t<a href=\"http:\/\/www.tdgstiftung.de\" target=\"_blank\" class=\"elementor-button-link elementor-button elementor-size-md elementor-animation-grow\" role=\"button\">\n\t\t\t\t\t\t<span class=\"elementor-button-content-wrapper\">\n\t\t\t\t\t\t<span class=\"elementor-button-text\">besuchen Sie unsere Website<\/span>\n\t\t<\/span>\n\t\t\t\t\t<\/a>\n\t\t<\/div>\n\t\t\t\t<\/div>\n\t\t\t\t<\/div>\n\t\t\t\t\t<\/div>\n\t\t<\/div>\n\t\t\t\t\t\t\t<\/div>\n\t\t<\/section>\n\t\t\t\t<section class=\"elementor-section elementor-top-section elementor-element elementor-element-1682d17a elementor-section-boxed elementor-section-height-default elementor-section-height-default\" data-id=\"1682d17a\" data-element_type=\"section\" data-settings=\"{&quot;background_background&quot;:&quot;classic&quot;}\">\n\t\t\t\t\t\t<div class=\"elementor-container elementor-column-gap-default\">\n\t\t\t\t\t<div class=\"elementor-column elementor-col-100 elementor-top-column elementor-element elementor-element-22953d52\" data-id=\"22953d52\" data-element_type=\"column\">\n\t\t\t<div class=\"elementor-widget-wrap elementor-element-populated\">\n\t\t\t\t\t\t\t\t<div class=\"elementor-element elementor-element-60b12a3 elementor-widget elementor-widget-spacer\" data-id=\"60b12a3\" data-element_type=\"widget\" data-widget_type=\"spacer.default\">\n\t\t\t\t<div class=\"elementor-widget-container\">\n\t\t\t\t\t<div class=\"elementor-spacer\">\n\t\t\t<div class=\"elementor-spacer-inner\"><\/div>\n\t\t<\/div>\n\t\t\t\t<\/div>\n\t\t\t\t<\/div>\n\t\t\t\t\t<\/div>\n\t\t<\/div>\n\t\t\t\t\t\t\t<\/div>\n\t\t<\/section>\n\t\t\t\t<section class=\"elementor-section elementor-top-section elementor-element elementor-element-da3f0b0 elementor-section-boxed elementor-section-height-default elementor-section-height-default\" data-id=\"da3f0b0\" data-element_type=\"section\">\n\t\t\t\t\t\t<div class=\"elementor-container elementor-column-gap-default\">\n\t\t\t\t\t<div class=\"elementor-column elementor-col-100 elementor-top-column elementor-element elementor-element-be6ce23\" data-id=\"be6ce23\" data-element_type=\"column\">\n\t\t\t<div class=\"elementor-widget-wrap elementor-element-populated\">\n\t\t\t\t\t\t\t\t<div class=\"elementor-element elementor-element-30c028f elementor-widget elementor-widget-text-editor\" data-id=\"30c028f\" data-element_type=\"widget\" data-widget_type=\"text-editor.default\">\n\t\t\t\t<div class=\"elementor-widget-container\">\n\t\t\t\t\t\t\t<p><span style=\"color: #ffffff\"><a style=\"color: #ffffff\" href=\"https:\/\/covid-19-bilgi.de\/de\/guclendirici-asi\">F\u00fcr weitere Informationen<\/a><\/span><\/p>\t\t\t\t\t\t<\/div>\n\t\t\t\t<\/div>\n\t\t\t\t<div class=\"elementor-element elementor-element-b6bcc26 elementor-widget elementor-widget-text-editor\" data-id=\"b6bcc26\" data-element_type=\"widget\" data-widget_type=\"text-editor.default\">\n\t\t\t\t<div class=\"elementor-widget-container\">\n\t\t\t\t\t\t\t<div><span lang=\"TR\">T\u00fcrkisch-Deutsche Gesundheitsstiftung e. V.<\/span><\/div>\t\t\t\t\t\t<\/div>\n\t\t\t\t<\/div>\n\t\t\t\t\t<\/div>\n\t\t<\/div>\n\t\t\t\t\t\t\t<\/div>\n\t\t<\/section>\n\t\t\t\t<section class=\"elementor-section elementor-top-section elementor-element elementor-element-269152eb elementor-section-boxed elementor-section-height-default elementor-section-height-default\" data-id=\"269152eb\" data-element_type=\"section\">\n\t\t\t\t\t\t<div class=\"elementor-container elementor-column-gap-default\">\n\t\t\t\t\t<div class=\"elementor-column elementor-col-50 elementor-top-column elementor-element elementor-element-2f04f546\" data-id=\"2f04f546\" data-element_type=\"column\">\n\t\t\t<div class=\"elementor-widget-wrap elementor-element-populated\">\n\t\t\t\t\t\t\t\t<div class=\"elementor-element elementor-element-8a6db2b elementor-view-default elementor-widget elementor-widget-icon\" data-id=\"8a6db2b\" data-element_type=\"widget\" data-widget_type=\"icon.default\">\n\t\t\t\t<div class=\"elementor-widget-container\">\n\t\t\t\t\t<div class=\"elementor-icon-wrapper\">\n\t\t\t<div class=\"elementor-icon\">\n\t\t\t<i aria-hidden=\"true\" class=\"fas fa-phone\"><\/i>\t\t\t<\/div>\n\t\t<\/div>\n\t\t\t\t<\/div>\n\t\t\t\t<\/div>\n\t\t\t\t<div class=\"elementor-element elementor-element-e65f6e3 elementor-widget elementor-widget-text-editor\" data-id=\"e65f6e3\" data-element_type=\"widget\" data-widget_type=\"text-editor.default\">\n\t\t\t\t<div class=\"elementor-widget-container\">\n\t\t\t\t\t\t\t<p>\u00a0<a href=\"tel:+496419661160\">0641-966116-0<\/a><\/p>\t\t\t\t\t\t<\/div>\n\t\t\t\t<\/div>\n\t\t\t\t\t<\/div>\n\t\t<\/div>\n\t\t\t\t<div class=\"elementor-column elementor-col-50 elementor-top-column elementor-element elementor-element-0e6e628\" data-id=\"0e6e628\" data-element_type=\"column\">\n\t\t\t<div class=\"elementor-widget-wrap elementor-element-populated\">\n\t\t\t\t\t\t\t\t<div class=\"elementor-element elementor-element-376fc51 elementor-view-default elementor-widget elementor-widget-icon\" data-id=\"376fc51\" data-element_type=\"widget\" data-widget_type=\"icon.default\">\n\t\t\t\t<div class=\"elementor-widget-container\">\n\t\t\t\t\t<div class=\"elementor-icon-wrapper\">\n\t\t\t<div class=\"elementor-icon\">\n\t\t\t<i aria-hidden=\"true\" class=\"fas fa-mail-bulk\"><\/i>\t\t\t<\/div>\n\t\t<\/div>\n\t\t\t\t<\/div>\n\t\t\t\t<\/div>\n\t\t\t\t<div class=\"elementor-element elementor-element-39708bc elementor-widget elementor-widget-text-editor\" data-id=\"39708bc\" data-element_type=\"widget\" data-widget_type=\"text-editor.default\">\n\t\t\t\t<div class=\"elementor-widget-container\">\n\t\t\t\t\t\t\t<p><a href=\"mailto:info@tdgstiftung.de\">info@tdgstiftung.de<\/a><\/p>\t\t\t\t\t\t<\/div>\n\t\t\t\t<\/div>\n\t\t\t\t\t<\/div>\n\t\t<\/div>\n\t\t\t\t\t\t\t<\/div>\n\t\t<\/section>\n\t\t\t\t<section class=\"elementor-section elementor-top-section elementor-element elementor-element-2e83e78 elementor-section-boxed elementor-section-height-default elementor-section-height-default\" data-id=\"2e83e78\" data-element_type=\"section\" data-settings=\"{&quot;background_background&quot;:&quot;classic&quot;}\">\n\t\t\t\t\t\t<div class=\"elementor-container elementor-column-gap-default\">\n\t\t\t\t\t<div class=\"elementor-column elementor-col-100 elementor-top-column elementor-element elementor-element-85ae9c3\" data-id=\"85ae9c3\" data-element_type=\"column\" data-settings=\"{&quot;background_background&quot;:&quot;classic&quot;}\">\n\t\t\t<div class=\"elementor-widget-wrap elementor-element-populated\">\n\t\t\t\t\t<div class=\"elementor-background-overlay\"><\/div>\n\t\t\t\t\t\t\t\t<div class=\"elementor-element elementor-element-319afd9 elementor-widget-tablet__width-inherit elementor-widget-mobile__width-auto elementor-widget elementor-widget-spacer\" data-id=\"319afd9\" data-element_type=\"widget\" data-widget_type=\"spacer.default\">\n\t\t\t\t<div class=\"elementor-widget-container\">\n\t\t\t\t\t<div class=\"elementor-spacer\">\n\t\t\t<div class=\"elementor-spacer-inner\"><\/div>\n\t\t<\/div>\n\t\t\t\t<\/div>\n\t\t\t\t<\/div>\n\t\t\t\t\t<\/div>\n\t\t<\/div>\n\t\t\t\t\t\t\t<\/div>\n\t\t<\/section>\n\t\t\t\t\t\t\t<\/div>","protected":false},"excerpt":{"rendered":"<p>30 Y\u0131l\u0131 A\u015fk\u0131n Gururla G\u00f6\u00e7men Sa\u011fl\u0131k Sorunlar\u0131na \u00a0Odakland\u0131k T\u00fcrk Alman Sa\u011fl\u0131k Vakf\u0131 G\u00f6\u00e7men Sa\u011fl\u0131\u011f\u0131 Bizim Sorunumuz! T\u00fcrk- Alman Sa\u011fl\u0131k Vakf\u0131, 1988 y\u0131l\u0131nda Frankfurt \u015fehrinde \u00a0kuruldu.\u00a0Merkezi, Almanya\u2019n\u0131n Hessen eyaletine ba\u011fl\u0131 Giessen \u015fehrindedir.\u00a0Vakf\u0131n Kurulu\u015f sebebi, kurucu ba\u015fkan Dr. Ya\u015far Bilgin\u2019in Giessen \u015fehrindeki Justus Liebig \u00fcniversitesi hastanesinde yapt\u0131\u011f\u0131 g\u00f6zlemleri ve deneyimleridir. Lisan yetersizli\u011fi, k\u00fclt\u00fcrel farkl\u0131l\u0131klar ve genellikle empati [&hellip;]<\/p>","protected":false},"author":1,"featured_media":0,"parent":0,"menu_order":0,"comment_status":"closed","ping_status":"closed","template":"","meta":[],"_links":{"self":[{"href":"https:\/\/covid-19-bilgi.de\/de\/wp-json\/wp\/v2\/pages\/1564"}],"collection":[{"href":"https:\/\/covid-19-bilgi.de\/de\/wp-json\/wp\/v2\/pages"}],"about":[{"href":"https:\/\/covid-19-bilgi.de\/de\/wp-json\/wp\/v2\/types\/page"}],"author":[{"embeddable":true,"href":"https:\/\/covid-19-bilgi.de\/de\/wp-json\/wp\/v2\/users\/1"}],"replies":[{"embeddable":true,"href":"https:\/\/covid-19-bilgi.de\/de\/wp-json\/wp\/v2\/comments?post=1564"}],"version-history":[{"count":61,"href":"https:\/\/covid-19-bilgi.de\/de\/wp-json\/wp\/v2\/pages\/1564\/revisions"}],"predecessor-version":[{"id":1791,"href":"https:\/\/covid-19-bilgi.de\/de\/wp-json\/wp\/v2\/pages\/1564\/revisions\/1791"}],"wp:attachment":[{"href":"https:\/\/covid-19-bilgi.de\/de\/wp-json\/wp\/v2\/media?parent=1564"}],"curies":[{"name":"wp","href":"https:\/\/api.w.org\/{rel}","templated":true}]}}