{"id":1227,"date":"2021-04-21T15:27:41","date_gmt":"2021-04-21T15:27:41","guid":{"rendered":"http:\/\/covid-19-bilgi.de\/?page_id=1227"},"modified":"2022-11-25T10:03:22","modified_gmt":"2022-11-25T08:03:22","slug":"nasil-bulasir","status":"publish","type":"page","link":"https:\/\/covid-19-bilgi.de\/de\/nasil-bulasir\/","title":{"rendered":"\u00dcbertragungswege"},"content":{"rendered":"<div data-elementor-type=\"wp-page\" data-elementor-id=\"1227\" class=\"elementor elementor-1227\">\n\t\t\t\t\t\t\t\t\t<section class=\"elementor-section elementor-top-section elementor-element elementor-element-24b95169 elementor-section-full_width elementor-section-height-default elementor-section-height-default\" data-id=\"24b95169\" data-element_type=\"section\" data-settings=\"{&quot;background_background&quot;:&quot;classic&quot;}\">\n\t\t\t\t\t\t\t<div class=\"elementor-background-overlay\"><\/div>\n\t\t\t\t\t\t\t<div class=\"elementor-container elementor-column-gap-default\">\n\t\t\t\t\t<div class=\"elementor-column elementor-col-100 elementor-top-column elementor-element elementor-element-e3e2ca1\" data-id=\"e3e2ca1\" data-element_type=\"column\">\n\t\t\t<div class=\"elementor-widget-wrap elementor-element-populated\">\n\t\t\t\t\t\t\t\t<div class=\"elementor-element elementor-element-4a0382ff elementor-widget elementor-widget-heading\" data-id=\"4a0382ff\" data-element_type=\"widget\" data-widget_type=\"heading.default\">\n\t\t\t\t<div class=\"elementor-widget-container\">\n\t\t\t<h2 class=\"elementor-heading-title elementor-size-default\">Bek\u00e4mpfung der Pandemie<\/h2>\t\t<\/div>\n\t\t\t\t<\/div>\n\t\t\t\t<div class=\"elementor-element elementor-element-270758 elementor-widget-divider--view-line elementor-invisible elementor-widget elementor-widget-divider\" data-id=\"270758\" data-element_type=\"widget\" data-settings=\"{&quot;_animation&quot;:&quot;fadeInLeft&quot;}\" data-widget_type=\"divider.default\">\n\t\t\t\t<div class=\"elementor-widget-container\">\n\t\t\t\t\t<div class=\"elementor-divider\">\n\t\t\t<span class=\"elementor-divider-separator\">\n\t\t\t\t\t\t<\/span>\n\t\t<\/div>\n\t\t\t\t<\/div>\n\t\t\t\t<\/div>\n\t\t\t\t<div class=\"elementor-element elementor-element-28f6b1ad elementor-widget elementor-widget-heading\" data-id=\"28f6b1ad\" data-element_type=\"widget\" data-widget_type=\"heading.default\">\n\t\t\t\t<div class=\"elementor-widget-container\">\n\t\t\t<h1 class=\"elementor-heading-title elementor-size-default\">\u00dcbertragungswege<\/h1>\t\t<\/div>\n\t\t\t\t<\/div>\n\t\t\t\t\t<\/div>\n\t\t<\/div>\n\t\t\t\t\t\t\t<\/div>\n\t\t<\/section>\n\t\t\t\t<section class=\"elementor-section elementor-top-section elementor-element elementor-element-70fbc12f elementor-section-boxed elementor-section-height-default elementor-section-height-default\" data-id=\"70fbc12f\" data-element_type=\"section\" data-settings=\"{&quot;background_background&quot;:&quot;classic&quot;}\">\n\t\t\t\t\t\t<div class=\"elementor-container elementor-column-gap-default\">\n\t\t\t\t\t<div class=\"elementor-column elementor-col-100 elementor-top-column elementor-element elementor-element-29f05774\" data-id=\"29f05774\" data-element_type=\"column\">\n\t\t\t<div class=\"elementor-widget-wrap elementor-element-populated\">\n\t\t\t\t\t\t\t\t<div class=\"elementor-element elementor-element-734707b elementor-widget elementor-widget-spacer\" data-id=\"734707b\" data-element_type=\"widget\" data-widget_type=\"spacer.default\">\n\t\t\t\t<div class=\"elementor-widget-container\">\n\t\t\t\t\t<div class=\"elementor-spacer\">\n\t\t\t<div class=\"elementor-spacer-inner\"><\/div>\n\t\t<\/div>\n\t\t\t\t<\/div>\n\t\t\t\t<\/div>\n\t\t\t\t<div class=\"elementor-element elementor-element-3e15f01 elementor-widget elementor-widget-text-editor\" data-id=\"3e15f01\" data-element_type=\"widget\" data-widget_type=\"text-editor.default\">\n\t\t\t\t<div class=\"elementor-widget-container\">\n\t\t\t\t\t\t\t<p>Das Coronavirus ist von Mensch zu Mensch \u00fcbertragbar. Die Coronavirus-\u00dcbertragung kann \u00fcber verschiedene Wege erfolgen und findet vor allem \u00fcber die Atemwege statt. Das Risiko f\u00fcr eine Ansteckung h\u00e4ngt dabei von unterschiedlichen Faktoren ab. Die Menge der Viruspartikel, die der oder die Infizierte ausscheidet, ist beispielsweise ein Faktor f\u00fcr ein erh\u00f6htes Infektionsrisiko. Auch die Dauer eines Kontakts mit einer erkrankten Person kann ausschlaggebend sein, ebenso wie der Ort eines pers\u00f6nlichen Treffens: In geschlossenen R\u00e4umen ist das Risiko einer Coronavirus-\u00dcbertragung weitaus h\u00f6her als an der frischen Luft.  Ebenso wird vermutet, dass sich Coronavirus-Mutationen wie z. B. die aus Gro\u00dfbritannien, leichter von Mensch zu Mensch \u00fcbertragen als die bisher bekannte Virusform.<\/p>\t\t\t\t\t\t<\/div>\n\t\t\t\t<\/div>\n\t\t\t\t<div class=\"elementor-element elementor-element-7a10d73 elementor-widget elementor-widget-text-editor\" data-id=\"7a10d73\" data-element_type=\"widget\" data-widget_type=\"text-editor.default\">\n\t\t\t\t<div class=\"elementor-widget-container\">\n\t\t\t\t\t\t\t<p>Haupt\u00fcbertragungsweg: Tr\u00f6pfcheninfektion<\/p>\t\t\t\t\t\t<\/div>\n\t\t\t\t<\/div>\n\t\t\t\t<div class=\"elementor-element elementor-element-8b488b0 elementor-widget elementor-widget-text-editor\" data-id=\"8b488b0\" data-element_type=\"widget\" data-widget_type=\"text-editor.default\">\n\t\t\t\t<div class=\"elementor-widget-container\">\n\t\t\t\t\t\t\t<p>Die Corona-Ansteckung erfolgt haupts\u00e4chlich \u00fcber die Tr\u00f6pfcheninfektion. Wenn eine infizierte Person hustet, niest oder spricht, scheidet sie Tr\u00f6pfchen mit Viren aus. Diese verbreiten sich in einem Umkreis von etwa 1,5 Metern und setzen sich auf Oberfl\u00e4chen ab. Befinden sich andere Menschen in der N\u00e4he, k\u00f6nnen Tr\u00f6pfchen in deren Mund, Nase und ggf. Augen gelangen und sie infizieren.<\/p><p>Je n\u00e4her eine Person der oder dem Infizierten ist, desto mehr infekti\u00f6se Tr\u00f6pfchen k\u00f6nnen sie erreichen. Ab einem Mindestabstand von 1,5 Metern ist die Infektionswahrscheinlichkeit geringer.<\/p>\t\t\t\t\t\t<\/div>\n\t\t\t\t<\/div>\n\t\t\t\t<div class=\"elementor-element elementor-element-5777651a elementor-widget elementor-widget-text-editor\" data-id=\"5777651a\" data-element_type=\"widget\" data-widget_type=\"text-editor.default\">\n\t\t\t\t<div class=\"elementor-widget-container\">\n\t\t\t\t\t\t\t<p>Corona-\u00dcbertragung \u00fcber Aerosole<\/p>\t\t\t\t\t\t<\/div>\n\t\t\t\t<\/div>\n\t\t\t\t<div class=\"elementor-element elementor-element-460e0e3 elementor-widget elementor-widget-text-editor\" data-id=\"460e0e3\" data-element_type=\"widget\" data-widget_type=\"text-editor.default\">\n\t\t\t\t<div class=\"elementor-widget-container\">\n\t\t\t\t\t\t\t<p>Ebenfalls m\u00f6glich ist die \u00dcbertragung von Corona \u00fcber Aerosole. Dabei handelt es sich um in der Luft schwebende Tr\u00f6pfchenkerne, die kleiner als 5 Mikrometer sind. Beim Sprechen, aber auch vor allem beim lauten Lachen oder Singen k\u00f6nnen diese freigesetzt werden und \u00fcber einen l\u00e4ngeren Zeitraum in der Luft stehen. R\u00e4ume, in denen sich mehrere Menschen aufhalten, sollten deswegen regelm\u00e4\u00dfig gel\u00fcftet werden. Eine Maske kann zus\u00e4tzlichen Schutz bieten.<strong>.<\/strong><\/p>\t\t\t\t\t\t<\/div>\n\t\t\t\t<\/div>\n\t\t\t\t<div class=\"elementor-element elementor-element-037f158 elementor-widget elementor-widget-text-editor\" data-id=\"037f158\" data-element_type=\"widget\" data-widget_type=\"text-editor.default\">\n\t\t\t\t<div class=\"elementor-widget-container\">\n\t\t\t\t\t\t\t<div><span lang=\"TR\">Ansteckung \u00fcber die Schmierinfektion<\/span><\/div>\t\t\t\t\t\t<\/div>\n\t\t\t\t<\/div>\n\t\t\t\t<div class=\"elementor-element elementor-element-9ffbe8d elementor-widget elementor-widget-text-editor\" data-id=\"9ffbe8d\" data-element_type=\"widget\" data-widget_type=\"text-editor.default\">\n\t\t\t\t<div class=\"elementor-widget-container\">\n\t\t\t\t\t\t\t<p>Auch eine \u00dcbertragung der Coronaviren \u00fcber Oberfl\u00e4chen ist m\u00f6glich. Coronaviren k\u00f6nnen auf unbelebten Oberfl\u00e4chen wie Metall, Glas oder Plastik \u00fcberleben. Niest oder hustet eine an COVID-19 erkrankte Person direkt auf eine solche Oberfl\u00e4che, ist diese f\u00fcr eine gewisse Zeit lang infekti\u00f6s.<\/p><p>Eine Person, die eine kontaminierte Oberfl\u00e4che anfasst und sich kurz danach an Mund, Nase oder Augen greift, kann sich somit mit dem Coronavirus infizieren und selbst Krankheitssymptome entwickeln. Regelm\u00e4\u00dfiges und gr\u00fcndliches H\u00e4ndewaschen ist demnach wichtig, um sich vor einer Schmierinfektion zu sch\u00fctzen.<\/p>\t\t\t\t\t\t<\/div>\n\t\t\t\t<\/div>\n\t\t\t\t\t<\/div>\n\t\t<\/div>\n\t\t\t\t\t\t\t<\/div>\n\t\t<\/section>\n\t\t\t\t<section class=\"elementor-section elementor-top-section elementor-element elementor-element-71d11882 elementor-section-boxed elementor-section-height-default elementor-section-height-default\" data-id=\"71d11882\" data-element_type=\"section\" data-settings=\"{&quot;background_background&quot;:&quot;classic&quot;}\">\n\t\t\t\t\t\t\t<div class=\"elementor-background-overlay\"><\/div>\n\t\t\t\t\t\t\t<div class=\"elementor-container elementor-column-gap-default\">\n\t\t\t\t\t<div class=\"elementor-column elementor-col-100 elementor-top-column elementor-element elementor-element-6f632d1\" data-id=\"6f632d1\" data-element_type=\"column\" data-settings=\"{&quot;background_background&quot;:&quot;classic&quot;}\">\n\t\t\t<div class=\"elementor-widget-wrap elementor-element-populated\">\n\t\t\t\t\t<div class=\"elementor-background-overlay\"><\/div>\n\t\t\t\t\t\t\t\t<div class=\"elementor-element elementor-element-323066fe elementor-widget elementor-widget-spacer\" data-id=\"323066fe\" data-element_type=\"widget\" data-widget_type=\"spacer.default\">\n\t\t\t\t<div class=\"elementor-widget-container\">\n\t\t\t\t\t<div class=\"elementor-spacer\">\n\t\t\t<div class=\"elementor-spacer-inner\"><\/div>\n\t\t<\/div>\n\t\t\t\t<\/div>\n\t\t\t\t<\/div>\n\t\t\t\t<div class=\"elementor-element elementor-element-701cfcf0 elementor-widget elementor-widget-text-editor\" data-id=\"701cfcf0\" data-element_type=\"widget\" data-widget_type=\"text-editor.default\">\n\t\t\t\t<div class=\"elementor-widget-container\">\n\t\t\t\t\t\t\t<p>Eine wichtige Ma\u00dfnahme zur Bek\u00e4mpfung der Pandemie<\/p>\t\t\t\t\t\t<\/div>\n\t\t\t\t<\/div>\n\t\t\t\t<div class=\"elementor-element elementor-element-4b8ccbb4 elementor-widget elementor-widget-text-editor\" data-id=\"4b8ccbb4\" data-element_type=\"widget\" data-widget_type=\"text-editor.default\">\n\t\t\t\t<div class=\"elementor-widget-container\">\n\t\t\t\t\t\t\t<p>Die AHA-Formel<\/p>\t\t\t\t\t\t<\/div>\n\t\t\t\t<\/div>\n\t\t\t\t<div class=\"elementor-element elementor-element-775ae675 animated-slow elementor-invisible elementor-widget elementor-widget-text-editor\" data-id=\"775ae675\" data-element_type=\"widget\" data-settings=\"{&quot;_animation&quot;:&quot;fadeInLeft&quot;,&quot;_animation_delay&quot;:0}\" data-widget_type=\"text-editor.default\">\n\t\t\t\t<div class=\"elementor-widget-container\">\n\t\t\t\t\t\t\t<p>\u00a0Abstand halten \u2194 Sosyal Mesafe b\u0131rak\u0131n<\/p>\t\t\t\t\t\t<\/div>\n\t\t\t\t<\/div>\n\t\t\t\t<div class=\"elementor-element elementor-element-7dd0ef5 animated-slow elementor-invisible elementor-widget elementor-widget-text-editor\" data-id=\"7dd0ef5\" data-element_type=\"widget\" data-settings=\"{&quot;_animation&quot;:&quot;fadeInLeft&quot;,&quot;_animation_delay&quot;:0}\" data-widget_type=\"text-editor.default\">\n\t\t\t\t<div class=\"elementor-widget-container\">\n\t\t\t\t\t\t\t<p>Hygiene beachten \u2194 Hijyene dikkat edin<\/p>\t\t\t\t\t\t<\/div>\n\t\t\t\t<\/div>\n\t\t\t\t<div class=\"elementor-element elementor-element-4575b60 animated-slow elementor-invisible elementor-widget elementor-widget-text-editor\" data-id=\"4575b60\" data-element_type=\"widget\" data-settings=\"{&quot;_animation&quot;:&quot;fadeInLeft&quot;,&quot;_animation_delay&quot;:0}\" data-widget_type=\"text-editor.default\">\n\t\t\t\t<div class=\"elementor-widget-container\">\n\t\t\t\t\t\t\t<p>Im Alltag Maske tragen \u2194 G\u00fcnl\u00fck maske tak\u0131n \u00a0 \u00a0<\/p>\t\t\t\t\t\t<\/div>\n\t\t\t\t<\/div>\n\t\t\t\t<div class=\"elementor-element elementor-element-e978d1f elementor-align-center elementor-invisible elementor-widget elementor-widget-button\" data-id=\"e978d1f\" data-element_type=\"widget\" data-settings=\"{&quot;_animation&quot;:&quot;fadeInUp&quot;}\" data-widget_type=\"button.default\">\n\t\t\t\t<div class=\"elementor-widget-container\">\n\t\t\t\t\t<div class=\"elementor-button-wrapper\">\n\t\t\t<a href=\"http:\/\/covid-19-bilgi.de\/aha-formulu\/\" class=\"elementor-button-link elementor-button elementor-size-md elementor-animation-grow\" role=\"button\">\n\t\t\t\t\t\t<span class=\"elementor-button-content-wrapper\">\n\t\t\t\t\t\t<span class=\"elementor-button-text\">F\u00fcr mehr Informationen klicken Sie hier!<\/span>\n\t\t<\/span>\n\t\t\t\t\t<\/a>\n\t\t<\/div>\n\t\t\t\t<\/div>\n\t\t\t\t<\/div>\n\t\t\t\t<div class=\"elementor-element elementor-element-4ce1e9 elementor-widget elementor-widget-spacer\" data-id=\"4ce1e9\" data-element_type=\"widget\" data-widget_type=\"spacer.default\">\n\t\t\t\t<div class=\"elementor-widget-container\">\n\t\t\t\t\t<div class=\"elementor-spacer\">\n\t\t\t<div class=\"elementor-spacer-inner\"><\/div>\n\t\t<\/div>\n\t\t\t\t<\/div>\n\t\t\t\t<\/div>\n\t\t\t\t\t<\/div>\n\t\t<\/div>\n\t\t\t\t\t\t\t<\/div>\n\t\t<\/section>\n\t\t\t\t<section class=\"elementor-section elementor-top-section elementor-element elementor-element-3d27a024 elementor-section-boxed elementor-section-height-default elementor-section-height-default\" data-id=\"3d27a024\" data-element_type=\"section\" data-settings=\"{&quot;background_background&quot;:&quot;classic&quot;}\">\n\t\t\t\t\t\t<div class=\"elementor-container elementor-column-gap-default\">\n\t\t\t\t\t<div class=\"elementor-column elementor-col-100 elementor-top-column elementor-element elementor-element-50882a2a\" data-id=\"50882a2a\" data-element_type=\"column\">\n\t\t\t<div class=\"elementor-widget-wrap elementor-element-populated\">\n\t\t\t\t\t\t\t\t<div class=\"elementor-element elementor-element-17cf31a elementor-widget elementor-widget-spacer\" data-id=\"17cf31a\" data-element_type=\"widget\" data-widget_type=\"spacer.default\">\n\t\t\t\t<div class=\"elementor-widget-container\">\n\t\t\t\t\t<div class=\"elementor-spacer\">\n\t\t\t<div class=\"elementor-spacer-inner\"><\/div>\n\t\t<\/div>\n\t\t\t\t<\/div>\n\t\t\t\t<\/div>\n\t\t\t\t<div class=\"elementor-element elementor-element-33025987 elementor-widget elementor-widget-text-editor\" data-id=\"33025987\" data-element_type=\"widget\" data-widget_type=\"text-editor.default\">\n\t\t\t\t<div class=\"elementor-widget-container\">\n\t\t\t\t\t\t\t<p>Geh\u00f6ren Sie zur Risikogruppe?<\/p>\t\t\t\t\t\t<\/div>\n\t\t\t\t<\/div>\n\t\t\t\t<div class=\"elementor-element elementor-element-65bca31c elementor-widget elementor-widget-text-editor\" data-id=\"65bca31c\" data-element_type=\"widget\" data-widget_type=\"text-editor.default\">\n\t\t\t\t<div class=\"elementor-widget-container\">\n\t\t\t\t\t\t\t<p>Grunds\u00e4tzlich sind alle Menschen, deren Abwehrkr\u00e4fte geschw\u00e4cht sind, einem erh\u00f6hten Risiko f\u00fcr einen schweren Verlauf ausgesetzt. Da das Immunsystem mit zunehmendem Alter schw\u00e4cher wird, ist h\u00f6heres Alter ein Risikofaktor. Auch bestimmte Vorerkrankungen machen es wahrscheinlicher, dass die Infektion einen schwereren Verlauf nimmt. Dazu geh\u00f6ren: chronische Erkrankungen der Atemwege oder der Lunge (wie etwa COPD oder Asthma), Herzerkrankungen, Bluthochdruck, Krebserkrankungen, Diabetes mellitus (Zuckerkrankheit), schwere Depressionen und bipolare St\u00f6rungen. Weitere Faktoren, die den Krankheitsverlauf negativ beeinflussen k\u00f6nnen, finden Sie hier. Um sich dem Risiko schwerer Folgen einer COVID-19-Erkrankung erst gar nicht auszusetzen, ist es umso wichtiger, dass sich Personen aus der Risikogruppe fr\u00fchzeitig impfen lassen denn die Corona-Schutzimpfung beugt einem schweren Krankheitsverlauf vor.<\/p>\t\t\t\t\t\t<\/div>\n\t\t\t\t<\/div>\n\t\t\t\t<div class=\"elementor-element elementor-element-119e3e6 elementor-widget elementor-widget-text-editor\" data-id=\"119e3e6\" data-element_type=\"widget\" data-widget_type=\"text-editor.default\">\n\t\t\t\t<div class=\"elementor-widget-container\">\n\t\t\t\t\t\t\t<p>Stand<em> 05.2021,<\/em> Quelle: Bundesministerium f\u00fcr Gesundheit<\/p>\t\t\t\t\t\t<\/div>\n\t\t\t\t<\/div>\n\t\t\t\t\t<\/div>\n\t\t<\/div>\n\t\t\t\t\t\t\t<\/div>\n\t\t<\/section>\n\t\t\t\t\t\t\t<\/div>","protected":false},"excerpt":{"rendered":"<p>Pandemiyle M\u00fccadele Bula\u015fma Yollar\u0131 Koronavir\u00fcs ki\u015fiden ki\u015fiye bula\u015f\u0131r. Koronavir\u00fcs \u00e7e\u015fitli yollardan bula\u015fsa da esas olarak solunum yolu yoluyla bula\u015f\u0131r. Enfeksiyon riski de \u00e7e\u015fitli fakt\u00f6rlere ba\u011fl\u0131d\u0131r. \u00d6rne\u011fin, enfekte ki\u015finin salg\u0131lad\u0131\u011f\u0131 vir\u00fcs partik\u00fcllerinin miktar\u0131, enfeksiyon riskinin artmas\u0131nda bir fakt\u00f6rd\u00fcr. Hasta bir ki\u015fiyle temas s\u00fcresi temas\u0131n nerede oldu\u011fu da belirleyici olabilir. Koronavir\u00fcs bula\u015fma riski, kapal\u0131 alanlarda temiz havaya [&hellip;]<\/p>","protected":false},"author":1,"featured_media":0,"parent":0,"menu_order":0,"comment_status":"closed","ping_status":"closed","template":"","meta":[],"_links":{"self":[{"href":"https:\/\/covid-19-bilgi.de\/de\/wp-json\/wp\/v2\/pages\/1227"}],"collection":[{"href":"https:\/\/covid-19-bilgi.de\/de\/wp-json\/wp\/v2\/pages"}],"about":[{"href":"https:\/\/covid-19-bilgi.de\/de\/wp-json\/wp\/v2\/types\/page"}],"author":[{"embeddable":true,"href":"https:\/\/covid-19-bilgi.de\/de\/wp-json\/wp\/v2\/users\/1"}],"replies":[{"embeddable":true,"href":"https:\/\/covid-19-bilgi.de\/de\/wp-json\/wp\/v2\/comments?post=1227"}],"version-history":[{"count":101,"href":"https:\/\/covid-19-bilgi.de\/de\/wp-json\/wp\/v2\/pages\/1227\/revisions"}],"predecessor-version":[{"id":8240,"href":"https:\/\/covid-19-bilgi.de\/de\/wp-json\/wp\/v2\/pages\/1227\/revisions\/8240"}],"wp:attachment":[{"href":"https:\/\/covid-19-bilgi.de\/de\/wp-json\/wp\/v2\/media?parent=1227"}],"curies":[{"name":"wp","href":"https:\/\/api.w.org\/{rel}","templated":true}]}}